{"id":706,"date":"2024-11-06T02:46:16","date_gmt":"2024-11-06T01:46:16","guid":{"rendered":"https:\/\/www.happydog-club.com\/?post_type=product&#038;p=706"},"modified":"2026-05-17T00:00:10","modified_gmt":"2026-05-16T22:00:10","slug":"royal-canin-persian-400g","status":"publish","type":"product","link":"https:\/\/www.happydog-club.com\/en\/p\/royal-canin-persian-400g\/","title":{"rendered":"ROYAL CANIN PERSIAN 400G"},"content":{"rendered":"<p class=\"hdopro\">Feline Breed Nutrition Adult Persian je balansirana formula sa kombinacijom hranjivih materija potrebnih dlaci i ko\u017ei. Olak\u0161ava transport hrane i elimini\u0161e loptice dlake zahvaljuju\u0107i jedinstvenoj kombinaciji vlakana koja uklju\u010duju viskozna i nerastvorljiva vlakna. Zahvaljuju\u0107i visokom stepenu svarljivosti hranljivih materija sistem varenja je stabilan, a feces dobrog kvaliteta. Obezbe\u0111uje gustinu, punu meko\u0107u i sjaj dlake zahvaljuju\u0107i jedinstvenom kompleksu aktivnih hranjivih sastojaka (ulje bora\u010da, EPA, DHA i vitamini). Veli\u010dina, oblik i povr\u0161ina granula odgovara specifi\u010dnoj brahicefalnoj vilici persijske ma\u010dke tako da obezbe\u0111uje lako uzimanje hrane. Optimizuje ja\u010dinu prirodne pigmentacije dlake.<\/p>\n<p class=\"hdopro\"><strong>SASTAV:<\/strong><br \/>\ndehidrirano \u017eivinsko meso, kukuruzni gluten, sr\u017e cvekle, pirina\u010d, kukuruzno bra\u0161no, izolat biljnih proteina, seme bokvice, hidrolizovani animalni protein, L-lizin, \u017eivotinjske masti, taurin, riblje ulje, natrijum-fosfat, sojino ulje, jaja u prahu, frukto-oligosaharidi, DL-metionin, hidrolizovani ekstrakt kvasca (izvor manan-oligosaharida), ulje bora\u010da, ekstrakt nevena (izvor luteina), minerali, vitamini. DODACI po kg: vitamin A 25.100 IJ, vitamin D3 800 IJ, vitamin C 200 mg, E1 (gvo\u017e\u0111e) 41 mg, E2 (jod) 2,9 mg, E4 (bakar) 9 mg, E5 (mangan) 54 mg, E6 (cink) 204 mg, E8 (selen) 0,1 mg, L-lizin 15,9 g.Konzervans: kalijum sorbat (E202).Antioksidansi: galatni propil (E310), BHA (E320).<\/p>\n<p class=\"hdopro\"><strong>ANALITI\u010cKI SASTAV:<\/strong><br \/>\nsirovi proteini 30%, sirove masti 22%, sirovi pepeo 6,6%, sirova vlakna 5,4%. Bakar (sulfat bakra i helatni bakar) 23 mg.<\/p>\n<p class=\"\" data-start=\"1155\" data-end=\"1181\"><strong data-start=\"1155\" data-end=\"1181\">Preporuka za hranjenje<\/strong><\/p>\n<div class=\"overflow-x-auto contain-inline-size\">\n<table data-start=\"1183\" data-end=\"2222\">\n<thead data-start=\"1183\" data-end=\"1256\">\n<tr data-start=\"1183\" data-end=\"1256\">\n<th data-start=\"1183\" data-end=\"1198\">Te\u017eina ma\u010dke<\/th>\n<th data-start=\"1198\" data-end=\"1216\">Niska aktivnost<\/th>\n<th data-start=\"1216\" data-end=\"1236\">Umerena aktivnost<\/th>\n<th data-start=\"1236\" data-end=\"1256\">Visoka aktivnost<\/th>\n<\/tr>\n<\/thead>\n<tbody data-start=\"1329\" data-end=\"2222\">\n<tr data-start=\"1329\" data-end=\"1540\">\n<td><span class=\"relative -mx-px my-[-0.2rem] rounded px-px py-[0.2rem]\">3 kg<\/span><\/td>\n<td><span class=\"relative -mx-px my-[-0.2rem] rounded px-px py-[0.2rem]\">33 g<\/span><\/td>\n<td><span class=\"relative -mx-px my-[-0.2rem] rounded px-px py-[0.2rem]\">41 g<\/span><\/td>\n<td><span class=\"relative -mx-px my-[-0.2rem] rounded px-px py-[0.2rem]\">48 g<\/span><\/td>\n<\/tr>\n<tr data-start=\"1541\" data-end=\"1752\">\n<td><span class=\"relative -mx-px my-[-0.2rem] rounded px-px py-[0.2rem]\">4 kg<\/span><\/td>\n<td><span class=\"relative -mx-px my-[-0.2rem] rounded px-px py-[0.2rem]\">40 g<\/span><\/td>\n<td><span class=\"relative -mx-px my-[-0.2rem] rounded px-px py-[0.2rem]\">50 g<\/span><\/td>\n<td><span class=\"relative -mx-px my-[-0.2rem] rounded px-px py-[0.2rem]\">59 g<\/span><\/td>\n<\/tr>\n<tr data-start=\"1753\" data-end=\"1964\">\n<td><span class=\"relative -mx-px my-[-0.2rem] rounded px-px py-[0.2rem]\">5 kg<\/span><\/td>\n<td><span class=\"relative -mx-px my-[-0.2rem] rounded px-px py-[0.2rem]\">47 g<\/span><\/td>\n<td><span class=\"relative -mx-px my-[-0.2rem] rounded px-px py-[0.2rem]\">59 g<\/span><\/td>\n<td><span class=\"relative -mx-px my-[-0.2rem] rounded px-px py-[0.2rem]\">70 g<\/span><\/td>\n<\/tr>\n<tr data-start=\"1965\" data-end=\"2222\">\n<td><span class=\"relative -mx-px my-[-0.2rem] rounded px-px py-[0.2rem]\">6 kg<\/span><\/td>\n<td><span class=\"relative -mx-px my-[-0.2rem] rounded px-px py-[0.2rem]\">54 g<\/span><\/td>\n<td><span class=\"relative -mx-px my-[-0.2rem] rounded px-px py-[0.2rem]\">67 g<\/span><\/td>\n<td><span class=\"relative -mx-px my-[-0.2rem] rounded px-px py-[0.2rem]\">80 g<\/span><\/td>\n<\/tr>\n<\/tbody>\n<\/table>\n<\/div>\n","protected":false},"excerpt":{"rendered":"<p class=\"\" data-start=\"203\" data-end=\"290\"><strong>Podr\u017eava zdravlje duge i guste dlake zahvaljuju\u0107i omega-3 i omega-6 masnim kiselinama\u200b<\/strong><\/p>\n<p class=\"\" data-start=\"292\" data-end=\"361\"><strong>\u200bSmanjuje formiranje kuglica dlake uz pomo\u0107 posebne me\u0161avine vlakana\u200b<\/strong><\/p>\n<p class=\"\" data-start=\"363\" data-end=\"424\"><strong>\u200bPodr\u017eava varenje kroz visokosvarljive proteine i prebiotike\u200b<\/strong><\/p>\n<p class=\"\" data-start=\"426\" data-end=\"511\"><strong>\u200bPosebno oblikovana granula \u2013 lak\u0161a za hvatanje i \u017evakanje kod brahiocefali\u010dnih rasa\u200b<\/strong><\/p>\n<p class=\"\" data-start=\"513\" data-end=\"596\">\u200bPakovanje od 400g \u2013 idealno za probu ili kao sve\u017ea porcija za svakodnevnu ishranu\u200b<\/p>\n<p class=\"\" data-start=\"598\" data-end=\"724\">Ako imate odraslu persijsku ma\u010dku, ova hrana je formulisana upravo za njene posebne potrebe \u2013 od strukture dlake do varenja.<\/p>\n<p class=\"\" data-start=\"726\" data-end=\"813\"><strong data-start=\"726\" data-end=\"813\">Naru\u010dite odmah i obezbedite svom ljubimcu kompletnu i pa\u017eljivo prilago\u0111enu ishranu!<\/strong><\/p>","protected":false},"featured_media":16622,"comment_status":"open","ping_status":"closed","template":"","meta":{"_acf_changed":false},"product_brand":[],"product_cat":[38,37,39],"product_tag":[],"class_list":{"0":"post-706","1":"product","2":"type-product","3":"status-publish","4":"has-post-thumbnail","6":"product_cat-granule-za-macke","7":"product_cat-hrana-za-macke","8":"product_cat-royal-canin-hrana-za-macke","10":"first","11":"instock","12":"purchasable","13":"product-type-simple"},"acf":[],"seolaxy_ctr_woo_product_custom_meta_description_content":"","_links":{"self":[{"href":"https:\/\/www.happydog-club.com\/en\/wp-json\/wp\/v2\/product\/706","targetHints":{"allow":["GET"]}}],"collection":[{"href":"https:\/\/www.happydog-club.com\/en\/wp-json\/wp\/v2\/product"}],"about":[{"href":"https:\/\/www.happydog-club.com\/en\/wp-json\/wp\/v2\/types\/product"}],"replies":[{"embeddable":true,"href":"https:\/\/www.happydog-club.com\/en\/wp-json\/wp\/v2\/comments?post=706"}],"version-history":[{"count":2,"href":"https:\/\/www.happydog-club.com\/en\/wp-json\/wp\/v2\/product\/706\/revisions"}],"predecessor-version":[{"id":19775,"href":"https:\/\/www.happydog-club.com\/en\/wp-json\/wp\/v2\/product\/706\/revisions\/19775"}],"wp:featuredmedia":[{"embeddable":true,"href":"https:\/\/www.happydog-club.com\/en\/wp-json\/wp\/v2\/media\/16622"}],"wp:attachment":[{"href":"https:\/\/www.happydog-club.com\/en\/wp-json\/wp\/v2\/media?parent=706"}],"wp:term":[{"taxonomy":"product_brand","embeddable":true,"href":"https:\/\/www.happydog-club.com\/en\/wp-json\/wp\/v2\/product_brand?post=706"},{"taxonomy":"product_cat","embeddable":true,"href":"https:\/\/www.happydog-club.com\/en\/wp-json\/wp\/v2\/product_cat?post=706"},{"taxonomy":"product_tag","embeddable":true,"href":"https:\/\/www.happydog-club.com\/en\/wp-json\/wp\/v2\/product_tag?post=706"}],"curies":[{"name":"wp","href":"https:\/\/api.w.org\/{rel}","templated":true}]}}