{"id":925,"date":"2024-11-06T02:46:37","date_gmt":"2024-11-06T01:46:37","guid":{"rendered":"https:\/\/www.happydog-club.com\/?post_type=product&#038;p=925"},"modified":"2026-05-17T12:00:05","modified_gmt":"2026-05-17T10:00:05","slug":"nd-ancestral-grain-za-sterilisane-macke-piletina-i-nar-1-5kg","status":"publish","type":"product","link":"https:\/\/www.happydog-club.com\/en\/p\/nd-ancestral-grain-za-sterilisane-macke-piletina-i-nar-1-5kg\/","title":{"rendered":"ND LG CAT 1.5 KG FOR SPAYED\/NEUTERED"},"content":{"rendered":"<p>HDC<\/p>","protected":false},"excerpt":{"rendered":"<p class=\"\" data-start=\"291\" data-end=\"715\">\ud83d\udc3e Piletina \u2013 visokokvalitetan, lako svarljiv protein za o\u010duvanje mi\u0161i\u0107ne mase<br data-start=\"369\" data-end=\"372\" \/>\ud83d\udc3e Drevne \u017eitarice (je\u010dam i ovas) \u2013 stabilan izvor energije sa niskim glikemijskim indeksom<br data-start=\"463\" data-end=\"466\" \/>\ud83d\udc3e Nar \u2013 prirodan antioksidans za ja\u010di imunitet i zdrav mokra\u0107ni trakt<br data-start=\"536\" data-end=\"539\" \/>\ud83d\udc3e Kontrolisan nivo masti i kalorija \u2013 poma\u017ee u odr\u017eavanju idealne telesne te\u017eine<br data-start=\"620\" data-end=\"623\" \/>\ud83d\udc3e Pakovanje od 1.5kg \u2013 prakti\u010dna koli\u010dina za svakodnevnu kontrolu te\u017eine i sve\u017einu obroka<\/p>\n<p class=\"\" data-start=\"717\" data-end=\"915\"><strong data-start=\"717\" data-end=\"772\">N&amp;D Ancestral Grain Sterilised Cat \u2013 Piletina i Nar<\/strong> je posebno formulisana suva hrana za <strong data-start=\"810\" data-end=\"831\">sterilisane ma\u010dke<\/strong>, kod kojih je va\u017eno odr\u017eavanje zdrave telesne mase i prevencija urinarnih problema.<\/p>\n<p class=\"\" data-start=\"917\" data-end=\"1031\">\ud83d\udc49 Poru\u010dite odmah i pru\u017eite svojoj ma\u010dki obrok koji kombinuje vrhunski kvalitet mesa i pa\u017eljivo odabrane \u017eitarice!<\/p>","protected":false},"featured_media":16630,"comment_status":"open","ping_status":"closed","template":"","meta":{"_acf_changed":false},"product_brand":[],"product_cat":[485,494],"product_tag":[],"class_list":{"0":"post-925","1":"product","2":"type-product","3":"status-publish","4":"has-post-thumbnail","6":"product_cat-hrana-za-mace","7":"product_cat-plus-plus","9":"first","10":"instock","11":"purchasable","12":"product-type-simple"},"acf":[],"seolaxy_ctr_woo_product_custom_meta_description_content":"","_links":{"self":[{"href":"https:\/\/www.happydog-club.com\/en\/wp-json\/wp\/v2\/product\/925","targetHints":{"allow":["GET"]}}],"collection":[{"href":"https:\/\/www.happydog-club.com\/en\/wp-json\/wp\/v2\/product"}],"about":[{"href":"https:\/\/www.happydog-club.com\/en\/wp-json\/wp\/v2\/types\/product"}],"replies":[{"embeddable":true,"href":"https:\/\/www.happydog-club.com\/en\/wp-json\/wp\/v2\/comments?post=925"}],"version-history":[{"count":3,"href":"https:\/\/www.happydog-club.com\/en\/wp-json\/wp\/v2\/product\/925\/revisions"}],"predecessor-version":[{"id":27255,"href":"https:\/\/www.happydog-club.com\/en\/wp-json\/wp\/v2\/product\/925\/revisions\/27255"}],"wp:featuredmedia":[{"embeddable":true,"href":"https:\/\/www.happydog-club.com\/en\/wp-json\/wp\/v2\/media\/16630"}],"wp:attachment":[{"href":"https:\/\/www.happydog-club.com\/en\/wp-json\/wp\/v2\/media?parent=925"}],"wp:term":[{"taxonomy":"product_brand","embeddable":true,"href":"https:\/\/www.happydog-club.com\/en\/wp-json\/wp\/v2\/product_brand?post=925"},{"taxonomy":"product_cat","embeddable":true,"href":"https:\/\/www.happydog-club.com\/en\/wp-json\/wp\/v2\/product_cat?post=925"},{"taxonomy":"product_tag","embeddable":true,"href":"https:\/\/www.happydog-club.com\/en\/wp-json\/wp\/v2\/product_tag?post=925"}],"curies":[{"name":"wp","href":"https:\/\/api.w.org\/{rel}","templated":true}]}}