{"id":926,"date":"2024-11-06T02:46:37","date_gmt":"2024-11-06T01:46:37","guid":{"rendered":"https:\/\/www.happydog-club.com\/?post_type=product&#038;p=926"},"modified":"2026-05-17T12:00:05","modified_gmt":"2026-05-17T10:00:05","slug":"nd-prime-kitten-piletina-i-nar-300g","status":"publish","type":"product","link":"https:\/\/www.happydog-club.com\/en\/p\/nd-prime-kitten-piletina-i-nar-300g\/","title":{"rendered":"ND GF CAT 300 GR KITTEN"},"content":{"rendered":"<p>HDC<\/p>","protected":false},"excerpt":{"rendered":"<p>\ud83d\udc3e Sve\u017ea piletina \u2013 bogat izvor lako svarljivih proteina za pravilan rast<br \/>\n\ud83d\udc3e Nar \u2013 prirodan antioksidans za ja\u010danje imunog sistema i zdravlje \u0107elija<br \/>\n\ud83d\udc3e Bez \u017eitarica \u2013 idealno za ne\u017ean digestivni sistem ma\u010di\u0107a<br \/>\n\ud83d\udc3e Oboga\u0107eno vitaminima, mineralima i omega masnim kiselinama<br \/>\n\ud83d\udc3e Pakovanje od 300g \u2013 savr\u0161eno za probu, putovanja ili kontrolisanu sve\u017einu obroka<\/p>\n<p>N&amp;D Prime Kitten \u2013 Piletina i Nar je vrhunska suva hrana bez \u017eitarica, posebno formulisana za ma\u010di\u0107e od odvikavanja do 12 meseci starosti, kao i za skotne i dojilje.<\/p>\n<p>\ud83d\udc49 Poru\u010dite odmah i obezbedite svom ma\u010detu zdrav po\u010detak \u017eivota uz kvalitetnu, ukusnu i funkcionalnu ishranu!<\/p>","protected":false},"featured_media":16477,"comment_status":"open","ping_status":"closed","template":"","meta":{"_acf_changed":false},"product_brand":[],"product_cat":[485,494],"product_tag":[],"class_list":{"0":"post-926","1":"product","2":"type-product","3":"status-publish","4":"has-post-thumbnail","6":"product_cat-hrana-za-mace","7":"product_cat-plus-plus","9":"first","10":"instock","11":"purchasable","12":"product-type-simple"},"acf":[],"seolaxy_ctr_woo_product_custom_meta_description_content":"","_links":{"self":[{"href":"https:\/\/www.happydog-club.com\/en\/wp-json\/wp\/v2\/product\/926","targetHints":{"allow":["GET"]}}],"collection":[{"href":"https:\/\/www.happydog-club.com\/en\/wp-json\/wp\/v2\/product"}],"about":[{"href":"https:\/\/www.happydog-club.com\/en\/wp-json\/wp\/v2\/types\/product"}],"replies":[{"embeddable":true,"href":"https:\/\/www.happydog-club.com\/en\/wp-json\/wp\/v2\/comments?post=926"}],"version-history":[{"count":3,"href":"https:\/\/www.happydog-club.com\/en\/wp-json\/wp\/v2\/product\/926\/revisions"}],"predecessor-version":[{"id":27246,"href":"https:\/\/www.happydog-club.com\/en\/wp-json\/wp\/v2\/product\/926\/revisions\/27246"}],"wp:featuredmedia":[{"embeddable":true,"href":"https:\/\/www.happydog-club.com\/en\/wp-json\/wp\/v2\/media\/16477"}],"wp:attachment":[{"href":"https:\/\/www.happydog-club.com\/en\/wp-json\/wp\/v2\/media?parent=926"}],"wp:term":[{"taxonomy":"product_brand","embeddable":true,"href":"https:\/\/www.happydog-club.com\/en\/wp-json\/wp\/v2\/product_brand?post=926"},{"taxonomy":"product_cat","embeddable":true,"href":"https:\/\/www.happydog-club.com\/en\/wp-json\/wp\/v2\/product_cat?post=926"},{"taxonomy":"product_tag","embeddable":true,"href":"https:\/\/www.happydog-club.com\/en\/wp-json\/wp\/v2\/product_tag?post=926"}],"curies":[{"name":"wp","href":"https:\/\/api.w.org\/{rel}","templated":true}]}}