{"id":996,"date":"2024-11-06T02:46:43","date_gmt":"2024-11-06T01:46:43","guid":{"rendered":"https:\/\/www.happydog-club.com\/?post_type=product&#038;p=996"},"modified":"2026-05-17T00:00:13","modified_gmt":"2026-05-16T22:00:13","slug":"natures-protection-sterilised-za-mace-400g","status":"publish","type":"product","link":"https:\/\/www.happydog-club.com\/en\/p\/natures-protection-sterilised-za-mace-400g\/","title":{"rendered":"NATURE&#8217;S PROTECTION STERILISED ZA MACE 400G"},"content":{"rendered":"<p class=\"hdopro\">Kompletna suva hrana namenjena ishrani odraslih sterilisanih\/kastriranih ma\u010daka\/ma\u010dora starijih od 1 godine.- Ukusna, 100% kompleta i izbalansirana hrana sa smanjenim nivoom masno\u0107e i L-karnitinom kako bi se spre\u010dila gojaznost i pove\u0107ana telesna te\u017eina kod ma\u010daka nakon sterilzacije- Proteini \u017eivotinjskog porekla obezbe\u0111uju kompaktnu mi\u0161i\u0107nu masu i optimalnu kiselost urina- Prirodni anti-oksidansi potpoma\u017eu prirodni imuno-sistem ma\u010daka- Sadr\u017ei nutritiente koji potpoma\u017eu otipmalno funkcionisanje digestivnog trakta<\/p>\n<p class=\"hdopro\"><strong>SASTAV:<\/strong><br \/>\nMeso i proizvodi \u017eivinskog mesa, pirina\u010d, kukuruz, kukuruzni gluten, \u017eivinska mast, pulpa \u0161e\u0107erne repice, celuloza, dinami\u010dki mikronizovani klinoptilolit 1%, ekstakt juke, pivski kvasac, ekstrakt cikorije, derivati ribe, su\u0161ena jaja, manan-oligosaharidi ( MOS ), nevenDodaci po 1kg proizvoda: vitamin A (3a672a) \u2013 25000 IU, vitamin D3 (3a671) \u2013 1875 IU, vitamin E (3a700) \u2013 688 mg, gvo\u017e\u0111e(II) sulfat monohidrat (3b103) \u2013 62,5 mg, kalcijum jod anhidrozis (3b202) \u2013 1,9 mg, bakar(II) sulfat pentahidrat (3b405) \u2013 6,3 mg, mangan sulfat monohidrat (3b503) \u2013 25 mg, cink sulpfat monohidrat (3b605) \u2013 143,7 mg, natrijum selenit (3b801) \u2013 0,125 mg, taurin (3a370) \u2013 1250mg, L-karnitin (3a910) \u2013100 mg, DL-metionine, tehni\u010dki \u010dist (3c301) \u2013 5 g., Tehnolo\u0161ki adodaci: ekstrakt ruzmarina, ekstrakt tokoferola iz biljnih ulja (1b306(i)).<\/p>\n<p class=\"hdopro\"><strong>ANALITI\u010cKI SASTAV:<\/strong><br \/>\nsirovi proteini 32%, sirova vlakna 3,8%, sirova ulja I masti 11%, sirovi pepeo 6%, kalcijum 0,9%, fosfor 0,75%,kalijum 0,9%,natrijum 0,5%,magnezijum 0,06%, Omega3 masne kiseline 0,24%, Omega6 masne kiseline 2,58%<\/p>","protected":false},"excerpt":{"rendered":"<p>Kompletna suva hrana namenjena ishrani odraslih sterilisanih\/kastriranih ma\u010daka\/ma\u010dora starijih od 1 godine.- Ukusna, 100% kompleta i izbalansirana hrana sa smanjenim nivoom masno\u0107e i L-karnitinom kako bi se spre\u010dila gojaznost i pove\u0107ana telesna te\u017eina kod ma\u010daka nakon sterilzacije- Proteini \u017eivotinjskog porekla obezbe\u0111uju kompaktnu mi\u0161i\u0107nu masu i optimalnu kiselost urina- Prirodni anti-oksidansi potpoma\u017eu prirodni imuno-sistem ma\u010daka- Sadr\u017ei [&hellip;]<\/p>\n","protected":false},"featured_media":16628,"comment_status":"open","ping_status":"closed","template":"","meta":{"_acf_changed":false},"product_brand":[],"product_cat":[38,37],"product_tag":[],"class_list":{"0":"post-996","1":"product","2":"type-product","3":"status-publish","4":"has-post-thumbnail","6":"product_cat-granule-za-macke","7":"product_cat-hrana-za-macke","9":"first","10":"instock","11":"purchasable","12":"product-type-simple"},"acf":[],"seolaxy_ctr_woo_product_custom_meta_description_content":"","_links":{"self":[{"href":"https:\/\/www.happydog-club.com\/en\/wp-json\/wp\/v2\/product\/996","targetHints":{"allow":["GET"]}}],"collection":[{"href":"https:\/\/www.happydog-club.com\/en\/wp-json\/wp\/v2\/product"}],"about":[{"href":"https:\/\/www.happydog-club.com\/en\/wp-json\/wp\/v2\/types\/product"}],"replies":[{"embeddable":true,"href":"https:\/\/www.happydog-club.com\/en\/wp-json\/wp\/v2\/comments?post=996"}],"version-history":[{"count":1,"href":"https:\/\/www.happydog-club.com\/en\/wp-json\/wp\/v2\/product\/996\/revisions"}],"predecessor-version":[{"id":19924,"href":"https:\/\/www.happydog-club.com\/en\/wp-json\/wp\/v2\/product\/996\/revisions\/19924"}],"wp:featuredmedia":[{"embeddable":true,"href":"https:\/\/www.happydog-club.com\/en\/wp-json\/wp\/v2\/media\/16628"}],"wp:attachment":[{"href":"https:\/\/www.happydog-club.com\/en\/wp-json\/wp\/v2\/media?parent=996"}],"wp:term":[{"taxonomy":"product_brand","embeddable":true,"href":"https:\/\/www.happydog-club.com\/en\/wp-json\/wp\/v2\/product_brand?post=996"},{"taxonomy":"product_cat","embeddable":true,"href":"https:\/\/www.happydog-club.com\/en\/wp-json\/wp\/v2\/product_cat?post=996"},{"taxonomy":"product_tag","embeddable":true,"href":"https:\/\/www.happydog-club.com\/en\/wp-json\/wp\/v2\/product_tag?post=996"}],"curies":[{"name":"wp","href":"https:\/\/api.w.org\/{rel}","templated":true}]}}