{"id":1145,"date":"2024-11-06T02:46:58","date_gmt":"2024-11-06T01:46:58","guid":{"rendered":"https:\/\/www.happydog-club.com\/?post_type=product&#038;p=1145"},"modified":"2026-05-17T12:00:05","modified_gmt":"2026-05-17T10:00:05","slug":"nd-prime-feline-jagnjetina-i-borovnica-bez-zitarica-300g","status":"publish","type":"product","link":"https:\/\/www.happydog-club.com\/ru\/p\/nd-prime-feline-jagnjetina-i-borovnica-bez-zitarica-300g\/","title":{"rendered":"ND GF CAT 300 GR JAGNJ+BOROVN"},"content":{"rendered":"<p>HDC<\/p>","protected":false},"excerpt":{"rendered":"<p>\ud83d\udc3e Jagnjetina \u2013 bogat, lako svarljiv izvor proteina za sna\u017ene mi\u0161i\u0107e i energiju<br \/>\n\ud83d\udc3e Borovnica \u2013 prirodan antioksidans za ja\u010di imunitet i zdrav mokra\u0107ni trakt<br \/>\n\ud83d\udc3e Bez \u017eitarica \u2013 pogodna za ma\u010dke sa osetljivim varenjem ili intolerancijama<br \/>\n\ud83d\udc3e Oboga\u0107eno biljnim ekstraktima, vitaminima i mineralima za op\u0161tu vitalnost<br \/>\n\ud83d\udc3e Pakovanje od 300g \u2013 idealno za probu, manje ma\u010dke ili odr\u017eavanje sve\u017eine<\/p>\n<p>N&amp;D Prime Feline Jagnjetina i Borovnica je potpuna, visokoproteinska suva hrana za odrasle ma\u010dke, napravljena bez \u017eitarica i bez kompromisa u kvalitetu.<\/p>\n<p>\ud83d\udc49 Poru\u010dite odmah i obradujte svoju ma\u010dku obrokom bogatim ukusom i funkcionalnim benefitima!<\/p>","protected":false},"featured_media":16550,"comment_status":"open","ping_status":"closed","template":"","meta":{"_acf_changed":false},"product_brand":[],"product_cat":[485,494],"product_tag":[],"class_list":{"0":"post-1145","1":"product","2":"type-product","3":"status-publish","4":"has-post-thumbnail","6":"product_cat-hrana-za-mace","7":"product_cat-plus-plus","9":"first","10":"instock","11":"purchasable","12":"product-type-simple"},"acf":[],"seolaxy_ctr_woo_product_custom_meta_description_content":"","_links":{"self":[{"href":"https:\/\/www.happydog-club.com\/ru\/wp-json\/wp\/v2\/product\/1145","targetHints":{"allow":["GET"]}}],"collection":[{"href":"https:\/\/www.happydog-club.com\/ru\/wp-json\/wp\/v2\/product"}],"about":[{"href":"https:\/\/www.happydog-club.com\/ru\/wp-json\/wp\/v2\/types\/product"}],"replies":[{"embeddable":true,"href":"https:\/\/www.happydog-club.com\/ru\/wp-json\/wp\/v2\/comments?post=1145"}],"version-history":[{"count":3,"href":"https:\/\/www.happydog-club.com\/ru\/wp-json\/wp\/v2\/product\/1145\/revisions"}],"predecessor-version":[{"id":27249,"href":"https:\/\/www.happydog-club.com\/ru\/wp-json\/wp\/v2\/product\/1145\/revisions\/27249"}],"wp:featuredmedia":[{"embeddable":true,"href":"https:\/\/www.happydog-club.com\/ru\/wp-json\/wp\/v2\/media\/16550"}],"wp:attachment":[{"href":"https:\/\/www.happydog-club.com\/ru\/wp-json\/wp\/v2\/media?parent=1145"}],"wp:term":[{"taxonomy":"product_brand","embeddable":true,"href":"https:\/\/www.happydog-club.com\/ru\/wp-json\/wp\/v2\/product_brand?post=1145"},{"taxonomy":"product_cat","embeddable":true,"href":"https:\/\/www.happydog-club.com\/ru\/wp-json\/wp\/v2\/product_cat?post=1145"},{"taxonomy":"product_tag","embeddable":true,"href":"https:\/\/www.happydog-club.com\/ru\/wp-json\/wp\/v2\/product_tag?post=1145"}],"curies":[{"name":"wp","href":"https:\/\/api.w.org\/{rel}","templated":true}]}}