{"id":1158,"date":"2024-11-06T02:46:59","date_gmt":"2024-11-06T01:46:59","guid":{"rendered":"https:\/\/www.happydog-club.com\/?post_type=product&#038;p=1158"},"modified":"2026-05-17T12:00:08","modified_gmt":"2026-05-17T10:00:08","slug":"hills-small-and-mini-adult-lamb-hrana-za-pse-1-5kg","status":"publish","type":"product","link":"https:\/\/www.happydog-club.com\/ru\/p\/hills-small-and-mini-adult-lamb-hrana-za-pse-1-5kg\/","title":{"rendered":"HILLS SMALL AND MINI ADULT LAMB HRANA ZA PSE 1.5KG"},"content":{"rendered":"<p class=\"\" data-start=\"866\" data-end=\"1202\">Psi malih rasa imaju jedinstvene nutritivne potrebe. Hill\u2019s Small &amp; Mini Adult sadr\u017ei <strong data-start=\"952\" data-end=\"982\">visokokvalitetnu janjetinu<\/strong> kao glavni izvor proteina \u2013 ne\u017enu za stomak, ali bogatu hranljivim materijama. Hrana je oboga\u0107ena <strong data-start=\"1081\" data-end=\"1101\">vitaminima C i E<\/strong>, antioksidansima i omega-6 masnim kiselinama koje podr\u017eavaju imunitet, zdravu ko\u017eu i sjajnu dlaku.<\/p>\n<p class=\"\" data-start=\"1204\" data-end=\"1414\">Granule su male veli\u010dine i posebno dizajnirane za lak\u0161e \u017evakanje i varenje kod malih rasa. Ova formula ne sadr\u017ei ve\u0161ta\u010dke dodatke, \u0161to je \u010dini odli\u010dnim izborom za svakodnevnu, dugoro\u010dnu ishranu odraslih pasa.<\/p>\n<p class=\"\" data-start=\"1416\" data-end=\"1528\">Idealna je za rase kao \u0161to su jork\u0161irski terijer, \u010divava, maltezer, patuljasti pudla i drugi psi te\u017eine do 10kg.<\/p>\n<p class=\"hdopro\">Jagnjetina, kukuruz, p\u0161enica, pivska ri\u017ea, \u017eivotinjska masno\u0107a, digest, biljno ulje, minerali, laneno seme, komine su\u0161ene raj\u010dice, suva pulpa citrusa, spana\u0107 u prahu.<\/p>\n<p class=\"hdopro\"><strong>ANALITI\u010cKI SASTAV:<\/strong><br \/>\nProteini 24.3Masno\u0107a 15,5ugljeni hidrati (NFE) 52.6Sirova vlakna 1.8Sirovi pepeo 5.8Kalcijum 0,85Fospohorus 0,75Kalijum 0,81Natrijum 0,32Magnezijum 0.108Vitamin A 12285 IU \/ kgVitamin C 125 ppmVitamin D 841 IU \/ kgVitamin E 613 IU \/ kgOmega-6-masne kiseline 3.72Beta-karoten 3,49 ppm<\/p>\n<h4 class=\"\" data-start=\"1562\" data-end=\"1610\">Preporuka za hranjenje (dnevna koli\u010dina):<\/h4>\n<div class=\"overflow-x-auto contain-inline-size\">\n<table data-start=\"1611\" data-end=\"1825\">\n<thead data-start=\"1611\" data-end=\"1645\">\n<tr data-start=\"1611\" data-end=\"1645\">\n<th data-start=\"1611\" data-end=\"1624\">Te\u017eina psa<\/th>\n<th data-start=\"1624\" data-end=\"1645\">Dnevna koli\u010dina<\/th>\n<\/tr>\n<\/thead>\n<tbody data-start=\"1682\" data-end=\"1825\">\n<tr data-start=\"1682\" data-end=\"1717\">\n<td>2.5 kg<\/td>\n<td>60 \u2013 80 g<\/td>\n<\/tr>\n<tr data-start=\"1718\" data-end=\"1753\">\n<td>5 kg<\/td>\n<td>95 \u2013 130 g<\/td>\n<\/tr>\n<tr data-start=\"1754\" data-end=\"1789\">\n<td>7.5 kg<\/td>\n<td>125 \u2013 170 g<\/td>\n<\/tr>\n<tr data-start=\"1790\" data-end=\"1825\">\n<td>10 kg<\/td>\n<td>155 \u2013 210 g<\/td>\n<\/tr>\n<\/tbody>\n<\/table>\n<\/div>\n<p class=\"\" data-start=\"1827\" data-end=\"1935\"><em data-start=\"1827\" data-end=\"1935\">Koli\u010dine su okvirne. Prilagoditi prema nivou aktivnosti i savetima veterinara. Uvek obezbediti sve\u017eu vodu.<\/em><\/p>\n<h4 class=\"\" data-start=\"1937\" data-end=\"1969\">Karakteristike proizvoda:<\/h4>\n<ul data-start=\"1970\" data-end=\"2242\">\n<li class=\"\" data-start=\"1970\" data-end=\"2026\">\n<p class=\"\" data-start=\"1972\" data-end=\"2026\"><strong data-start=\"1972\" data-end=\"1986\">Kategorija<\/strong>: Suva hrana za pse <strong data-start=\"2029\" data-end=\"2037\">Ukus<\/strong>: Janjetina \u2013 visoka prihvatljivost i lako varenje<\/p>\n<\/li>\n<li class=\"\" data-start=\"2090\" data-end=\"2167\">\n<p class=\"\" data-start=\"2092\" data-end=\"2167\"><strong data-start=\"2092\" data-end=\"2113\">Specijalna namena<\/strong>: Zdrava ko\u017ea i dlaka, jak imunitet, podr\u0161ka probavi<\/p>\n<\/li>\n<li class=\"\" data-start=\"2168\" data-end=\"2242\">\n<p class=\"\" data-start=\"2170\" data-end=\"2242\"><strong data-start=\"2170\" data-end=\"2192\">Veli\u010dina pakovanja<\/strong>: 1.5kg (idealno za male pse i redovnu upotrebu)<\/p>\n<\/li>\n<\/ul>\n<p class=\"\" data-start=\"2244\" data-end=\"2294\">\ud83d\udd17 Vi\u0161e informacija o brendu mo\u017eete prona\u0107i <a href=\"https:\/\/www.happydog-club.com\/ru\/c\/brendovi\/hills-hrana-za-pse\/\">ovde<\/a><\/p>\n<p>&nbsp;<\/p>","protected":false},"excerpt":{"rendered":"<p class=\"\" data-start=\"298\" data-end=\"580\">\ud83d\udc3e Sa pravom janjetinom \u2013 lako svarljivo i ne\u017eno prema stomaku<br data-start=\"360\" data-end=\"363\" \/>\ud83d\udc3e Podr\u017eava zdravu ko\u017eu, sjajnu dlaku i jak imunitet<br data-start=\"415\" data-end=\"418\" \/>\ud83d\udc3e Mini granule prilago\u0111ene vilici malih pasa<br data-start=\"463\" data-end=\"466\" \/>\ud83d\udc3e Bez ve\u0161ta\u010dkih aroma, boja i konzervanasa<br data-start=\"509\" data-end=\"512\" \/>\ud83d\udc3e Pakovanje od 1.5kg \u2013 idealno za svakodnevnu ishranu manjih rasa<\/p>\n<p class=\"\" data-start=\"582\" data-end=\"762\">Hill\u2019s Science Plan Small &amp; Mini Adult sa janjetinom je potpuna suva hrana za <strong data-start=\"660\" data-end=\"686\">odrasle pse malih rasa<\/strong>, formulisana da im pru\u017ei energiju, za\u0161titu i sjajan ukus u svakom zalogaju.<\/p>\n<p class=\"\" data-start=\"764\" data-end=\"848\"><strong data-start=\"764\" data-end=\"848\">Poru\u010dite odmah i obezbedite svom malom psu ishranu koja neguje iznutra i spolja!<\/strong><\/p>","protected":false},"featured_media":17281,"comment_status":"open","ping_status":"closed","template":"","meta":{"_acf_changed":false},"product_brand":[457],"product_cat":[27,31,49,30],"product_tag":[],"class_list":{"0":"post-1158","1":"product","2":"type-product","3":"status-publish","4":"has-post-thumbnail","6":"product_brand-hills","7":"product_cat-akcija","8":"product_cat-granule-za-pse","9":"product_cat-hills-hrana-za-pse","10":"product_cat-hrana-za-pse","12":"first","13":"instock","14":"purchasable","15":"product-type-simple"},"acf":[],"seolaxy_ctr_woo_product_custom_meta_description_content":"","_links":{"self":[{"href":"https:\/\/www.happydog-club.com\/ru\/wp-json\/wp\/v2\/product\/1158","targetHints":{"allow":["GET"]}}],"collection":[{"href":"https:\/\/www.happydog-club.com\/ru\/wp-json\/wp\/v2\/product"}],"about":[{"href":"https:\/\/www.happydog-club.com\/ru\/wp-json\/wp\/v2\/types\/product"}],"replies":[{"embeddable":true,"href":"https:\/\/www.happydog-club.com\/ru\/wp-json\/wp\/v2\/comments?post=1158"}],"version-history":[{"count":3,"href":"https:\/\/www.happydog-club.com\/ru\/wp-json\/wp\/v2\/product\/1158\/revisions"}],"predecessor-version":[{"id":23766,"href":"https:\/\/www.happydog-club.com\/ru\/wp-json\/wp\/v2\/product\/1158\/revisions\/23766"}],"wp:featuredmedia":[{"embeddable":true,"href":"https:\/\/www.happydog-club.com\/ru\/wp-json\/wp\/v2\/media\/17281"}],"wp:attachment":[{"href":"https:\/\/www.happydog-club.com\/ru\/wp-json\/wp\/v2\/media?parent=1158"}],"wp:term":[{"taxonomy":"product_brand","embeddable":true,"href":"https:\/\/www.happydog-club.com\/ru\/wp-json\/wp\/v2\/product_brand?post=1158"},{"taxonomy":"product_cat","embeddable":true,"href":"https:\/\/www.happydog-club.com\/ru\/wp-json\/wp\/v2\/product_cat?post=1158"},{"taxonomy":"product_tag","embeddable":true,"href":"https:\/\/www.happydog-club.com\/ru\/wp-json\/wp\/v2\/product_tag?post=1158"}],"curies":[{"name":"wp","href":"https:\/\/api.w.org\/{rel}","templated":true}]}}