{"id":1214,"date":"2024-11-06T02:47:04","date_gmt":"2024-11-06T01:47:04","guid":{"rendered":"https:\/\/www.happydog-club.com\/?post_type=product&#038;p=1214"},"modified":"2026-05-17T12:00:08","modified_gmt":"2026-05-17T10:00:08","slug":"adventuros-nuggets-poslastica-za-pse-sa-svinjetinom-90g","status":"publish","type":"product","link":"https:\/\/www.happydog-club.com\/ru\/p\/adventuros-nuggets-poslastica-za-pse-sa-svinjetinom-90g\/","title":{"rendered":"ADVENTUROS NUGGETS &#8211; POSLASTICA ZA PSE SA SVINJETINOM 90G"},"content":{"rendered":"<p class=\"hdopro\">Dopunska hrana za odrasle pse.<br \/>\nUkusni medaljoni za pse.<\/p>\n<p class=\"hdopro\"><strong>SASTAV:<\/strong><br \/>\n\u017eitarice, glicerol, meso i prera\u0111evine \u017eivotinjskog porekla (8%)*, razni \u0161e\u0107eri, kvasci, minerali, ulja i masti.*Jednako je 16% rehidrirovanog mesa i prera\u0111evina \u017eivotinjskog porekla, s min. 14% mesa.Dodaci hrani za \u017eivotinje: Nutritivni dodaci: IJ\/kg: Vitamin A: 13 200, Vitamin D3; 900; mg\/kg: anhidrovani kalcijum jodat: 3,4; mangan sulfat monohidrat: 19; cink sulfat monohidrat: 438; natrijum selenit: 0,47.Arome: mg\/kg: Aroma mesa vepra: 3000.<\/p>\n<p class=\"hdopro\"><strong>PREPORUKA:<\/strong><br \/>\nTelesna masa (do) \/ Dnevna koli\u010dina (do)<br \/>\n7 kg \/ 3 g<br \/>\n15 kg \/ 7 g<br \/>\n30 kg \/ 12 g<\/p>","protected":false},"excerpt":{"rendered":"<p>Dopunska hrana za odrasle pse. Ukusni medaljoni za pse. SASTAV: \u017eitarice, glicerol, meso i prera\u0111evine \u017eivotinjskog porekla (8%)*, razni \u0161e\u0107eri, kvasci, minerali, ulja i masti.*Jednako je 16% rehidrirovanog mesa i prera\u0111evina \u017eivotinjskog porekla, s min. 14% mesa.Dodaci hrani za \u017eivotinje: Nutritivni dodaci: IJ\/kg: Vitamin A: 13 200, Vitamin D3; 900; mg\/kg: anhidrovani kalcijum jodat: 3,4; [&hellip;]<\/p>\n","protected":false},"featured_media":17447,"comment_status":"open","ping_status":"closed","template":"","meta":{"_acf_changed":false},"product_brand":[],"product_cat":[30,47],"product_tag":[],"class_list":{"0":"post-1214","1":"product","2":"type-product","3":"status-publish","4":"has-post-thumbnail","6":"product_cat-hrana-za-pse","7":"product_cat-poslastice-za-pse","9":"first","10":"instock","11":"purchasable","12":"product-type-simple"},"acf":[],"seolaxy_ctr_woo_product_custom_meta_description_content":"","_links":{"self":[{"href":"https:\/\/www.happydog-club.com\/ru\/wp-json\/wp\/v2\/product\/1214","targetHints":{"allow":["GET"]}}],"collection":[{"href":"https:\/\/www.happydog-club.com\/ru\/wp-json\/wp\/v2\/product"}],"about":[{"href":"https:\/\/www.happydog-club.com\/ru\/wp-json\/wp\/v2\/types\/product"}],"replies":[{"embeddable":true,"href":"https:\/\/www.happydog-club.com\/ru\/wp-json\/wp\/v2\/comments?post=1214"}],"version-history":[{"count":1,"href":"https:\/\/www.happydog-club.com\/ru\/wp-json\/wp\/v2\/product\/1214\/revisions"}],"predecessor-version":[{"id":20026,"href":"https:\/\/www.happydog-club.com\/ru\/wp-json\/wp\/v2\/product\/1214\/revisions\/20026"}],"wp:featuredmedia":[{"embeddable":true,"href":"https:\/\/www.happydog-club.com\/ru\/wp-json\/wp\/v2\/media\/17447"}],"wp:attachment":[{"href":"https:\/\/www.happydog-club.com\/ru\/wp-json\/wp\/v2\/media?parent=1214"}],"wp:term":[{"taxonomy":"product_brand","embeddable":true,"href":"https:\/\/www.happydog-club.com\/ru\/wp-json\/wp\/v2\/product_brand?post=1214"},{"taxonomy":"product_cat","embeddable":true,"href":"https:\/\/www.happydog-club.com\/ru\/wp-json\/wp\/v2\/product_cat?post=1214"},{"taxonomy":"product_tag","embeddable":true,"href":"https:\/\/www.happydog-club.com\/ru\/wp-json\/wp\/v2\/product_tag?post=1214"}],"curies":[{"name":"wp","href":"https:\/\/api.w.org\/{rel}","templated":true}]}}