{"id":1276,"date":"2024-11-06T02:47:10","date_gmt":"2024-11-06T01:47:10","guid":{"rendered":"https:\/\/www.happydog-club.com\/?post_type=product&#038;p=1276"},"modified":"2026-05-17T12:00:04","modified_gmt":"2026-05-17T10:00:04","slug":"royal-canin-indoor-27-400-gr","status":"publish","type":"product","link":"https:\/\/www.happydog-club.com\/ru\/p\/royal-canin-indoor-27-400-gr\/","title":{"rendered":"RC INDOOR 27 400 GR#"},"content":{"rendered":"<p>HDC<\/p>","protected":false},"excerpt":{"rendered":"<p class=\"\" data-start=\"144\" data-end=\"206\"><strong>Visoko svarljivi proteini smanjuju miris i koli\u010dinu stolice<\/strong><\/p>\n<p class=\"\" data-start=\"208\" data-end=\"267\"><strong>\u200bUmereni unos kalorija poma\u017ee u odr\u017eavanju idealne te\u017eine<\/strong><\/p>\n<p class=\"\" data-start=\"269\" data-end=\"327\"><strong>\u200bVlakna sa psilijumom podsti\u010du eliminaciju loptica dlake<\/strong><\/p>\n<p class=\"\" data-start=\"329\" data-end=\"379\"><strong>\u200bFormulacija podr\u017eava zdravlje urinarnog sistema<\/strong><\/p>\n<p class=\"\" data-start=\"381\" data-end=\"445\">\u200bPrilago\u0111ena potrebama odraslih ma\u010daka sa smanjenom aktivno\u0161\u0107u<\/p>\n<p class=\"\" data-start=\"447\" data-end=\"523\">\u200bPakovanje od 400g \u2013 savr\u0161eno za svakodnevnu upotrebu i odr\u017eavanje sve\u017eine<\/p>\n<p class=\"\" data-start=\"525\" data-end=\"629\">ROYAL CANIN Indoor 27 je optimalna hrana za ma\u010dke koje borave u ku\u0107i i imaju smanjenu fizi\u010dku aktivnost.<\/p>\n<p class=\"\" data-start=\"631\" data-end=\"714\"><strong data-start=\"631\" data-end=\"714\">Poru\u010dite odmah i obezbedite ishranu prilago\u0111enu \u017eivotu va\u0161e ma\u010dke u zatvorenom!<\/strong><\/p>","protected":false},"featured_media":16471,"comment_status":"open","ping_status":"closed","template":"","meta":{"_acf_changed":false},"product_brand":[],"product_cat":[485,484],"product_tag":[],"class_list":{"0":"post-1276","1":"product","2":"type-product","3":"status-publish","4":"has-post-thumbnail","6":"product_cat-hrana-za-mace","7":"product_cat-royal-vet","9":"first","10":"instock","11":"purchasable","12":"product-type-simple"},"acf":[],"seolaxy_ctr_woo_product_custom_meta_description_content":"","_links":{"self":[{"href":"https:\/\/www.happydog-club.com\/ru\/wp-json\/wp\/v2\/product\/1276","targetHints":{"allow":["GET"]}}],"collection":[{"href":"https:\/\/www.happydog-club.com\/ru\/wp-json\/wp\/v2\/product"}],"about":[{"href":"https:\/\/www.happydog-club.com\/ru\/wp-json\/wp\/v2\/types\/product"}],"replies":[{"embeddable":true,"href":"https:\/\/www.happydog-club.com\/ru\/wp-json\/wp\/v2\/comments?post=1276"}],"version-history":[{"count":2,"href":"https:\/\/www.happydog-club.com\/ru\/wp-json\/wp\/v2\/product\/1276\/revisions"}],"predecessor-version":[{"id":27183,"href":"https:\/\/www.happydog-club.com\/ru\/wp-json\/wp\/v2\/product\/1276\/revisions\/27183"}],"wp:featuredmedia":[{"embeddable":true,"href":"https:\/\/www.happydog-club.com\/ru\/wp-json\/wp\/v2\/media\/16471"}],"wp:attachment":[{"href":"https:\/\/www.happydog-club.com\/ru\/wp-json\/wp\/v2\/media?parent=1276"}],"wp:term":[{"taxonomy":"product_brand","embeddable":true,"href":"https:\/\/www.happydog-club.com\/ru\/wp-json\/wp\/v2\/product_brand?post=1276"},{"taxonomy":"product_cat","embeddable":true,"href":"https:\/\/www.happydog-club.com\/ru\/wp-json\/wp\/v2\/product_cat?post=1276"},{"taxonomy":"product_tag","embeddable":true,"href":"https:\/\/www.happydog-club.com\/ru\/wp-json\/wp\/v2\/product_tag?post=1276"}],"curies":[{"name":"wp","href":"https:\/\/api.w.org\/{rel}","templated":true}]}}