{"id":1508,"date":"2024-11-06T02:47:34","date_gmt":"2024-11-06T01:47:34","guid":{"rendered":"https:\/\/www.happydog-club.com\/?post_type=product&#038;p=1508"},"modified":"2026-05-17T12:00:12","modified_gmt":"2026-05-17T10:00:12","slug":"gourmet-mon-petit-6x50g-govedina","status":"publish","type":"product","link":"https:\/\/www.happydog-club.com\/ru\/p\/gourmet-mon-petit-6x50g-govedina\/","title":{"rendered":"GOURMET MON PETIT 6X50G- GOVEDINA"},"content":{"rendered":"<p class=\"\" data-start=\"638\" data-end=\"878\">GOURMET Mon Petit \u2013 Govedina je kompletna mokra hrana za odrasle ma\u010dke, pa\u017eljivo pripremljena od visokokvalitetnih sastojaka.<br data-start=\"763\" data-end=\"766\" \/>Fini komadi\u0107i govedine poslu\u017eeni su u ukusnom sosu, pru\u017eaju\u0107i neodoljiv obrok \u010dak i za najizbirljivije ljubimce.<\/p>\n<p class=\"\" data-start=\"880\" data-end=\"1105\">Pakovanje sadr\u017ei \u0161est pojedina\u010dnih kesica od 50g, \u0161to omogu\u0107ava lako serviranje i odr\u017eava sve\u017einu svakog obroka.<br data-start=\"992\" data-end=\"995\" \/>Ova hrana je bogata proteinima i esencijalnim nutrijentima, podr\u017eavaju\u0107i op\u0161te zdravlje i dobrobit va\u0161e ma\u010dke.<\/p>\n<p class=\"hdopro\"><strong>SASTAV:<\/strong><br \/>\nGovedina (4%) jagnjetina\u00a0 (4%) jagnjetina obrok\u00a0 (4%) Teletina \u00a0 (4%) ADITIVI Vitamin A \u00a0(640 IE \/ kg) Vitamin D3 \u00a0 (98 IE \/ kg) Cinkov \u00a0 (37 mg \/ kg) gvo\u017e\u0111e \u00a0 (22,5 mg \/ kg) Magnezij \u00a0(4,4 mg \/ kg) Bakar \u00a0 (2,5 mg \/ kg) Jod\u00a0 (0,28 mg \/ kg) Kvasac Meso \u0160e\u0107er minerali Ribljiderivati Osu\u0161eni protein \u017divotinjski nusproizvodi<\/p>\n<p class=\"hdopro\"><strong>ANALITI\u010cKI SASTAV:<\/strong><br \/>\nVlage 81,5% Sirovi protein 12% Sirova masno\u0107a 2,8% Sirovi pepeo 1,6%<\/p>\n<p class=\"\" data-start=\"1137\" data-end=\"1182\"><strong data-start=\"1137\" data-end=\"1182\">Preporuka za hranjenje (dnevna koli\u010dina):<\/strong><\/p>\n<div class=\"overflow-x-auto contain-inline-size\">\n<table data-start=\"1184\" data-end=\"1353\">\n<thead data-start=\"1184\" data-end=\"1217\">\n<tr data-start=\"1184\" data-end=\"1217\">\n<th data-start=\"1184\" data-end=\"1199\">Te\u017eina ma\u010dke<\/th>\n<th data-start=\"1199\" data-end=\"1217\">Koli\u010dina hrane<\/th>\n<\/tr>\n<\/thead>\n<tbody data-start=\"1252\" data-end=\"1353\">\n<tr data-start=\"1252\" data-end=\"1285\">\n<td>2 kg<\/td>\n<td>2 \u2013 3 kesice<\/td>\n<\/tr>\n<tr data-start=\"1286\" data-end=\"1319\">\n<td>4 kg<\/td>\n<td>4 \u2013 5 kesica<\/td>\n<\/tr>\n<tr data-start=\"1320\" data-end=\"1353\">\n<td>6 kg<\/td>\n<td>5 \u2013 6 kesica<\/td>\n<\/tr>\n<\/tbody>\n<\/table>\n<\/div>\n<p class=\"\" data-start=\"1355\" data-end=\"1484\">Prilagodite koli\u010dinu hrane prema starosti, aktivnosti i individualnim potrebama va\u0161e ma\u010dke.<br data-start=\"1446\" data-end=\"1449\" \/>Uvek obezbedite sve\u017eu vodu za pi\u0107e.<\/p>\n<p class=\"\" data-start=\"1491\" data-end=\"1520\"><strong data-start=\"1491\" data-end=\"1520\">Karakteristike proizvoda:<\/strong><\/p>\n<ul data-start=\"1522\" data-end=\"1694\">\n<li class=\"\" data-start=\"1522\" data-end=\"1571\">\n<p class=\"\" data-start=\"1524\" data-end=\"1571\"><strong data-start=\"1524\" data-end=\"1539\">Kategorija:<\/strong> \u0412\u043b\u0430\u0436\u043d\u044b\u0439 \u043a\u043e\u0440\u043c \u0434\u043b\u044f \u043a\u043e\u0448\u0435\u043a<\/p>\n<\/li>\n<li class=\"\" data-start=\"1572\" data-end=\"1594\">\n<p class=\"\" data-start=\"1574\" data-end=\"1594\"><strong data-start=\"1574\" data-end=\"1583\">Ukus:<\/strong> Govedina<\/p>\n<\/li>\n<li class=\"\" data-start=\"1595\" data-end=\"1662\">\n<p class=\"\" data-start=\"1597\" data-end=\"1662\"><strong data-start=\"1597\" data-end=\"1619\">Specijalna namena:<\/strong> Delikatesni obrok u prakti\u010dnom pakovanju<\/p>\n<\/li>\n<li class=\"\" data-start=\"1663\" data-end=\"1694\">\n<p class=\"\" data-start=\"1665\" data-end=\"1694\"><strong data-start=\"1665\" data-end=\"1688\">Veli\u010dina pakovanja:<\/strong> 6x50g<\/p>\n<\/li>\n<\/ul>\n<p class=\"\" data-start=\"1696\" data-end=\"1812\">\ud83d\udd17 Vi\u0161e informacija o brendu mo\u017eete prona\u0107i <a class=\"\" href=\"https:\/\/www.happydog-club.com\/ru\/c\/brendovi\/gourmet-hrana-za-macke\/\" target=\"_new\" rel=\"noopener\" data-start=\"1740\" data-end=\"1812\">ovde<\/a><\/p>","protected":false},"excerpt":{"rendered":"<p class=\"\" data-start=\"84\" data-end=\"439\">\ud83d\udc3e Ukusna govedina \u2013 bogat mesni ukus koji ma\u010dke obo\u017eavaju<br data-start=\"142\" data-end=\"145\" \/>\ud83d\udc3e Fini komadi\u0107i u sosu \u2013 savr\u0161ena tekstura za u\u017eivanje u svakom zalogaju<br data-start=\"218\" data-end=\"221\" \/>\ud83d\udc3e Visokokvalitetni proteini \u2013 podr\u017eavaju zdravlje i vitalnost va\u0161e ma\u010dke<br data-start=\"294\" data-end=\"297\" \/>\ud83d\udc3e Bez ve\u0161ta\u010dkih boja, aroma i konzervansa \u2013 prirodan i zdrav obrok<br data-start=\"364\" data-end=\"367\" \/>\ud83d\udc3e Pakovanje od 6x50g \u2013 idealno za odr\u017eavanje sve\u017eine i kontrolu porcija<\/p>\n<p class=\"\" data-start=\"441\" data-end=\"621\">GOURMET Mon Petit sa govedinom nudi va\u0161oj ma\u010dki vrhunski gastronomski do\u017eivljaj u svakom obroku.<br data-start=\"537\" data-end=\"540\" \/><strong data-start=\"540\" data-end=\"621\">Naru\u010dite sada i obradujte svoju ma\u010dku ukusnim i hranljivim obrokom svaki dan!<\/strong><\/p>","protected":false},"featured_media":16514,"comment_status":"open","ping_status":"closed","template":"","meta":{"_acf_changed":false},"product_brand":[],"product_cat":[99,37,76,57],"product_tag":[],"class_list":{"0":"post-1508","1":"product","2":"type-product","3":"status-publish","4":"has-post-thumbnail","6":"product_cat-gourmet-hrana-za-macke","7":"product_cat-hrana-za-macke","8":"product_cat-sosici-za-mace","9":"product_cat-vlazna-hrana-za-macke","11":"first","12":"instock","13":"purchasable","14":"product-type-simple"},"acf":[],"seolaxy_ctr_woo_product_custom_meta_description_content":"","_links":{"self":[{"href":"https:\/\/www.happydog-club.com\/ru\/wp-json\/wp\/v2\/product\/1508","targetHints":{"allow":["GET"]}}],"collection":[{"href":"https:\/\/www.happydog-club.com\/ru\/wp-json\/wp\/v2\/product"}],"about":[{"href":"https:\/\/www.happydog-club.com\/ru\/wp-json\/wp\/v2\/types\/product"}],"replies":[{"embeddable":true,"href":"https:\/\/www.happydog-club.com\/ru\/wp-json\/wp\/v2\/comments?post=1508"}],"version-history":[{"count":2,"href":"https:\/\/www.happydog-club.com\/ru\/wp-json\/wp\/v2\/product\/1508\/revisions"}],"predecessor-version":[{"id":20151,"href":"https:\/\/www.happydog-club.com\/ru\/wp-json\/wp\/v2\/product\/1508\/revisions\/20151"}],"wp:featuredmedia":[{"embeddable":true,"href":"https:\/\/www.happydog-club.com\/ru\/wp-json\/wp\/v2\/media\/16514"}],"wp:attachment":[{"href":"https:\/\/www.happydog-club.com\/ru\/wp-json\/wp\/v2\/media?parent=1508"}],"wp:term":[{"taxonomy":"product_brand","embeddable":true,"href":"https:\/\/www.happydog-club.com\/ru\/wp-json\/wp\/v2\/product_brand?post=1508"},{"taxonomy":"product_cat","embeddable":true,"href":"https:\/\/www.happydog-club.com\/ru\/wp-json\/wp\/v2\/product_cat?post=1508"},{"taxonomy":"product_tag","embeddable":true,"href":"https:\/\/www.happydog-club.com\/ru\/wp-json\/wp\/v2\/product_tag?post=1508"}],"curies":[{"name":"wp","href":"https:\/\/api.w.org\/{rel}","templated":true}]}}