{"id":1573,"date":"2024-11-06T02:47:40","date_gmt":"2024-11-06T01:47:40","guid":{"rendered":"https:\/\/www.happydog-club.com\/?post_type=product&#038;p=1573"},"modified":"2026-05-17T12:00:15","modified_gmt":"2026-05-17T10:00:15","slug":"royal-canin-digestive-care-sos-85g","status":"publish","type":"product","link":"https:\/\/www.happydog-club.com\/ru\/p\/royal-canin-digestive-care-sos-85g\/","title":{"rendered":"ROYAL CANIN DIGESTIVE CARE SOS 85G"},"content":{"rendered":"<p class=\"\" data-start=\"874\" data-end=\"1193\">Psi sa osetljivim sistemom za varenje mogu pokazivati znake kao \u0161to su nadimanje, meka stolica ili neredovna probava. <strong data-start=\"992\" data-end=\"1026\">Royal Canin Digestive Care Sos<\/strong> je pa\u017eljivo formulisana hrana koja kombinuje <strong data-start=\"1072\" data-end=\"1099\">lako svarljive proteine<\/strong> i <strong data-start=\"1102\" data-end=\"1133\">uravnote\u017een sadr\u017eaj vlakana<\/strong>, \u010dime doprinosi regulaciji probave i zdravoj crevnoj flori.<\/p>\n<p class=\"\" data-start=\"1195\" data-end=\"1409\">So\u010dni komadi mesa u ukusnom sosu podsti\u010du apetit i odli\u010dni su i za izbirljive pse. Mo\u017ee se koristiti kao <strong data-start=\"1300\" data-end=\"1320\">samostalan obrok<\/strong> ili u kombinaciji sa suvom hranom iz iste linije za dodatnu raznovrsnost i bolji efekat.<\/p>\n<p class=\"\" data-start=\"1411\" data-end=\"1510\">Klini\u010dki dokazano pobolj\u0161ava kvalitet stolice kod pasa sa blagim do umerenim digestivnim smetnjama.<\/p>\n<p class=\"hdopro\"><strong>SASTAV:<\/strong><br \/>\nmeso i \u017eivotinjski derivati, derivati biljnog porekla, \u017eitarice, ulja i masti, minerali, razni \u0161ec\u0301eri.Dodaci po kilogramu: Nutritivni dodaci: Vitamin D3: 190 IU, E1 (gvo\u017e\u0111e): 5 mg, E2 (jod): 0,3 mg, E4 (bakar): 2,4 mg, E5 (mangan): 1,4 mg, E6 (cink ): 14 mg &#8211; Tehnolo\u0161ki dodaci: Klinoptilolit sedimentnog porekla: 2,2 g.<\/p>\n<p class=\"hdopro\"><strong>ANALITI\u010cKI SASTAV:<\/strong><br \/>\nProteini: 8,6% &#8211; Sadr\u017eaj masti: 5,7% &#8211; Sirovi pepeo: 1,9% &#8211; Sirova vlakna: 1,3% &#8211; Vlaga: 79%.<\/p>","protected":false},"excerpt":{"rendered":"<p class=\"\" data-start=\"289\" data-end=\"623\"><strong data-start=\"289\" data-end=\"344\">\ud83d\udc3eFormulisan za pse sa osetljivim sistemom za varenje<\/strong><br data-start=\"344\" data-end=\"347\" \/><strong data-start=\"347\" data-end=\"418\">\ud83d\udc3ePoma\u017ee u regulaciji stolice i boljoj apsorpciji hranljivih materija<\/strong><br data-start=\"418\" data-end=\"421\" \/><strong data-start=\"421\" data-end=\"501\">\ud83d\udc3eSo\u010dni komadi mesa u sosu \u2013 odli\u010dna prihvatljivost \u010dak i kod izbirljivih pasa<\/strong><br data-start=\"501\" data-end=\"504\" \/><strong data-start=\"504\" data-end=\"556\">\ud83d\udc3eOboga\u0107en vlaknima i visoko svarljivim proteinima<\/strong><br data-start=\"556\" data-end=\"559\" \/><strong data-start=\"559\" data-end=\"623\">Pakovanje od 85g \u2013 prakti\u010dno za sve\u017eu i kontrolisanu porciju<\/strong><\/p>\n<p class=\"\" data-start=\"625\" data-end=\"782\">Royal Canin Digestive Care u sosu je <strong data-start=\"662\" data-end=\"688\">kompletna vla\u017ena hrana<\/strong> namenjena psima svih rasa, koja doprinosi <strong data-start=\"731\" data-end=\"781\">optimalnom varenju i zdravlju probavnog trakta<\/strong>.<\/p>\n<p class=\"\" data-start=\"784\" data-end=\"857\"><strong data-start=\"784\" data-end=\"854\">Poru\u010dite sada i obezbedite svom psu ukusnu i funkcionalnu ishranu!<\/strong> \ud83d\udc3e<\/p>","protected":false},"featured_media":1603,"comment_status":"open","ping_status":"closed","template":"","meta":{"_acf_changed":false},"product_brand":[],"product_cat":[30,72,86,64],"product_tag":[],"class_list":{"0":"post-1573","1":"product","2":"type-product","3":"status-publish","4":"has-post-thumbnail","6":"product_cat-hrana-za-pse","7":"product_cat-royal-canin-hrana-za-pse","8":"product_cat-sosici-za-pse","9":"product_cat-vlazna-hrana-za-pse","11":"first","12":"instock","13":"purchasable","14":"product-type-simple"},"acf":[],"seolaxy_ctr_woo_product_custom_meta_description_content":"","_links":{"self":[{"href":"https:\/\/www.happydog-club.com\/ru\/wp-json\/wp\/v2\/product\/1573","targetHints":{"allow":["GET"]}}],"collection":[{"href":"https:\/\/www.happydog-club.com\/ru\/wp-json\/wp\/v2\/product"}],"about":[{"href":"https:\/\/www.happydog-club.com\/ru\/wp-json\/wp\/v2\/types\/product"}],"replies":[{"embeddable":true,"href":"https:\/\/www.happydog-club.com\/ru\/wp-json\/wp\/v2\/comments?post=1573"}],"version-history":[{"count":2,"href":"https:\/\/www.happydog-club.com\/ru\/wp-json\/wp\/v2\/product\/1573\/revisions"}],"predecessor-version":[{"id":20185,"href":"https:\/\/www.happydog-club.com\/ru\/wp-json\/wp\/v2\/product\/1573\/revisions\/20185"}],"wp:featuredmedia":[{"embeddable":true,"href":"https:\/\/www.happydog-club.com\/ru\/wp-json\/wp\/v2\/media\/1603"}],"wp:attachment":[{"href":"https:\/\/www.happydog-club.com\/ru\/wp-json\/wp\/v2\/media?parent=1573"}],"wp:term":[{"taxonomy":"product_brand","embeddable":true,"href":"https:\/\/www.happydog-club.com\/ru\/wp-json\/wp\/v2\/product_brand?post=1573"},{"taxonomy":"product_cat","embeddable":true,"href":"https:\/\/www.happydog-club.com\/ru\/wp-json\/wp\/v2\/product_cat?post=1573"},{"taxonomy":"product_tag","embeddable":true,"href":"https:\/\/www.happydog-club.com\/ru\/wp-json\/wp\/v2\/product_tag?post=1573"}],"curies":[{"name":"wp","href":"https:\/\/api.w.org\/{rel}","templated":true}]}}