{"id":163,"date":"2024-11-06T02:45:29","date_gmt":"2024-11-06T01:45:29","guid":{"rendered":"https:\/\/www.happydog-club.com\/?post_type=product&#038;p=163"},"modified":"2026-05-17T00:00:10","modified_gmt":"2026-05-16T22:00:10","slug":"essential-nautical-living-10kg","status":"publish","type":"product","link":"https:\/\/www.happydog-club.com\/ru\/p\/essential-nautical-living-10kg\/","title":{"rendered":"ESSENTIAL NAUTICAL LIVING 10KG"},"content":{"rendered":"<p data-start=\"476\" data-end=\"868\"><strong data-start=\"476\" data-end=\"505\">ESSENTIAL NAUTICAL LIVING<\/strong> je pa\u017eljivo formulisana <strong data-start=\"530\" data-end=\"565\">superpremium hrana bez \u017eitarica<\/strong>, osmi\u0161ljena za <strong data-start=\"581\" data-end=\"606\">odrasle pse svih rasa<\/strong>, sa naglaskom na <strong data-start=\"624\" data-end=\"660\">ribu kao primarni izvor proteina<\/strong>. Sa <strong data-start=\"665\" data-end=\"716\">sve\u017eim lososom, pastrmkom, haringom i sezonskim ribama<\/strong>, obezbe\u0111uje optimalnu kombinaciju <strong data-start=\"751\" data-end=\"797\">visokokvalitetnih proteina i zdravih masti<\/strong> koje doprinose <strong data-start=\"813\" data-end=\"865\">zdravlju ko\u017ee, sjajnoj dlaci i sna\u017enom imunitetu<\/strong>.<\/p>\n<p data-start=\"870\" data-end=\"1178\"><strong data-start=\"873\" data-end=\"895\">\ud83d\udc3eVisok sadr\u017eaj ribe<\/strong> \u2013 idealan za pse sa <strong data-start=\"916\" data-end=\"970\">osetljivim stomakom ili intolerancijom na piletinu<\/strong><br data-start=\"970\" data-end=\"973\" \/><strong data-start=\"976\" data-end=\"1029\">\ud83d\udc3ePrirodni izvori Omega-3 i Omega-6 masnih kiselina<\/strong> \u2013 podr\u017eavaju <strong data-start=\"1043\" data-end=\"1075\">zdravlje ko\u017ee i sjajnu dlaku<\/strong><br data-start=\"1075\" data-end=\"1078\" \/><strong data-start=\"1081\" data-end=\"1131\">\ud83d\udc3eBez \u017eitarica, sa pa\u017eljivo odabranim sastojcima<\/strong> \u2013 doprinosi <strong data-start=\"1144\" data-end=\"1176\">zdravoj probavi i vitalnosti<\/strong><\/p>\n<p class=\"hdopro\"><strong>SASTAV:<\/strong><br \/>\nSve\u017ee meso lososa i pastrmke, slatki krompir, su\u0161ena haringa, su\u0161eni losos, gra\u0161ak, cela sve\u017ea jaja, sve\u017ea haring I sezonska riba, ulje lososa, laneno ulje, mladice lucerke, bijon od lososa, krompir, vlakna gra\u0161ka, vitamin, minerali, MOS ( manan oligosaharidi ), FOS (fruktooligosaharidi ), glukozamin, hrondoitin, MSM ( metilsulformetan ), brusnica, akai bobice, borovnica, dudinje, jabuke, paradajz, pomorand\u017ea, kru\u0161ka, \u0161argarepa, spana\u0107, karfiol, alge, neven, \u017een\u0161en, zeleni \u010daj, \u0111umbir.Sve\u017ea i su\u0161ena riba ( losos, pastrmka, haringa, sezonska riba i i jaja ) \u010dine 77% sastava hrane od \u010dega je 55% sve\u017eih namirnicaOstale sirovine \u010dine povr\u0107e, semenje, bilje, bobice, vo\u0107e, vitamini i minerali.<br \/>\nVitamin A 15000 IU\/kg, Vitamin D3 2000 IU\/kg, taurin 1500 mg\/kg, gvo\u017e\u0111e 333 mg\/kg, mangan 233 mg\/kg, cink 233 mg\/kg, bakar 15 mg\/kg, jod 1,6 mg\/kg, selen 0,57 mg\/kg,<\/p>\n<p class=\"hdopro\"><strong>ANALITI\u010cKI SASTAV:<\/strong><br \/>\nProteini 30%, Masti 16%, Minerali\/sirovi pepeo 8,5%, Vlakna 3,5%, Voda 8,5%, Omega 6 1%, Omega 3 4%, Kalcijum 1,7%, Fosfor 1,2%, Glukozamin 0.09%, Hrondroitin 0,07%<\/p>","protected":false},"excerpt":{"rendered":"<p data-start=\"132\" data-end=\"448\"><strong data-start=\"132\" data-end=\"161\">ESSENTIAL NAUTICAL LIVING<\/strong> je<strong data-start=\"165\" data-end=\"205\"> suva hrana\u00a0 za pse bez \u017eitarica<\/strong>, bogata <strong data-start=\"214\" data-end=\"265\">sve\u017eim lososom, pastrmkom, haringom i bakalarom<\/strong>, idealna za <strong data-start=\"278\" data-end=\"303\">odrasle pse svih rasa<\/strong>. Pru\u017ea <strong data-start=\"311\" data-end=\"352\">visok sadr\u017eaj omega-3 masnih kiselina<\/strong>, podr\u017eava <strong data-start=\"363\" data-end=\"393\">zdravlje ko\u017ee i sjaj dlake<\/strong>, te obezbe\u0111uje <strong data-start=\"409\" data-end=\"445\" data-is-only-node=\"\">sna\u017ean imunitet i zdravu probavu<\/strong>.<\/p>","protected":false},"featured_media":17276,"comment_status":"open","ping_status":"closed","template":"","meta":{"_acf_changed":false},"product_brand":[],"product_cat":[27,29,31,30],"product_tag":[],"class_list":{"0":"post-163","1":"product","2":"type-product","3":"status-publish","4":"has-post-thumbnail","6":"product_cat-akcija","7":"product_cat-essential-hrana-za-pse","8":"product_cat-granule-za-pse","9":"product_cat-hrana-za-pse","11":"first","12":"instock","13":"purchasable","14":"product-type-simple"},"acf":[],"seolaxy_ctr_woo_product_custom_meta_description_content":"","_links":{"self":[{"href":"https:\/\/www.happydog-club.com\/ru\/wp-json\/wp\/v2\/product\/163","targetHints":{"allow":["GET"]}}],"collection":[{"href":"https:\/\/www.happydog-club.com\/ru\/wp-json\/wp\/v2\/product"}],"about":[{"href":"https:\/\/www.happydog-club.com\/ru\/wp-json\/wp\/v2\/types\/product"}],"replies":[{"embeddable":true,"href":"https:\/\/www.happydog-club.com\/ru\/wp-json\/wp\/v2\/comments?post=163"}],"version-history":[{"count":2,"href":"https:\/\/www.happydog-club.com\/ru\/wp-json\/wp\/v2\/product\/163\/revisions"}],"predecessor-version":[{"id":19511,"href":"https:\/\/www.happydog-club.com\/ru\/wp-json\/wp\/v2\/product\/163\/revisions\/19511"}],"wp:featuredmedia":[{"embeddable":true,"href":"https:\/\/www.happydog-club.com\/ru\/wp-json\/wp\/v2\/media\/17276"}],"wp:attachment":[{"href":"https:\/\/www.happydog-club.com\/ru\/wp-json\/wp\/v2\/media?parent=163"}],"wp:term":[{"taxonomy":"product_brand","embeddable":true,"href":"https:\/\/www.happydog-club.com\/ru\/wp-json\/wp\/v2\/product_brand?post=163"},{"taxonomy":"product_cat","embeddable":true,"href":"https:\/\/www.happydog-club.com\/ru\/wp-json\/wp\/v2\/product_cat?post=163"},{"taxonomy":"product_tag","embeddable":true,"href":"https:\/\/www.happydog-club.com\/ru\/wp-json\/wp\/v2\/product_tag?post=163"}],"curies":[{"name":"wp","href":"https:\/\/api.w.org\/{rel}","templated":true}]}}