{"id":167,"date":"2024-11-06T02:45:29","date_gmt":"2024-11-06T01:45:29","guid":{"rendered":"https:\/\/www.happydog-club.com\/?post_type=product&#038;p=167"},"modified":"2026-05-17T12:00:11","modified_gmt":"2026-05-17T10:00:11","slug":"acana-heritage-puppy-small-breed-hrana-za-stence-2kg","status":"publish","type":"product","link":"https:\/\/www.happydog-club.com\/ru\/p\/acana-heritage-puppy-small-breed-hrana-za-stence-2kg\/","title":{"rendered":"ACANA HERITAGE PUPPY SMALL BREED 2KG &#8211; HRANA ZA \u0160TENCE"},"content":{"rendered":"<p data-start=\"438\" data-end=\"635\">Mali \u0161tenci imaju velike nutritivne potrebe! <strong data-start=\"483\" data-end=\"510\">Acana Puppy Small Breed<\/strong> pru\u017ea sve \u0161to je potrebno za zdrav rast i razvoj va\u0161eg \u0161teneta, uz recepturu prilago\u0111enu specifi\u010dnim potrebama malih rasa.<\/p>\n<p data-start=\"637\" data-end=\"908\">Sa <strong data-start=\"640\" data-end=\"652\">70% mesa<\/strong>, uklju\u010duju\u0107i sve\u017eu piletinu, \u0107ure\u0107e meso i divlje ulovljenu ribu, ova hrana obezbe\u0111uje visok nivo proteina neophodnih za razvoj jakih mi\u0161i\u0107a i zdravog organizma. <strong data-start=\"815\" data-end=\"855\">Bez \u017eitarica i sa prirodnim vlaknima<\/strong>, podr\u017eava zdravu probavu i stabilan nivo energije.<\/p>\n<p data-start=\"910\" data-end=\"1119\">Mali komadi\u0107i granula prilago\u0111eni su sitnim zubima, dok omega masne kiseline iz lososovog ulja doprinose zdravoj ko\u017ei i sjajnoj dlaci. Idealno za aktivne \u0161tence koji od prvog dana zaslu\u017euju vrhunsku ishranu.<\/p>\n<p data-start=\"1121\" data-end=\"1344\"><strong data-start=\"1121\" data-end=\"1143\">Klju\u010dne prednosti:<\/strong><br data-start=\"1143\" data-end=\"1146\" \/>\ud83d\udc3e Visok sadr\u017eaj sve\u017eeg mesa \u2013 poma\u017ee u zdravom razvoju mi\u0161i\u0107a<br data-start=\"1207\" data-end=\"1210\" \/>\ud83d\udc3e Omega masne kiseline \u2013 podr\u017eavaju zdravu ko\u017eu i sjajnu dlaku<br data-start=\"1272\" data-end=\"1275\" \/>\ud83d\udc3e Prirodni sastojci bez \u017eitarica \u2013 za optimalnu probavu i vitalnost<\/p>\n<p class=\"hdopro\"><strong>SASTAV:<\/strong><\/p>\n<p class=\"hdopro\">Sve\u017ea piletina (18%), bra\u0161no od piletine (18%), cele crvene so\u010divo, cele zelene gra\u0161ak, sve\u017ea pile\u0107a iznutrica (jetra, srce) (7%), pile\u0107a mast (7%), bra\u0161no od \u0107uretine (4%), sve\u017ea jaja (4%), sirova osli\u0107 (4%), bra\u0161no od haringe (4%), riblje ulje (3%), cele zelene so\u010divo, cele leblebije, cele \u017eute gra\u0161ak, vlakna so\u010diva, skrob od gra\u0161ka, sirove \u0107ure\u0107e jetre (1%), so, su\u0161ena morska trava, sve\u017ea cela bundeva, sve\u017ea cela mu\u0161katna tikva, sve\u017ea cela \u0161argarepa, sve\u017ee cele jabuke, sve\u017ee cele kru\u0161ke, sve\u017ee cele tikvice, su\u0161eni koren cikorije, sve\u017ei kelj, sve\u017ei spana\u0107, sve\u017ei listovi repe, sve\u017ei listovi repe, sve\u017ee cele brusnice, sve\u017ee cele borovnice, sve\u017ee cele saskatoon bobice, kurkuma, sikavica, koren \u010di\u010dka, lavanda, koren belog sleza, \u0161ipak.<\/p>\n<p data-start=\"760\" data-end=\"1348\"><strong data-start=\"760\" data-end=\"780\">Dodaci(po kg):<\/strong><br data-start=\"780\" data-end=\"783\" \/><strong data-start=\"783\" data-end=\"806\">Tehnolo\u0161ki aditivi:<\/strong> Ekstrakti tokoferola iz biljnih ulja: 121 mg, limunska kiselina: 40 mg.<br data-start=\"878\" data-end=\"881\" \/><strong data-start=\"881\" data-end=\"902\">Senzorni aditivi:<\/strong> Ekstrakt ruzmarina: 80 mg.<br data-start=\"929\" data-end=\"932\" \/><strong data-start=\"932\" data-end=\"955\">Nutritivni aditivi:<\/strong> Holin-hlorid (holin): 700 mg, proteinate cinka: 112,5 mg, proteinate bakra: 11 mg, vitamin B1: 100 mg, vitamin B2: 20 mg, vitamin B3: 200 mg, vitamin B5: 60 mg, vitamin B6: 35 mg, vitamin B9: 7 mg, vitamin B12: 0,2 mg, vitamin A: 3750 IU, vitamin D3: 500 IU, vitamin E: 550 IU, vitamin C: 0,15 mg.<br data-start=\"1253\" data-end=\"1256\" \/><strong data-start=\"1256\" data-end=\"1280\">Zootehni\u010dki aditivi:<\/strong> 4b1707 <em data-start=\"1288\" data-end=\"1310\">Enterococcus faecium<\/em> DSM 10663\/NCIMB 10415: 1 x 10\u2079 CFU.<\/p>\n<p data-start=\"1350\" data-end=\"1685\"><strong data-start=\"1350\" data-end=\"1379\">Energija<\/strong> iznosi 3660 kcal\/kg (439 kcal po 250 ml\/120 g \u0161olji), pri \u010demu 32% poti\u010de iz proteina, 22% iz ugljenih hidrata i 46% iz masti.<br data-start=\"1506\" data-end=\"1509\" \/>ACANA Small Breed Puppy je formulisan u skladu sa nutritivnim standardima koje je postavio FEDIAF za sve \u017eivotne faze, osim za rast \u0161tenaca nema\u010dke doge mla\u0111ih od 14<\/p>\n<p data-start=\"1350\" data-end=\"1685\"><strong data-start=\"0\" data-end=\"22\" data-is-only-node=\"\">Analiti\u010dki sastav:<\/strong><br data-start=\"22\" data-end=\"25\" \/>Sirovi proteini: 33%, Sadr\u017eaj masti: 20%, Sirovi pepeo: 7%, Sirova vlakna: 5%, Vla\u017enost: 12%, Kalcijum: 1,5%, Fosfor: 1,1%, Omega-6 masne kiseline: 2,7%, Omega-3 masne kiseline: 1%, DHA (dokozaheksaenska kiselina): 0,3%, EPA (eikozapentaenska kiselina): 0,3%.<\/p>","protected":false},"excerpt":{"rendered":"<p><strong data-start=\"133\" data-end=\"160\">Acana Puppy Small Breed<\/strong> je premium hrana bogata sve\u017eim mesom i nutritivnim sastojcima, posebno formulisana za \u0161tence malih rasa. Visok sadr\u017eaj proteina podr\u017eava zdrav rast i razvoj, dok prirodni sastojci bez \u017eitarica osiguravaju optimalnu probavu i energiju za svaki dan.<\/p>","protected":false},"featured_media":17428,"comment_status":"open","ping_status":"closed","template":"","meta":{"_acf_changed":false},"product_brand":[],"product_cat":[35,31,30],"product_tag":[],"class_list":{"0":"post-167","1":"product","2":"type-product","3":"status-publish","4":"has-post-thumbnail","6":"product_cat-acana-hrana-za-pse","7":"product_cat-granule-za-pse","8":"product_cat-hrana-za-pse","10":"first","11":"instock","12":"purchasable","13":"product-type-simple"},"acf":[],"seolaxy_ctr_woo_product_custom_meta_description_content":"","_links":{"self":[{"href":"https:\/\/www.happydog-club.com\/ru\/wp-json\/wp\/v2\/product\/167","targetHints":{"allow":["GET"]}}],"collection":[{"href":"https:\/\/www.happydog-club.com\/ru\/wp-json\/wp\/v2\/product"}],"about":[{"href":"https:\/\/www.happydog-club.com\/ru\/wp-json\/wp\/v2\/types\/product"}],"replies":[{"embeddable":true,"href":"https:\/\/www.happydog-club.com\/ru\/wp-json\/wp\/v2\/comments?post=167"}],"version-history":[{"count":2,"href":"https:\/\/www.happydog-club.com\/ru\/wp-json\/wp\/v2\/product\/167\/revisions"}],"predecessor-version":[{"id":19515,"href":"https:\/\/www.happydog-club.com\/ru\/wp-json\/wp\/v2\/product\/167\/revisions\/19515"}],"wp:featuredmedia":[{"embeddable":true,"href":"https:\/\/www.happydog-club.com\/ru\/wp-json\/wp\/v2\/media\/17428"}],"wp:attachment":[{"href":"https:\/\/www.happydog-club.com\/ru\/wp-json\/wp\/v2\/media?parent=167"}],"wp:term":[{"taxonomy":"product_brand","embeddable":true,"href":"https:\/\/www.happydog-club.com\/ru\/wp-json\/wp\/v2\/product_brand?post=167"},{"taxonomy":"product_cat","embeddable":true,"href":"https:\/\/www.happydog-club.com\/ru\/wp-json\/wp\/v2\/product_cat?post=167"},{"taxonomy":"product_tag","embeddable":true,"href":"https:\/\/www.happydog-club.com\/ru\/wp-json\/wp\/v2\/product_tag?post=167"}],"curies":[{"name":"wp","href":"https:\/\/api.w.org\/{rel}","templated":true}]}}