{"id":1679,"date":"2024-11-06T02:47:51","date_gmt":"2024-11-06T01:47:51","guid":{"rendered":"https:\/\/www.happydog-club.com\/?post_type=product&#038;p=1679"},"modified":"2026-05-17T00:00:11","modified_gmt":"2026-05-16T22:00:11","slug":"felix-kesice-za-macke-piletina-sa-sargarepom-u-zeleu-85g","status":"publish","type":"product","link":"https:\/\/www.happydog-club.com\/ru\/p\/felix-kesice-za-macke-piletina-sa-sargarepom-u-zeleu-85g\/","title":{"rendered":"FELIX KESICE ZA MA\u010cKE PILETINA SA SARGAREPOM U ZELEU 85G"},"content":{"rendered":"<p class=\"hdopro\"><strong>Felix vla\u017ena hrana za ma\u010dke<\/strong> je potpuna hrana za ma\u010dke sa komadi\u0107ima piletine i \u0161argarepe u mekanom \u017eeleu.<\/p>\n<p data-start=\"706\" data-end=\"966\">Ovaj kompletan i balansiran obrok sadr\u017ei <strong data-start=\"747\" data-end=\"782\">esencijalne vitamine i minerale<\/strong>, poma\u017ee u odr\u017eavanju <strong data-start=\"804\" data-end=\"829\">zdravlja i vitalnosti<\/strong>, i doprinosi <strong data-start=\"843\" data-end=\"884\">sjajnom izgledu dlake i zdravlju ko\u017ee<\/strong>. Pripremljeno od pa\u017eljivo odabranih sastojaka, bez ve\u0161ta\u010dkih boja i konzervansa.<\/p>\n<p class=\"hdopro\"><strong>SASTAV:<\/strong><br \/>\nmeso i prera\u0111evine \u017eivotinjskog porekla 44% (uklju\u010duju\u0107i 4% piletine,4%sargarepe ekstrakti biljnih belan\u010devina, minerali. ranljivi dodaci: vitamin E 10mg, vitamin B1 15mg, kalcijum-jodat anhidrovani 0.3mg, gvo\u017e\u0111e-sulfat monohidrat 33mg, mangan-sulfat monohidrat 6.3mg, cink-sulfat monohidrat 44mg.<\/p>\n<p class=\"hdopro\"><strong>ANALITI\u010cKI SASTAV:<\/strong><br \/>\nbelan\u010devine 11.5, sadr\u017eina masti 4.5, neorganske materije 2.5, sirova vlakna 0.3, vlaga 82.<\/p>","protected":false},"excerpt":{"rendered":"<p data-start=\"190\" data-end=\"423\">Ukusna i so\u010dna ma\u010dja hrana sa ne\u017enim komadi\u0107ima piletine i \u0161argarepe u aromati\u010dnom \u017eeleu. <strong data-start=\"280\" data-end=\"325\">Obezbe\u0111uje esencijalne hranljive materije<\/strong>, <strong data-start=\"327\" data-end=\"354\">podr\u017eava zdravlje ma\u010dke<\/strong>, i <strong data-start=\"358\" data-end=\"392\">odu\u0161evljava neodoljivim ukusom<\/strong>. Idealno za svakodnevni obrok!<\/p>","protected":false},"featured_media":16505,"comment_status":"open","ping_status":"closed","template":"","meta":{"_acf_changed":false},"product_brand":[],"product_cat":[27,103,37,76,57],"product_tag":[],"class_list":{"0":"post-1679","1":"product","2":"type-product","3":"status-publish","4":"has-post-thumbnail","6":"product_cat-akcija","7":"product_cat-felix-hrana-za-macke","8":"product_cat-hrana-za-macke","9":"product_cat-sosici-za-mace","10":"product_cat-vlazna-hrana-za-macke","12":"first","13":"instock","14":"purchasable","15":"product-type-simple"},"acf":[],"seolaxy_ctr_woo_product_custom_meta_description_content":"","_links":{"self":[{"href":"https:\/\/www.happydog-club.com\/ru\/wp-json\/wp\/v2\/product\/1679","targetHints":{"allow":["GET"]}}],"collection":[{"href":"https:\/\/www.happydog-club.com\/ru\/wp-json\/wp\/v2\/product"}],"about":[{"href":"https:\/\/www.happydog-club.com\/ru\/wp-json\/wp\/v2\/types\/product"}],"replies":[{"embeddable":true,"href":"https:\/\/www.happydog-club.com\/ru\/wp-json\/wp\/v2\/comments?post=1679"}],"version-history":[{"count":3,"href":"https:\/\/www.happydog-club.com\/ru\/wp-json\/wp\/v2\/product\/1679\/revisions"}],"predecessor-version":[{"id":20226,"href":"https:\/\/www.happydog-club.com\/ru\/wp-json\/wp\/v2\/product\/1679\/revisions\/20226"}],"wp:featuredmedia":[{"embeddable":true,"href":"https:\/\/www.happydog-club.com\/ru\/wp-json\/wp\/v2\/media\/16505"}],"wp:attachment":[{"href":"https:\/\/www.happydog-club.com\/ru\/wp-json\/wp\/v2\/media?parent=1679"}],"wp:term":[{"taxonomy":"product_brand","embeddable":true,"href":"https:\/\/www.happydog-club.com\/ru\/wp-json\/wp\/v2\/product_brand?post=1679"},{"taxonomy":"product_cat","embeddable":true,"href":"https:\/\/www.happydog-club.com\/ru\/wp-json\/wp\/v2\/product_cat?post=1679"},{"taxonomy":"product_tag","embeddable":true,"href":"https:\/\/www.happydog-club.com\/ru\/wp-json\/wp\/v2\/product_tag?post=1679"}],"curies":[{"name":"wp","href":"https:\/\/api.w.org\/{rel}","templated":true}]}}