{"id":1686,"date":"2024-11-06T02:47:51","date_gmt":"2024-11-06T01:47:51","guid":{"rendered":"https:\/\/www.happydog-club.com\/?post_type=product&#038;p=1686"},"modified":"2026-05-17T00:00:08","modified_gmt":"2026-05-16T22:00:08","slug":"gourmet-gold-savoury-cake-85g-piletina-i-sargarepa","status":"publish","type":"product","link":"https:\/\/www.happydog-club.com\/ru\/p\/gourmet-gold-savoury-cake-85g-piletina-i-sargarepa\/","title":{"rendered":"GOURMET GOLD SAVOURY CAKE 85G  &#8211; PILETINA I \u0160ARGAREPA"},"content":{"rendered":"<p class=\"\" data-start=\"722\" data-end=\"1044\">GOURMET GOLD Savoury Cake je inovativna vla\u017ena hrana u formi slanog kola\u010da, pa\u017eljivo pripremljena za odrasle ma\u010dke koje vole raznovrsne teksture i bogat ukus.<br data-start=\"880\" data-end=\"883\" \/>Varijanta sa piletinom i \u0161argarepom kombinuje kvalitetno meso sa prirodnim vlaknima iz povr\u0107a, \u010dime podr\u017eava zdravu probavu i optimalan unos hranljivih materija.<\/p>\n<p class=\"\" data-start=\"1046\" data-end=\"1312\">Zahvaljuju\u0107i svojoj jedinstvenoj strukturi \u2013 meka tortica sa vidljivim komadi\u0107ima mesa i \u0161argarepe \u2013 ova hrana je izuzetno privla\u010dna \u010dak i za najizbirljivije ma\u010dke.<br data-start=\"1210\" data-end=\"1213\" \/>Ne sadr\u017ei ve\u0161ta\u010dke boje, arome ni konzervanse, \u0161to je \u010dini sigurnim izborom za svakodnevnu ishranu.<\/p>\n<p class=\"hdopro\"><strong>SASTAV:<\/strong><br \/>\nMeso i derivati (od toga 4% piletina), ekstrakti biljnih bjelan\u010devina, ribe i nusproizvodi od ribe,nusproizvodi biljnog porekla, povr\u0107e (1% suve \u0161argarepe, \u0161to odgovara 9% \u0161argarepe), minerali,\u0161e\u0107er.<\/p>\n<p class=\"hdopro\"><strong>ANALITI\u010cKI SASTAV:<\/strong><br \/>\nvla\u017enost: 78,0% protein: 10,5% sirova ulja i masti: 7,0% pepeo: 2,8% sirova vlakna: 0,03%<\/p>\n<p class=\"\" data-start=\"1319\" data-end=\"1342\"><strong data-start=\"1319\" data-end=\"1342\">Dodatne informacije<\/strong><\/p>\n<p class=\"\" data-start=\"1344\" data-end=\"1389\"><strong data-start=\"1344\" data-end=\"1389\">Preporuka za hranjenje (dnevna koli\u010dina):<\/strong><\/p>\n<div class=\"overflow-x-auto contain-inline-size\">\n<table data-start=\"1391\" data-end=\"1562\">\n<thead data-start=\"1391\" data-end=\"1424\">\n<tr data-start=\"1391\" data-end=\"1424\">\n<th data-start=\"1391\" data-end=\"1406\">Te\u017eina ma\u010dke<\/th>\n<th data-start=\"1406\" data-end=\"1424\">Koli\u010dina hrane<\/th>\n<\/tr>\n<\/thead>\n<tbody data-start=\"1459\" data-end=\"1562\">\n<tr data-start=\"1459\" data-end=\"1494\">\n<td>2 kg<\/td>\n<td>1,5 \u2013 2 konzerve<\/td>\n<\/tr>\n<tr data-start=\"1495\" data-end=\"1528\">\n<td>4 kg<\/td>\n<td>3 \u2013 4 konzerve<\/td>\n<\/tr>\n<tr data-start=\"1529\" data-end=\"1562\">\n<td>6 kg<\/td>\n<td>4 \u2013 5 konzerve<\/td>\n<\/tr>\n<\/tbody>\n<\/table>\n<\/div>\n<p class=\"\" data-start=\"1564\" data-end=\"1718\">Preporu\u010dene koli\u010dine su okvirne \u2013 prilagodite ih u skladu sa aktivno\u0161\u0107u, staro\u0161\u0107u i zdravstvenim stanjem va\u0161e ma\u010dke.<br data-start=\"1680\" data-end=\"1683\" \/>Uvek obezbedite sve\u017eu vodu za pi\u0107e.<\/p>\n<hr class=\"\" data-start=\"1720\" data-end=\"1723\" \/>\n<p class=\"\" data-start=\"1725\" data-end=\"1754\"><strong data-start=\"1725\" data-end=\"1754\">Karakteristike proizvoda:<\/strong><\/p>\n<ul data-start=\"1756\" data-end=\"1954\">\n<li class=\"\" data-start=\"1756\" data-end=\"1805\">\n<p class=\"\" data-start=\"1758\" data-end=\"1805\"><strong data-start=\"1758\" data-end=\"1773\">Kategorija:<\/strong> \u0412\u043b\u0430\u0436\u043d\u044b\u0439 \u043a\u043e\u0440\u043c \u0434\u043b\u044f \u043a\u043e\u0448\u0435\u043a<\/p>\n<\/li>\n<li class=\"\" data-start=\"1806\" data-end=\"1840\">\n<p class=\"\" data-start=\"1808\" data-end=\"1840\"><strong data-start=\"1808\" data-end=\"1817\">Ukus:<\/strong> Piletina i \u0161argarepa<\/p>\n<\/li>\n<li class=\"\" data-start=\"1841\" data-end=\"1924\">\n<p class=\"\" data-start=\"1843\" data-end=\"1924\"><strong data-start=\"1843\" data-end=\"1865\">Specijalna namena:<\/strong> Obrok sa mekom teksturom i povr\u0107em za raznovrsnu ishranu<\/p>\n<\/li>\n<li class=\"\" data-start=\"1925\" data-end=\"1954\">\n<p class=\"\" data-start=\"1927\" data-end=\"1954\"><strong data-start=\"1927\" data-end=\"1950\">Veli\u010dina pakovanja:<\/strong> 85g<\/p>\n<\/li>\n<\/ul>\n<p class=\"\" data-start=\"1956\" data-end=\"2072\">\ud83d\udd17 Vi\u0161e informacija o brendu mo\u017eete prona\u0107i <a class=\"\" href=\"https:\/\/www.happydog-club.com\/ru\/c\/brendovi\/gourmet-hrana-za-macke\/\" target=\"_new\" rel=\"noopener\" data-start=\"2000\" data-end=\"2072\">ovde<\/a><\/p>","protected":false},"excerpt":{"rendered":"<p class=\"\" data-start=\"96\" data-end=\"389\">\ud83d\udc3e Ukusna kombinacija piletine i \u0161argarepe u formi mekanog kola\u010di\u0107a<br data-start=\"163\" data-end=\"166\" \/>\ud83d\udc3e Prava tekstura \u2013 ne\u017ena, so\u010dna i lako se jede<br data-start=\"213\" data-end=\"216\" \/>\ud83d\udc3e Bogat izvor proteina i vlakana za zdravlje i vitalnost ma\u010dke<br data-start=\"279\" data-end=\"282\" \/>\ud83d\udc3e Bez ve\u0161ta\u010dkih aroma, boja i konzervansa<br data-start=\"324\" data-end=\"327\" \/>\ud83d\udc3e Idealna porcija od 85g \u2013 savr\u0161ena sve\u017eina pri svakom obroku<\/p>\n<p class=\"\" data-start=\"391\" data-end=\"705\">GOURMET GOLD Savoury Cake sa piletinom i \u0161argarepom je pravi mali praznik ukusa za va\u0161u ma\u010dku.<br data-start=\"485\" data-end=\"488\" \/>Savr\u0161eno izbalansirana receptura oboga\u0107ena je komadi\u0107ima povr\u0107a i mesa, a forma meke tortice \u010dini ovaj obrok neodoljivo primamljivim.<br data-start=\"621\" data-end=\"624\" \/><strong data-start=\"624\" data-end=\"705\">Poru\u010dite sada i obradujte svoju ma\u010dku jedinstvenim u\u017eitkom u svakom zalogaju!<\/strong><\/p>","protected":false},"featured_media":16523,"comment_status":"open","ping_status":"closed","template":"","meta":{"_acf_changed":false},"product_brand":[],"product_cat":[27,99,37,93,57],"product_tag":[],"class_list":{"0":"post-1686","1":"product","2":"type-product","3":"status-publish","4":"has-post-thumbnail","6":"product_cat-akcija","7":"product_cat-gourmet-hrana-za-macke","8":"product_cat-hrana-za-macke","9":"product_cat-konzerve-za-macke","10":"product_cat-vlazna-hrana-za-macke","12":"first","13":"instock","14":"purchasable","15":"product-type-simple"},"acf":[],"seolaxy_ctr_woo_product_custom_meta_description_content":"","_links":{"self":[{"href":"https:\/\/www.happydog-club.com\/ru\/wp-json\/wp\/v2\/product\/1686","targetHints":{"allow":["GET"]}}],"collection":[{"href":"https:\/\/www.happydog-club.com\/ru\/wp-json\/wp\/v2\/product"}],"about":[{"href":"https:\/\/www.happydog-club.com\/ru\/wp-json\/wp\/v2\/types\/product"}],"replies":[{"embeddable":true,"href":"https:\/\/www.happydog-club.com\/ru\/wp-json\/wp\/v2\/comments?post=1686"}],"version-history":[{"count":2,"href":"https:\/\/www.happydog-club.com\/ru\/wp-json\/wp\/v2\/product\/1686\/revisions"}],"predecessor-version":[{"id":20233,"href":"https:\/\/www.happydog-club.com\/ru\/wp-json\/wp\/v2\/product\/1686\/revisions\/20233"}],"wp:featuredmedia":[{"embeddable":true,"href":"https:\/\/www.happydog-club.com\/ru\/wp-json\/wp\/v2\/media\/16523"}],"wp:attachment":[{"href":"https:\/\/www.happydog-club.com\/ru\/wp-json\/wp\/v2\/media?parent=1686"}],"wp:term":[{"taxonomy":"product_brand","embeddable":true,"href":"https:\/\/www.happydog-club.com\/ru\/wp-json\/wp\/v2\/product_brand?post=1686"},{"taxonomy":"product_cat","embeddable":true,"href":"https:\/\/www.happydog-club.com\/ru\/wp-json\/wp\/v2\/product_cat?post=1686"},{"taxonomy":"product_tag","embeddable":true,"href":"https:\/\/www.happydog-club.com\/ru\/wp-json\/wp\/v2\/product_tag?post=1686"}],"curies":[{"name":"wp","href":"https:\/\/api.w.org\/{rel}","templated":true}]}}