{"id":1879,"date":"2024-11-06T02:48:09","date_gmt":"2024-11-06T01:48:09","guid":{"rendered":"https:\/\/www.happydog-club.com\/?post_type=product&#038;p=1879"},"modified":"2026-05-17T12:00:12","modified_gmt":"2026-05-17T10:00:12","slug":"antiartrozin","status":"publish","type":"product","link":"https:\/\/www.happydog-club.com\/ru\/p\/antiartrozin\/","title":{"rendered":"VET SUPPLEMENTS ANTIARTROZIN 80 TABLETA &#8211; ZA PSE I MA\u010cKE"},"content":{"rendered":"<p class=\"hdopro\">Vitaminski dodatak ishrani za pse i ma\u010dke koji smanjuje bol u zglobovima, doprinosi normalnoj funkciji i o\u010duvanju zdravlja zglobova.<br \/>\nINDIKACIJE:\u2022glukozamin sulfat snabdeva zglobove gradivnim jedinicama potrebnim za regeneraciju \u0107elija o\u0161te\u0107enih osteoartritisom ili povredama, a ima ulogu i u zaceljivanju rana<br \/>\n\u2022stvara faktor biolo\u0161kog matriksa, reguli\u0161e rast \u0107elija i regeneraciju zglobova, bez obzira na prisutnu destruktivnost<br \/>\n\u2022poma\u017ee zaustavljanju bola i potpuno obnovlja hrskavicu u naru\u0161enim zglobovima<br \/>\n\u2022pove\u0107ava proizvodnju kolagena i elastina, najva\u017enijih elemenata vezivnog tkiva<br \/>\n\u2022stvara proteine, podsti\u010de rast hrskavice u o\u0161te\u0107enim zglobovima<br \/>\n\u2022poma\u017ee sintezu hijaluronske kiseline, \u010dime se smanjuje trenje izme\u0111u povr\u0161ina hrskavice<\/p>\n<p class=\"hdopro\"><strong>SASTAV:<\/strong><br \/>\n1 tableta od 1,2 gr sadr\u017ei:<br \/>\nGlukozamin sulfat500 mg<br \/>\nHondroitin sulfat100 mg<br \/>\nL-arginin20 mg<br \/>\nMethylsulphonylmethane (MSM)20 mg<\/p>\n<p class=\"hdopro\"><strong>ANALITI\u010cKI SASTAV:<\/strong><br \/>\nNutritivna vrednost (1 tableta):<br \/>\nProteini biljnog porekla 64,08 mg<br \/>\nUgljeni hidrati biljnog porekla 218,04 mg<br \/>\nMasti biljnog porekla 27,24 mg<br \/>\nKalorije 16,80 KJ\/3,92 kcal<br \/>\nPomo\u0107ne supstance do 1,2 g<br \/>\nMagnezijum stearat \u2013 100 mg, koloidalni anhidrirani silicijum \u2013 30 mg, kukuruzni skrob \u2013 430 mg<\/p>\n<p class=\"hdopro\"><strong>DOZIRANJE:<\/strong><br \/>\nPsi: 1 tableta na 10 kg<br \/>\nMa\u010dke: \u00bd tablete na 5 kg<\/p>","protected":false},"excerpt":{"rendered":"<p>Vitaminski dodatak ishrani za pse i ma\u010dke koji smanjuje bol u zglobovima, doprinosi normalnoj funkciji i o\u010duvanju zdravlja zglobova. INDIKACIJE:\u2022glukozamin sulfat snabdeva zglobove gradivnim jedinicama potrebnim za regeneraciju \u0107elija o\u0161te\u0107enih osteoartritisom ili povredama, a ima ulogu i u zaceljivanju rana \u2022stvara faktor biolo\u0161kog matriksa, reguli\u0161e rast \u0107elija i regeneraciju zglobova, bez obzira na prisutnu destruktivnost [&hellip;]<\/p>\n","protected":false},"featured_media":1904,"comment_status":"open","ping_status":"closed","template":"","meta":{"_acf_changed":false},"product_brand":[],"product_cat":[107,32],"product_tag":[],"class_list":{"0":"post-1879","1":"product","2":"type-product","3":"status-publish","4":"has-post-thumbnail","6":"product_cat-suplementi-za-zivotinje","7":"product_cat-veterinarska-apoteka","9":"first","10":"instock","11":"purchasable","12":"product-type-simple"},"acf":[],"seolaxy_ctr_woo_product_custom_meta_description_content":"","_links":{"self":[{"href":"https:\/\/www.happydog-club.com\/ru\/wp-json\/wp\/v2\/product\/1879","targetHints":{"allow":["GET"]}}],"collection":[{"href":"https:\/\/www.happydog-club.com\/ru\/wp-json\/wp\/v2\/product"}],"about":[{"href":"https:\/\/www.happydog-club.com\/ru\/wp-json\/wp\/v2\/types\/product"}],"replies":[{"embeddable":true,"href":"https:\/\/www.happydog-club.com\/ru\/wp-json\/wp\/v2\/comments?post=1879"}],"version-history":[{"count":2,"href":"https:\/\/www.happydog-club.com\/ru\/wp-json\/wp\/v2\/product\/1879\/revisions"}],"predecessor-version":[{"id":21066,"href":"https:\/\/www.happydog-club.com\/ru\/wp-json\/wp\/v2\/product\/1879\/revisions\/21066"}],"wp:featuredmedia":[{"embeddable":true,"href":"https:\/\/www.happydog-club.com\/ru\/wp-json\/wp\/v2\/media\/1904"}],"wp:attachment":[{"href":"https:\/\/www.happydog-club.com\/ru\/wp-json\/wp\/v2\/media?parent=1879"}],"wp:term":[{"taxonomy":"product_brand","embeddable":true,"href":"https:\/\/www.happydog-club.com\/ru\/wp-json\/wp\/v2\/product_brand?post=1879"},{"taxonomy":"product_cat","embeddable":true,"href":"https:\/\/www.happydog-club.com\/ru\/wp-json\/wp\/v2\/product_cat?post=1879"},{"taxonomy":"product_tag","embeddable":true,"href":"https:\/\/www.happydog-club.com\/ru\/wp-json\/wp\/v2\/product_tag?post=1879"}],"curies":[{"name":"wp","href":"https:\/\/api.w.org\/{rel}","templated":true}]}}