{"id":1925,"date":"2024-11-06T02:48:14","date_gmt":"2024-11-06T01:48:14","guid":{"rendered":"https:\/\/www.happydog-club.com\/?post_type=product&#038;p=1925"},"modified":"2026-05-17T12:00:12","modified_gmt":"2026-05-17T10:00:12","slug":"pro-plan-fortiflora-probiotik-za-pse-kesica-1g","status":"publish","type":"product","link":"https:\/\/www.happydog-club.com\/ru\/p\/pro-plan-fortiflora-probiotik-za-pse-kesica-1g\/","title":{"rendered":"PRO PLAN FORTIFLORA PROBIOTIK ZA PSE &#8211; KESICA 1G"},"content":{"rendered":"<h4 data-start=\"556\" data-end=\"646\">Putovanja mogu biti stresna i za stomak va\u0161eg psa \u2013 neka FortiFlora ide sa vama! \ud83e\uddf3\ud83d\udc3e<\/h4>\n<p data-start=\"648\" data-end=\"844\"><strong data-start=\"648\" data-end=\"700\">Pro Plan FortiFlora probiotik za pse (1g kesica)<\/strong> pru\u017ea sna\u017enu podr\u0161ku digestivnom sistemu, posebno u situacijama kada je pas izlo\u017een stresu zbog promene okru\u017eenja, ishrane ili du\u017eih putovanja.<\/p>\n<p data-start=\"846\" data-end=\"1058\">Formulisan sa <strong data-start=\"860\" data-end=\"894\">korisnim probiotskim kulturama<\/strong>, <strong data-start=\"896\" data-end=\"928\">vitaminima i antioksidansima<\/strong>, ovaj dodatak poma\u017ee u o\u010duvanju zdrave crevne flore i <strong data-start=\"983\" data-end=\"1017\">smanjenju problema sa varenjem<\/strong>, kao \u0161to su dijareja, gasovi i nadutost.<\/p>\n<p data-start=\"1060\" data-end=\"1336\"><strong data-start=\"1060\" data-end=\"1098\">Idealno za letnji Travel Pack jer:<\/strong><br data-start=\"1098\" data-end=\"1101\" \/>\u2714\ufe0f Poma\u017ee kod stoma\u010dnih tegoba izazvanih putovanjem<br data-start=\"1152\" data-end=\"1155\" \/>\u2714\ufe0f Lako se koristi \u2013 jednostavno pospite po obroku<br data-start=\"1205\" data-end=\"1208\" \/>\u2714\ufe0f Jednokratna kesica \u2013 prakti\u010dna za svaki dan<br data-start=\"1254\" data-end=\"1257\" \/>\u2714\ufe0f Preporu\u010duju veterinari \u0161irom sveta<br data-start=\"1294\" data-end=\"1297\" \/>\u2714\ufe0f Za\u0161tita zdravlja va\u0161eg psa u pokretu<\/p>\n<p data-start=\"1338\" data-end=\"1457\">Ne dozvolite da stoma\u010dne tegobe pokvare va\u0161e zajedni\u010dko letovanje \u2013 <strong data-start=\"1406\" data-end=\"1451\">FortiFlora je va\u0161a probiotska prva pomo\u0107!<\/strong> \ud83c\udfd6\ufe0f\ud83e\uddb4<\/p>\n<p class=\"hdopro\">FortiFlora je dodatak ishrani za pse specijalno formulisan je da postigne efikasno dejstvo.<\/p>\n<p class=\"hdopro\">Sadr\u017ei poseban soj probiotika za koji je dokazano da pobolj\u0161ava crevno zdravlje i ravnote\u017eu Sadr\u017ei zagarantovanu koli\u010dinu aktivnih aktivnih kultura.<\/p>\n<p class=\"hdopro\">Promovi\u0161e zdrav imuni sistem Sadr\u017ei visoke nivoe antioksidans Vitamini A, E i C.<\/p>\n<p class=\"hdopro\">Dopunska hrana za ku\u0107ne ljubimce, za odrasle pse i \u0161tence, za pomo\u0107 u podr\u017eavanju zdravlja i ravnote\u017ee sistema za varenje.<\/p>\n<p class=\"hdopro\"><strong>SASTAV:<\/strong><br \/>\nMeso i prera\u0111evine \u017eivotinjskog porekla, minerali.<\/p>\n<p class=\"hdopro\"><strong>DODACI:<\/strong><br \/>\nEnterococcus faecium SF68 NCIMB 10415 (4b1705): 1&#215;1012 CFU\/kg.<\/p>","protected":false},"excerpt":{"rendered":"<p>\ud83e\udda0 <strong data-start=\"232\" data-end=\"278\">Probiotik broj 1 preporu\u010den od veterinara!<\/strong><\/p>\n<p>Pro Plan FortiFlora poma\u017ee u obnavljanju zdrave crevne flore kod pasa sa dijarejom, stoma\u010dnim smetnjama ili tokom stresa i putovanja.<\/p>\n<p>Jednostavna kesica \u2013 veliki efekat! \ud83d\udc36\u2728<\/p>","protected":false},"featured_media":17348,"comment_status":"open","ping_status":"closed","template":"","meta":{"_acf_changed":false},"product_brand":[],"product_cat":[416,107,32],"product_tag":[],"class_list":{"0":"post-1925","1":"product","2":"type-product","3":"status-publish","4":"has-post-thumbnail","6":"product_cat-proizvodi-za-putovanje-sa-ljubimcem","7":"product_cat-suplementi-za-zivotinje","8":"product_cat-veterinarska-apoteka","10":"first","11":"instock","12":"purchasable","13":"product-type-simple"},"acf":[],"seolaxy_ctr_woo_product_custom_meta_description_content":"","_links":{"self":[{"href":"https:\/\/www.happydog-club.com\/ru\/wp-json\/wp\/v2\/product\/1925","targetHints":{"allow":["GET"]}}],"collection":[{"href":"https:\/\/www.happydog-club.com\/ru\/wp-json\/wp\/v2\/product"}],"about":[{"href":"https:\/\/www.happydog-club.com\/ru\/wp-json\/wp\/v2\/types\/product"}],"replies":[{"embeddable":true,"href":"https:\/\/www.happydog-club.com\/ru\/wp-json\/wp\/v2\/comments?post=1925"}],"version-history":[{"count":5,"href":"https:\/\/www.happydog-club.com\/ru\/wp-json\/wp\/v2\/product\/1925\/revisions"}],"predecessor-version":[{"id":22371,"href":"https:\/\/www.happydog-club.com\/ru\/wp-json\/wp\/v2\/product\/1925\/revisions\/22371"}],"wp:featuredmedia":[{"embeddable":true,"href":"https:\/\/www.happydog-club.com\/ru\/wp-json\/wp\/v2\/media\/17348"}],"wp:attachment":[{"href":"https:\/\/www.happydog-club.com\/ru\/wp-json\/wp\/v2\/media?parent=1925"}],"wp:term":[{"taxonomy":"product_brand","embeddable":true,"href":"https:\/\/www.happydog-club.com\/ru\/wp-json\/wp\/v2\/product_brand?post=1925"},{"taxonomy":"product_cat","embeddable":true,"href":"https:\/\/www.happydog-club.com\/ru\/wp-json\/wp\/v2\/product_cat?post=1925"},{"taxonomy":"product_tag","embeddable":true,"href":"https:\/\/www.happydog-club.com\/ru\/wp-json\/wp\/v2\/product_tag?post=1925"}],"curies":[{"name":"wp","href":"https:\/\/api.w.org\/{rel}","templated":true}]}}