{"id":2086,"date":"2024-11-06T02:48:30","date_gmt":"2024-11-06T01:48:30","guid":{"rendered":"https:\/\/www.happydog-club.com\/?post_type=product&#038;p=2086"},"modified":"2026-05-17T12:00:18","modified_gmt":"2026-05-17T10:00:18","slug":"royal-canin-hypoallergenic-cat-2-5kg","status":"publish","type":"product","link":"https:\/\/www.happydog-club.com\/ru\/p\/royal-canin-hypoallergenic-cat-2-5kg\/","title":{"rendered":"ROYAL CANIN HYPOALLERGENIC CAT 2.5KG"},"content":{"rendered":"<p class=\"hdopro\"><span class=\"relative -mx-px my-[-0.2rem] rounded px-px py-[0.2rem]\">ROYAL CANIN Hypoallergenic Cat je kompletna dijetetska suva hrana namenjena odraslim ma\u010dkama koje pate od nepovoljnih reakcija na hranu (AFR), uklju\u010duju\u0107i alergije i intolerancije.<\/span> <span class=\"relative -mx-px my-[-0.2rem] rounded px-px py-[0.2rem]\">Formulisana je sa hidrolizovanim sojinim proteinskim izolatima niske molekulske mase, \u0161to smanjuje rizik od alergijskih reakcija.<\/span> <span class=\"relative -mx-px my-[-0.2rem] rounded px-px py-[0.2rem]\">Ova specijalna formula tako\u0111e sadr\u017ei kompleks nutrijenata koji ja\u010daju prirodnu za\u0161titnu barijeru ko\u017ee, dok omega-3 masne kiseline (EPA\/DHA) podr\u017eavaju zdravlje digestivnog sistema i ko\u017ee.<\/span> <span class=\"relative -mx-px my-[-0.2rem] rounded px-px py-[0.2rem]\">Visokokvalitetni, lako svarljivi proteini i prebiotici doprinose balansu crevne flore i optimalnom varenju.<\/span><\/p>\n<p class=\"hdopro\"><strong>SASTAV:<\/strong><br \/>\npirina\u010d, hidrolizirani izolat proteina soje, \u017eivotinjske masti, biljna vlakna, minerali, repina pulpa, hidrolizirana jetra peradi, sojino ulje, riblje ulje, fruktooligosaharidi, ulje bora\u017eine, ekstrakt nevena (izvor luteina). Izvori proteina: hidrolizirani izolat proteina soje, hidrolizirana jetra peradi. Izvor ugljikohidrata: ri\u017ea.<\/p>\n<p class=\"hdopro\"><strong>ADITIVI:<\/strong><br \/>\nVitamin A: 27000 IU, Vitamin D3: 800 IU, E1 (\u017eeljezo): 41 mg, E2 (jod): 3,7 mg, E4 (bakar): 15 mg, E5 (mangan): 54 mg, E6 (cink): 153 mg, E8 (Selen): 0,26 mg &#8211; Tehnolo\u0161ki dodaci: Klinoptilolit sedimentnog porijekla: 5 g &#8211; Konzervansi &#8211; Antioksidansi.<\/p>\n<p class=\"hdopro\"><strong>ANALITI\u010cKI SASTAV:<\/strong><br \/>\nProteini: 25,5% &#8211; Udio masti: 20,0% &#8211; Sirovi pepeo: 6,3% &#8211; Sirova vlakna: 3,6% &#8211; Po kg: esencijalne masne kiseline (Linolna kiselina &#8211; Arahidonska kiselina): 46,4 g &#8211; EPA\/DHA: 3,2 g &#8211; Omega 3 masne kiseline kiseline: 9,8 g. Metabolizna energija: 410 kcal \/ 100 g.<\/p>\n<p class=\"hdopro\"><strong>SAVET ZA PRIMENU:<\/strong><br \/>\nKoristiti po uputu va\u0161eg veterinara. Svaki ljubimac ima individualne rekacije. Preporu\u010deno je dve porcije dnevno.<\/p>\n<p class=\"\" data-start=\"1136\" data-end=\"1181\"><strong data-start=\"1136\" data-end=\"1181\">Preporuka za hranjenje (dnevna koli\u010dina):<\/strong><\/p>\n<div class=\"overflow-x-auto contain-inline-size\">\n<table data-start=\"1183\" data-end=\"3463\">\n<thead data-start=\"1183\" data-end=\"1271\">\n<tr data-start=\"1183\" data-end=\"1271\">\n<th data-start=\"1183\" data-end=\"1206\">Telesna te\u017eina ma\u010dke<\/th>\n<th data-start=\"1206\" data-end=\"1223\">Mr\u0161ava (g\/dan)<\/th>\n<th data-start=\"1223\" data-end=\"1242\">Normalna (g\/dan)<\/th>\n<th data-start=\"1242\" data-end=\"1271\">Prekomerna te\u017eina (g\/dan)<\/th>\n<\/tr>\n<\/thead>\n<tbody data-start=\"1361\" data-end=\"3463\">\n<tr data-start=\"1361\" data-end=\"1589\">\n<td><span class=\"relative -mx-px my-[-0.2rem] rounded px-px py-[0.2rem]\">2 kg<\/span><\/td>\n<td><span class=\"relative -mx-px my-[-0.2rem] rounded px-px py-[0.2rem]\">37 g<\/span><\/td>\n<td><span class=\"relative -mx-px my-[-0.2rem] rounded px-px py-[0.2rem]\">31 g<\/span><\/td>\n<td><span class=\"relative -mx-px my-[-0.2rem] rounded px-px py-[0.2rem]\">25 g<\/span><\/td>\n<\/tr>\n<tr data-start=\"1590\" data-end=\"1818\">\n<td><span class=\"relative -mx-px my-[-0.2rem] rounded px-px py-[0.2rem]\">3 kg<\/span><\/td>\n<td><span class=\"relative -mx-px my-[-0.2rem] rounded px-px py-[0.2rem]\">50 g<\/span><\/td>\n<td><span class=\"relative -mx-px my-[-0.2rem] rounded px-px py-[0.2rem]\">41 g<\/span><\/td>\n<td><span class=\"relative -mx-px my-[-0.2rem] rounded px-px py-[0.2rem]\">33 g<\/span><\/td>\n<\/tr>\n<tr data-start=\"1819\" data-end=\"2047\">\n<td><span class=\"relative -mx-px my-[-0.2rem] rounded px-px py-[0.2rem]\">4 kg<\/span><\/td>\n<td><span class=\"relative -mx-px my-[-0.2rem] rounded px-px py-[0.2rem]\">61 g<\/span><\/td>\n<td><span class=\"relative -mx-px my-[-0.2rem] rounded px-px py-[0.2rem]\">51 g<\/span><\/td>\n<td><span class=\"relative -mx-px my-[-0.2rem] rounded px-px py-[0.2rem]\">41 g<\/span><\/td>\n<\/tr>\n<tr data-start=\"2048\" data-end=\"2276\">\n<td><span class=\"relative -mx-px my-[-0.2rem] rounded px-px py-[0.2rem]\">5 kg<\/span><\/td>\n<td><span class=\"relative -mx-px my-[-0.2rem] rounded px-px py-[0.2rem]\">71 g<\/span><\/td>\n<td><span class=\"relative -mx-px my-[-0.2rem] rounded px-px py-[0.2rem]\">60 g<\/span><\/td>\n<td><span class=\"relative -mx-px my-[-0.2rem] rounded px-px py-[0.2rem]\">48 g<\/span><\/td>\n<\/tr>\n<tr data-start=\"2277\" data-end=\"2505\">\n<td><span class=\"relative -mx-px my-[-0.2rem] rounded px-px py-[0.2rem]\">6 kg<\/span><\/td>\n<td><span class=\"relative -mx-px my-[-0.2rem] rounded px-px py-[0.2rem]\">81 g<\/span><\/td>\n<td><span class=\"relative -mx-px my-[-0.2rem] rounded px-px py-[0.2rem]\">68 g<\/span><\/td>\n<td><span class=\"relative -mx-px my-[-0.2rem] rounded px-px py-[0.2rem]\">54 g<\/span><\/td>\n<\/tr>\n<tr data-start=\"2506\" data-end=\"2734\">\n<td><span class=\"relative -mx-px my-[-0.2rem] rounded px-px py-[0.2rem]\">7 kg<\/span><\/td>\n<td><span class=\"relative -mx-px my-[-0.2rem] rounded px-px py-[0.2rem]\">91 g<\/span><\/td>\n<td><span class=\"relative -mx-px my-[-0.2rem] rounded px-px py-[0.2rem]\">76 g<\/span><\/td>\n<td><span class=\"relative -mx-px my-[-0.2rem] rounded px-px py-[0.2rem]\">61 g<\/span><\/td>\n<\/tr>\n<tr data-start=\"2735\" data-end=\"2962\">\n<td><span class=\"relative -mx-px my-[-0.2rem] rounded px-px py-[0.2rem]\">8 kg<\/span><\/td>\n<td><span class=\"relative -mx-px my-[-0.2rem] rounded px-px py-[0.2rem]\">100 g<\/span><\/td>\n<td><span class=\"relative -mx-px my-[-0.2rem] rounded px-px py-[0.2rem]\">83 g<\/span><\/td>\n<td><span class=\"relative -mx-px my-[-0.2rem] rounded px-px py-[0.2rem]\">67 g<\/span><\/td>\n<\/tr>\n<tr data-start=\"2963\" data-end=\"3190\">\n<td><span class=\"relative -mx-px my-[-0.2rem] rounded px-px py-[0.2rem]\">9 kg<\/span><\/td>\n<td><span class=\"relative -mx-px my-[-0.2rem] rounded px-px py-[0.2rem]\">109 g<\/span><\/td>\n<td><span class=\"relative -mx-px my-[-0.2rem] rounded px-px py-[0.2rem]\">91 g<\/span><\/td>\n<td><span class=\"relative -mx-px my-[-0.2rem] rounded px-px py-[0.2rem]\">72 g<\/span><\/td>\n<\/tr>\n<tr data-start=\"3191\" data-end=\"3463\">\n<td><span class=\"relative -mx-px my-[-0.2rem] rounded px-px py-[0.2rem]\">10 kg<\/span><\/td>\n<td><span class=\"relative -mx-px my-[-0.2rem] rounded px-px py-[0.2rem]\">117 g<\/span><\/td>\n<td><span class=\"relative -mx-px my-[-0.2rem] rounded px-px py-[0.2rem]\">98 g<\/span><\/td>\n<td><span class=\"relative -mx-px my-[-0.2rem] rounded px-px py-[0.2rem]\">78 g<\/span><\/td>\n<\/tr>\n<\/tbody>\n<\/table>\n<\/div>\n<p class=\"\" data-start=\"3465\" data-end=\"3620\"><em data-start=\"3465\" data-end=\"3620\">Napomena: Uvek obezbedite sve\u017eu vodu za pi\u0107e. Preporu\u010duje se konsultacija sa veterinarom pre po\u010detka kori\u0161\u0107enja ove hrane ili produ\u017eenja perioda ishrane.<\/em><\/p>\n<p class=\"\" data-start=\"3627\" data-end=\"3656\"><strong data-start=\"3627\" data-end=\"3656\">Karakteristike proizvoda:<\/strong><\/p>\n<ul data-start=\"3658\" data-end=\"4082\">\n<li class=\"\" data-start=\"3658\" data-end=\"3761\">\n<p class=\"\" data-start=\"3660\" data-end=\"3761\"><strong data-start=\"3660\" data-end=\"3674\">Kategorija<\/strong>: <span class=\"relative -mx-px my-[-0.2rem] rounded px-px py-[0.2rem]\">Suva dijetetska hrana za odrasle ma\u010dke<\/span>\u200b<\/p>\n<\/li>\n<li class=\"\" data-start=\"3762\" data-end=\"3859\">\n<p class=\"\" data-start=\"3764\" data-end=\"3859\"><strong data-start=\"3764\" data-end=\"3772\">Ukus<\/strong>: <span class=\"relative -mx-px my-[-0.2rem] rounded px-px py-[0.2rem]\">Piletina<\/span>\u200b<\/p>\n<\/li>\n<li class=\"\" data-start=\"3860\" data-end=\"3970\">\n<p class=\"\" data-start=\"3862\" data-end=\"3970\"><strong data-start=\"3862\" data-end=\"3883\">Specijalna namena<\/strong>: <span class=\"relative -mx-px my-[-0.2rem] rounded px-px py-[0.2rem]\">Smanjenje nepovoljnih reakcija na hranu, podr\u0161ka zdravlju ko\u017ee i digestivnog sistema<\/span>\u200b<\/p>\n<\/li>\n<li class=\"\" data-start=\"3971\" data-end=\"4082\">\n<p class=\"\" data-start=\"3973\" data-end=\"4082\"><strong data-start=\"3973\" data-end=\"3995\">Veli\u010dina pakovanja<\/strong>: <span class=\"relative -mx-px my-[-0.2rem] rounded px-px py-[0.2rem]\">2,5kg<\/span><\/p>\n<\/li>\n<\/ul>\n<p class=\"\" data-start=\"3973\" data-end=\"4082\">Vi\u0161e informacija o brendu mo\u017eete prona\u0107i <a href=\"https:\/\/www.happydog-club.com\/c\/brendovi\/royal-canin-hrana-za-macke\/\">ovde<\/a>.<\/p>\n","protected":false},"excerpt":{"rendered":"<p>ROYAL CANIN Hypoallergenic Cat je kompletna dijetetska suva hrana namenjena odraslim ma\u010dkama koje pate od nepovoljnih reakcija na hranu (AFR), uklju\u010duju\u0107i alergije i intolerancije. Formulisana je sa hidrolizovanim sojinim proteinskim izolatima niske molekulske mase, \u0161to smanjuje rizik od alergijskih reakcija. Ova specijalna formula tako\u0111e sadr\u017ei kompleks nutrijenata koji ja\u010daju prirodnu za\u0161titnu barijeru ko\u017ee, dok omega-3 [&hellip;]<\/p>\n","protected":false},"featured_media":17132,"comment_status":"open","ping_status":"closed","template":"","meta":{"_acf_changed":false},"product_brand":[],"product_cat":[120,39,32],"product_tag":[],"class_list":{"0":"post-2086","1":"product","2":"type-product","3":"status-publish","4":"has-post-thumbnail","6":"product_cat-medicinska-hrana-za-macke","7":"product_cat-royal-canin-hrana-za-macke","8":"product_cat-veterinarska-apoteka","10":"first","11":"instock","12":"purchasable","13":"product-type-simple"},"acf":[],"seolaxy_ctr_woo_product_custom_meta_description_content":"","_links":{"self":[{"href":"https:\/\/www.happydog-club.com\/ru\/wp-json\/wp\/v2\/product\/2086","targetHints":{"allow":["GET"]}}],"collection":[{"href":"https:\/\/www.happydog-club.com\/ru\/wp-json\/wp\/v2\/product"}],"about":[{"href":"https:\/\/www.happydog-club.com\/ru\/wp-json\/wp\/v2\/types\/product"}],"replies":[{"embeddable":true,"href":"https:\/\/www.happydog-club.com\/ru\/wp-json\/wp\/v2\/comments?post=2086"}],"version-history":[{"count":3,"href":"https:\/\/www.happydog-club.com\/ru\/wp-json\/wp\/v2\/product\/2086\/revisions"}],"predecessor-version":[{"id":20402,"href":"https:\/\/www.happydog-club.com\/ru\/wp-json\/wp\/v2\/product\/2086\/revisions\/20402"}],"wp:featuredmedia":[{"embeddable":true,"href":"https:\/\/www.happydog-club.com\/ru\/wp-json\/wp\/v2\/media\/17132"}],"wp:attachment":[{"href":"https:\/\/www.happydog-club.com\/ru\/wp-json\/wp\/v2\/media?parent=2086"}],"wp:term":[{"taxonomy":"product_brand","embeddable":true,"href":"https:\/\/www.happydog-club.com\/ru\/wp-json\/wp\/v2\/product_brand?post=2086"},{"taxonomy":"product_cat","embeddable":true,"href":"https:\/\/www.happydog-club.com\/ru\/wp-json\/wp\/v2\/product_cat?post=2086"},{"taxonomy":"product_tag","embeddable":true,"href":"https:\/\/www.happydog-club.com\/ru\/wp-json\/wp\/v2\/product_tag?post=2086"}],"curies":[{"name":"wp","href":"https:\/\/api.w.org\/{rel}","templated":true}]}}