{"id":2096,"date":"2024-11-06T02:48:30","date_gmt":"2024-11-06T01:48:30","guid":{"rendered":"https:\/\/www.happydog-club.com\/?post_type=product&#038;p=2096"},"modified":"2026-05-17T12:00:10","modified_gmt":"2026-05-17T10:00:10","slug":"royal-canin-diabetic-za-mace-1-5kg","status":"publish","type":"product","link":"https:\/\/www.happydog-club.com\/ru\/p\/royal-canin-diabetic-za-mace-1-5kg\/","title":{"rendered":"ROYAL CANIN DIABETIC ZA MACE 1.5KG"},"content":{"rendered":"<p><strong>Royal Canin Diabetic<\/strong> je kompletna veterinarska suva hrana namenjena odraslim ma\u010dkama sa dijabetesom. Njena specijalna formula ima nizak glikemijski indeks, \u0161to poma\u017ee u izbegavanju naglih skokova glukoze u krvi. Zbog visokog sadr\u017eaja proteina, ova hrana doprinosi o\u010duvanju mi\u0161i\u0107ne mase, \u0161to je va\u017eno za dugoro\u010dno zdravlje i vitalnost ma\u010dke.<\/p>\n<p>Pove\u0107an nivo vlakana usporava apsorpciju glukoze i doprinosi du\u017eem ose\u0107aju sitosti, \u0161to dodatno poma\u017ee kod regulacije telesne mase. Hrana je pogodna i za ma\u010dke sa tendencijom ka gojaznosti, kao i za one koje su ve\u0107 pod insulinskom terapijom.<\/p>\n<p>Preporu\u010duje se kori\u0161\u0107enje ove hrane isklju\u010divo uz nadzor veterinara i redovno pra\u0107enje glikemijskih parametara.<\/p>\n<p class=\"hdopro\"><strong>SASTAV:<\/strong><br \/>\ndehidrirano meso \u017eivine, kukuruzni gluten, je\u010dam, kukuruzno bra\u0161no, izolat proteina soje*, biljna vlakna, \u017eivotinjske masti, hidrolizovani \u017eivotinjski proteini, repina pulpa, minerali, psyllium semenke, riblje ulje, frukto-oligo-saharidi, kalijum citrat, sojino ulje, ekstrakti zelenog \u010daja i gro\u017e\u0111a (izvor polifenola), taurin, hidrolizovani ljuskari (izvor glukozamina), L-karnitin, hidrolizovana hrskavica (izvor hondroitina), ekstrakt nevenovog cveta (izvor luteina).*Izvor proteina visoke svarljivosti. Dodaci po kg: Vitamini\/kg: A:26000 IJ, D3:900 IJ,E:550 mg<\/p>\n<p class=\"hdopro\"><strong>ANALITI\u010cKI SASTAV:<\/strong><br \/>\nsirovi proteini: 46%, sirova ulja i masti: 12%, sirovi pepeo: 6,4%, sirova vlakna: 4,5%, skrob: 17,4%.<\/p>\n<p class=\"hdopro\"><strong>SAVET ZA PRIMENU:<\/strong><br \/>\nKoristiti po uputu va\u0161eg veterinara. Hraniti macu do 6 meseci, ukoliko je potrebno produ\u017eavanje konsultovati veterinara.<\/p>","protected":false},"excerpt":{"rendered":"<p><strong>Formulisano za podr\u0161ku ma\u010dkama sa dijabetesom mellitus<\/strong><\/p>\n<p><strong>Nizak udeo skroba \u2013 doprinosi stabilizaciji \u0161e\u0107era u krvi<\/strong><\/p>\n<p><strong>Oboga\u0107eno vlaknima za usporeno osloba\u0111anje glukoze<\/strong><\/p>\n<p><strong>Podr\u017eava odr\u017eavanje mi\u0161i\u0107ne mase uz regulaciju telesne te\u017eine<\/strong><\/p>\n<p>Pakovanje od 1.5kg \u2013 idealno za svakodnevnu upotrebu kod odraslih ma\u010daka<\/p>\n<p><strong>Ma\u010dke sa dijabetesom zahtevaju pa\u017eljivo balansiranu ishranu<\/strong>. Royal Canin Diabetic je klini\u010dki dokazana formula koja poma\u017ee u kontroli glikemije i pru\u017ea potrebne nutrijente bez naglih skokova \u0161e\u0107era.<\/p>\n<p>Poru\u010dite odmah i obezbedite svojoj ma\u010dki dijetalnu podr\u0161ku koja poma\u017ee u svakodnevnoj borbi sa dijabetesom!<\/p>\n<p>&nbsp;<\/p>","protected":false},"featured_media":17131,"comment_status":"open","ping_status":"closed","template":"","meta":{"_acf_changed":false},"product_brand":[],"product_cat":[120,39,32],"product_tag":[],"class_list":{"0":"post-2096","1":"product","2":"type-product","3":"status-publish","4":"has-post-thumbnail","6":"product_cat-medicinska-hrana-za-macke","7":"product_cat-royal-canin-hrana-za-macke","8":"product_cat-veterinarska-apoteka","10":"first","11":"instock","12":"purchasable","13":"product-type-simple"},"acf":[],"seolaxy_ctr_woo_product_custom_meta_description_content":"","_links":{"self":[{"href":"https:\/\/www.happydog-club.com\/ru\/wp-json\/wp\/v2\/product\/2096","targetHints":{"allow":["GET"]}}],"collection":[{"href":"https:\/\/www.happydog-club.com\/ru\/wp-json\/wp\/v2\/product"}],"about":[{"href":"https:\/\/www.happydog-club.com\/ru\/wp-json\/wp\/v2\/types\/product"}],"replies":[{"embeddable":true,"href":"https:\/\/www.happydog-club.com\/ru\/wp-json\/wp\/v2\/comments?post=2096"}],"version-history":[{"count":2,"href":"https:\/\/www.happydog-club.com\/ru\/wp-json\/wp\/v2\/product\/2096\/revisions"}],"predecessor-version":[{"id":20411,"href":"https:\/\/www.happydog-club.com\/ru\/wp-json\/wp\/v2\/product\/2096\/revisions\/20411"}],"wp:featuredmedia":[{"embeddable":true,"href":"https:\/\/www.happydog-club.com\/ru\/wp-json\/wp\/v2\/media\/17131"}],"wp:attachment":[{"href":"https:\/\/www.happydog-club.com\/ru\/wp-json\/wp\/v2\/media?parent=2096"}],"wp:term":[{"taxonomy":"product_brand","embeddable":true,"href":"https:\/\/www.happydog-club.com\/ru\/wp-json\/wp\/v2\/product_brand?post=2096"},{"taxonomy":"product_cat","embeddable":true,"href":"https:\/\/www.happydog-club.com\/ru\/wp-json\/wp\/v2\/product_cat?post=2096"},{"taxonomy":"product_tag","embeddable":true,"href":"https:\/\/www.happydog-club.com\/ru\/wp-json\/wp\/v2\/product_tag?post=2096"}],"curies":[{"name":"wp","href":"https:\/\/api.w.org\/{rel}","templated":true}]}}