{"id":2110,"date":"2024-11-06T02:48:30","date_gmt":"2024-11-06T01:48:30","guid":{"rendered":"https:\/\/www.happydog-club.com\/?post_type=product&#038;p=2110"},"modified":"2026-05-17T12:00:11","modified_gmt":"2026-05-17T10:00:11","slug":"hills-kidney-care-k-d-hrana-za-macke-1-5kg","status":"publish","type":"product","link":"https:\/\/www.happydog-club.com\/ru\/p\/hills-kidney-care-k-d-hrana-za-macke-1-5kg\/","title":{"rendered":"HILLS KIDNEY CARE K\/D HRANA ZA MA\u010cKE 1.5KG"},"content":{"rendered":"<p class=\"hdopro\">Hill&#8217;s Prescription Diet Feline k\/d Kidney Care prikladna je za ishranu ma\u010daka s bolesnim bubrezima, bogata omega-3 masnim kiselinama i pobolj\u0161ava krvotok u bubrezima. Sadr\u017ei smanjeni procenat belan\u010devina i fosfora: za spre\u010davanje slabosti bubrega. Dodatak omega-3 masnih kiselina iz ribljeg ulja pobolj\u0161ava protok krvi u bubrezima.Visok sadr\u017eaj antioksidansa poma\u017ee neutralizaciji \u0161tetnih slobodnih radikala. Odli\u010dan ukus suve hrane daje Vam priliku da razmazite va\u0161u ma\u010dku.<br \/>\n<strong>INDIKACIJE<\/strong><br \/>\n\u2022 Hroni\u010dna bubre\u017ena bolest kod ma\u010daka<br \/>\n\u2022 Sr\u010dani poremec\u0301aji kod ma\u010daka<br \/>\n\u2022 Urat i cistin urolitijaza u ma\u010dku<br \/>\n<strong>KONTRAINDIKACIJE<\/strong><br \/>\n\u2022Nije prikladno za ma\u010dke u razvoju<br \/>\n\u2022Nije prikladno za skotne ili ma\u010dke u laktaciji<br \/>\n\u2022Nije prikladno za ma\u010dke s nedostatkom natrijuma<\/p>\n<p class=\"hdopro\"><strong>SASTAV:<\/strong><br \/>\n\u017ditarice, biljni ekstrakti belan\u010devina, ulja i masno\u0107e, meso i \u017eivotinjski nusproizvodi, jaja i proizvodi od jaja, minerali, biljni nusproizvodi. Izvori belan\u010devina: kukuruzni skrob, bra\u0161no mesa \u017eivine, osu\u0161eno jaje, vitamin A (37.690 IE\/kg), vitamin D3 (1.980 IE\/kg), gvo\u017e\u0111e (132 mg\/kg), jod (2,0 mg\/kg), bakar (16,8 mg\/kg), mangan (5,8 mg\/kg), cink (112 mg\/kg), selen (0,3 mg\/kg) &#8211; s prirodnim antioksidansima.<\/p>\n<p class=\"hdopro\"><strong>ANALITI\u010cKI SASTAV:<\/strong><br \/>\nSirovi proteini 28.8%; sirove masti 22.3%; sirova vlakna 1.0%; kalcijum 0.73%; fosfor 0.48%; natrijum 0.24%; kalijum 0.76%; magnezijum 0.05%; taurin 0.24%; beta karoten 1.6 mg\/kg; omega-3 masne kiseline 1.06%; omega-6 masne kiseline 3.43%; skrob 43.3%; vit A 18201.0 IU; vit C 74.0 mg\/kg; vit D3 899.0 IU; vit E 582.0 mg\/kg;<\/p>","protected":false},"excerpt":{"rendered":"<p>Hill&#8217;s Prescription Diet Feline k\/d Kidney Care prikladna je za ishranu ma\u010daka s bolesnim bubrezima, bogata omega-3 masnim kiselinama i pobolj\u0161ava krvotok u bubrezima. Sadr\u017ei smanjeni procenat belan\u010devina i fosfora: za spre\u010davanje slabosti bubrega. Dodatak omega-3 masnih kiselina iz ribljeg ulja pobolj\u0161ava protok krvi u bubrezima.Visok sadr\u017eaj antioksidansa poma\u017ee neutralizaciji \u0161tetnih slobodnih radikala. Odli\u010dan ukus [&hellip;]<\/p>\n","protected":false},"featured_media":2136,"comment_status":"open","ping_status":"closed","template":"","meta":{"_acf_changed":false},"product_brand":[457],"product_cat":[27,456,120,32],"product_tag":[],"class_list":{"0":"post-2110","1":"product","2":"type-product","3":"status-publish","4":"has-post-thumbnail","6":"product_brand-hills","7":"product_cat-akcija","8":"product_cat-hills-hrana-za-macke","9":"product_cat-medicinska-hrana-za-macke","10":"product_cat-veterinarska-apoteka","12":"first","13":"instock","14":"purchasable","15":"product-type-simple"},"acf":[],"seolaxy_ctr_woo_product_custom_meta_description_content":"","_links":{"self":[{"href":"https:\/\/www.happydog-club.com\/ru\/wp-json\/wp\/v2\/product\/2110","targetHints":{"allow":["GET"]}}],"collection":[{"href":"https:\/\/www.happydog-club.com\/ru\/wp-json\/wp\/v2\/product"}],"about":[{"href":"https:\/\/www.happydog-club.com\/ru\/wp-json\/wp\/v2\/types\/product"}],"replies":[{"embeddable":true,"href":"https:\/\/www.happydog-club.com\/ru\/wp-json\/wp\/v2\/comments?post=2110"}],"version-history":[{"count":2,"href":"https:\/\/www.happydog-club.com\/ru\/wp-json\/wp\/v2\/product\/2110\/revisions"}],"predecessor-version":[{"id":23787,"href":"https:\/\/www.happydog-club.com\/ru\/wp-json\/wp\/v2\/product\/2110\/revisions\/23787"}],"wp:featuredmedia":[{"embeddable":true,"href":"https:\/\/www.happydog-club.com\/ru\/wp-json\/wp\/v2\/media\/2136"}],"wp:attachment":[{"href":"https:\/\/www.happydog-club.com\/ru\/wp-json\/wp\/v2\/media?parent=2110"}],"wp:term":[{"taxonomy":"product_brand","embeddable":true,"href":"https:\/\/www.happydog-club.com\/ru\/wp-json\/wp\/v2\/product_brand?post=2110"},{"taxonomy":"product_cat","embeddable":true,"href":"https:\/\/www.happydog-club.com\/ru\/wp-json\/wp\/v2\/product_cat?post=2110"},{"taxonomy":"product_tag","embeddable":true,"href":"https:\/\/www.happydog-club.com\/ru\/wp-json\/wp\/v2\/product_tag?post=2110"}],"curies":[{"name":"wp","href":"https:\/\/api.w.org\/{rel}","templated":true}]}}