{"id":2147,"date":"2024-11-06T02:48:36","date_gmt":"2024-11-06T01:48:36","guid":{"rendered":"https:\/\/www.happydog-club.com\/?post_type=product&#038;p=2147"},"modified":"2026-05-17T12:00:13","modified_gmt":"2026-05-17T10:00:13","slug":"royal-canin-gastrointestinal-fiber-response-za-mace-400g","status":"publish","type":"product","link":"https:\/\/www.happydog-club.com\/ru\/p\/royal-canin-gastrointestinal-fiber-response-za-mace-400g\/","title":{"rendered":"ROYAL CANIN GASTROINTESTINAL FIBER RESPONSE ZA MACE 400G"},"content":{"rendered":"<p><strong>Royal Canin Gastrointestinal Fiber Response<\/strong> je kompletna dijetetska hrana namenjena odraslim ma\u010dkama koje se suo\u010davaju sa problemima poput akutne ili hroni\u010dne konstipacije. Specijalno formulisana sa uravnote\u017eenim nivoom dijetalnih vlakana, uklju\u010duju\u0107i psilijum, ova hrana poma\u017ee u olak\u0161anju crevnog tranzita i pobolj\u0161ava kvalitet stolice.\u200b<\/p>\n<p>Visoko svarljivi proteini i prebiotici doprinose odr\u017eavanju zdrave crevne flore, dok omega-3 masne kiseline (EPA\/DHA) iz ribljeg ulja smanjuju upalne procese i podr\u017eavaju zdravlje digestivnog trakta. Pored toga, hrana je oboga\u0107ena specifi\u010dnim antioksidantnim kompleksom koji poma\u017ee u neutralizaciji slobodnih radikala i podr\u017eava imunolo\u0161ki sistem va\u0161e ma\u010dke.\u200b<br \/>\n<strong>Ova hrana je pogodna za ma\u010dke koje pate od konstipacije.<\/strong><\/p>\n<p>Preporu\u010duje se konsultacija sa veterinarom pre zapo\u010dinjanja ove dijetetske ishrane.<\/p>\n<p class=\"hdopro\"><strong>SASTAV:<\/strong><br \/>\nDehidrogenovani protein \u017eivine, pirina\u010d, kukuruz, kukuruzni gluten, \u017eivotinjska mast, psilijum, hidrolizovani proteini \u017eivotinjskog porekla, cikorija, minerali, jaje u prahu, riblje ulje, kvasac, sojino ulje, frukto-oligo-saharidi, hidrolizovani kvasac, ekstrakt nevena<\/p>\n<p class=\"hdopro\"><strong>ADITIVI:<\/strong><br \/>\nVitamin A: 22000 IU, vitamin D3: 800 IU, E1 (gvo\u017e\u0111e): 39 mg, E2 (jod): 3,0 mg, E4 (bakar): 7 mg, E5 (mangan): 51 mg, E6 (cink): 168 mg, E8 (selen): 0,07 mg &#8211; Konzervansi &#8211; Antioksidansi<\/p>\n<p class=\"hdopro\"><strong>ANALITI\u010cKI SASTAV:<\/strong><br \/>\nProtein: 31.0% &#8211; Sadr\u017eaj masti: 15.0%; Sirova vlakna: 2.9%<\/p>\n<p class=\"hdopro\"><strong>SAVET ZA PRIMENU:<\/strong><br \/>\nKoristiti po uputu va\u0161eg veterinara. Preporu\u010dena ishrana je tri do \u010detiri nedelje u dva obroka. Pre upotrebe posavetovati se sa veterinarom.<\/p>\n<p>Ovaj proizvod je dostupan za brzu isporuku \u2013 naru\u010dite sada i obezbedite svojoj ma\u010dki ishranu koja podr\u017eava njeno zdravlje!<\/p>\n<p>Vi\u0161e informacija o brendu mo\u017eete prona\u0107i <a href=\"https:\/\/www.happydog-club.com\/ru\/c\/brendovi\/royal-canin-hrana-za-macke\/\">ovde<\/a><\/p>","protected":false},"excerpt":{"rendered":"<p><strong>Pobolj\u0161ava crevni tranzit zahvaljuju\u0107i specifi\u010dnoj kombinaciji dijetalnih vlakana<\/strong><\/p>\n<p><strong>Visoko svarljivi proteini i prebiotici podr\u017eavaju zdravlje digestivnog sistema<\/strong><\/p>\n<p><strong>Oboga\u0107ena omega-3 masnim kiselinama (EPA\/DHA) za smanjenje upalnih procesa<\/strong><\/p>\n<p><strong>Izuzetno ukusna formula koja podsti\u010de apetit<\/strong><\/p>\n<p>Prakti\u010dno pakovanje od 400g \u2013 idealno za odr\u017eavanje sve\u017eine hrane<\/p>\n<p><strong>Ako va\u0161a ma\u010dka pati od konstipacije ili drugih probavnih smetnji<\/strong>, Royal Canin Gastrointestinal Fiber Response suva hrana pru\u017ea neophodnu podr\u0161ku za regulaciju varenja i pobolj\u0161anje op\u0161teg stanja.\u200b<\/p>\n<p>Poru\u010dite odmah i obezbedite svojoj ma\u010dki ishranu koja podr\u017eava zdravlje njenog digestivnog sistema!<\/p>","protected":false},"featured_media":4042,"comment_status":"open","ping_status":"closed","template":"","meta":{"_acf_changed":false},"product_brand":[],"product_cat":[120,39,32],"product_tag":[],"class_list":{"0":"post-2147","1":"product","2":"type-product","3":"status-publish","4":"has-post-thumbnail","6":"product_cat-medicinska-hrana-za-macke","7":"product_cat-royal-canin-hrana-za-macke","8":"product_cat-veterinarska-apoteka","10":"first","11":"instock","12":"purchasable","13":"product-type-simple"},"acf":[],"seolaxy_ctr_woo_product_custom_meta_description_content":"","_links":{"self":[{"href":"https:\/\/www.happydog-club.com\/ru\/wp-json\/wp\/v2\/product\/2147","targetHints":{"allow":["GET"]}}],"collection":[{"href":"https:\/\/www.happydog-club.com\/ru\/wp-json\/wp\/v2\/product"}],"about":[{"href":"https:\/\/www.happydog-club.com\/ru\/wp-json\/wp\/v2\/types\/product"}],"replies":[{"embeddable":true,"href":"https:\/\/www.happydog-club.com\/ru\/wp-json\/wp\/v2\/comments?post=2147"}],"version-history":[{"count":2,"href":"https:\/\/www.happydog-club.com\/ru\/wp-json\/wp\/v2\/product\/2147\/revisions"}],"predecessor-version":[{"id":20434,"href":"https:\/\/www.happydog-club.com\/ru\/wp-json\/wp\/v2\/product\/2147\/revisions\/20434"}],"wp:featuredmedia":[{"embeddable":true,"href":"https:\/\/www.happydog-club.com\/ru\/wp-json\/wp\/v2\/media\/4042"}],"wp:attachment":[{"href":"https:\/\/www.happydog-club.com\/ru\/wp-json\/wp\/v2\/media?parent=2147"}],"wp:term":[{"taxonomy":"product_brand","embeddable":true,"href":"https:\/\/www.happydog-club.com\/ru\/wp-json\/wp\/v2\/product_brand?post=2147"},{"taxonomy":"product_cat","embeddable":true,"href":"https:\/\/www.happydog-club.com\/ru\/wp-json\/wp\/v2\/product_cat?post=2147"},{"taxonomy":"product_tag","embeddable":true,"href":"https:\/\/www.happydog-club.com\/ru\/wp-json\/wp\/v2\/product_tag?post=2147"}],"curies":[{"name":"wp","href":"https:\/\/api.w.org\/{rel}","templated":true}]}}