{"id":2154,"date":"2024-11-06T02:48:36","date_gmt":"2024-11-06T01:48:36","guid":{"rendered":"https:\/\/www.happydog-club.com\/?post_type=product&#038;p=2154"},"modified":"2026-05-17T12:00:09","modified_gmt":"2026-05-17T10:00:09","slug":"royal-canin-gastrointestinal-za-mace-400g","status":"publish","type":"product","link":"https:\/\/www.happydog-club.com\/ru\/p\/royal-canin-gastrointestinal-za-mace-400g\/","title":{"rendered":"ROYAL CANIN GASTROINTESTINAL ZA MACE 400G"},"content":{"rendered":"<p><strong>Royal Canin Gastrointestinal<\/strong> suva hrana je posebno formulisana za odrasle ma\u010dke koje se suo\u010davaju sa probavnim problemima. Kombinacija visoko svarljivih proteina, prebiotika, korena \u0161e\u0107erne repe, pirin\u010da i ribljeg ulja osigurava maksimalnu svarljivost i o\u010duvanje zdravlja digestivnog trakta. Visoka energetska vrednost omogu\u0107ava smanjenje koli\u010dine obroka, \u010dime se dodatno olak\u0161ava optere\u0107enje na probavni sistem.\u200b<br \/>\nPet Shop &#8211; Happy Dog Club<\/p>\n<p><strong>Ma\u010dke sa gastrointestinalnim tegobama \u010desto gube apetit i telesnu masu<\/strong>. Zahvaljuju\u0107i izuzetnoj palatabilnosti, <strong>ova hrana podsti\u010de ma\u010dke na konzumaciju, \u0161to doprinosi njihovom br\u017eem oporavku.<\/strong> Prisustvo omega-3 masnih kiselina (EPA\/DHA) dodatno podr\u017eava zdravlje crevne sluzoko\u017ee i smanjuje upalne procese.\u200b<\/p>\n<p>Ova hrana je pogodna za ma\u010dke koje boluju od akutne i hroni\u010dne dijareje, gastritisa, kolitisa, maldigestije, malapsorpcije, kao i za one koje se oporavljaju nakon operacije ili bolesti.<\/p>\n<p class=\"hdopro\"><strong>SASTAV:<\/strong><br \/>\nDehidrogenovani protein \u017eivine, pirina\u010d, \u017eivotinjska mast, kukuruzni gluten, biljna vlakna, p\u0161eni\u010dni gluten, hidrolizovani proteini \u017eivotinjskog porekla, minerali, jaje u prahu, koren repe, riblje ulje, kvasac, sojino ulje, frukto-oligo-saharidi, psilijum, hidrolizovani kvasac, ekstrakt nevena (izvor luteina)<\/p>\n<p class=\"hdopro\"><strong>ADITIVI:<\/strong><br \/>\nVitamin A: 21900 IU, vitamin D3: 800 IU, E1 (gvo\u017e\u0111e): 35 mg, E2 (jod): 2,7 mg, E4 (bakar): 6 mg, E5 (mangan): 46 mg, E6 (cink): 150 mg, E8 (selen): 0,06 mg &#8211; Konzervansi &#8211; Antioksidansi.<\/p>\n<p class=\"hdopro\"><strong>ANALITI\u010cKI SASTAV:<\/strong><br \/>\nProtein: 32.0% &#8211; Sadr\u017eaj masti: 22.0%; Sirova vlakna: 5.2%<\/p>\n<p class=\"hdopro\"><strong>SAVET ZA PRIMENU:<\/strong><br \/>\nKoristiti po uputu va\u0161eg veterinara. U zavisnosti od stanja koristiti po uputu va\u0161eg veterinara. Preporu\u010dena ishrana po nekoliko manjih obroka dnevno.<\/p>","protected":false},"excerpt":{"rendered":"<p><strong>Pobolj\u0161ava varenje i apsorpciju hranljivih materija<\/strong><\/p>\n<p><strong>Visoka energetska vrednost smanjuje optere\u0107enje digestivnog trakta<\/strong><\/p>\n<p><strong>Izuzetno ukusan obrok koji stimuli\u0161e apetit<\/strong><\/p>\n<p>Oboga\u0107en omega-3 masnim kiselinama za zdravlje creva<\/p>\n<p>Prakti\u010dno pakovanje od 400g \u2013 idealno za odr\u017eavanje sve\u017eine hrane<\/p>\n<p><strong>Ako va\u0161a ma\u010dka pati od probavnih smetnji poput dijareje, povra\u0107anja ili gubitka apetita, Royal Canin Gastrointestinal suva hrana pru\u017ea neophodnu nutritivnu podr\u0161ku za njen oporavak i dobrobit.\u200b<\/strong><\/p>\n<p><strong>Poru\u010dite odmah i obezbedite svojoj ma\u010dki ishranu koja podr\u017eava zdravlje njenog digestivnog sistema!<\/strong><\/p>","protected":false},"featured_media":16569,"comment_status":"open","ping_status":"closed","template":"","meta":{"_acf_changed":false},"product_brand":[],"product_cat":[120,39,32],"product_tag":[],"class_list":{"0":"post-2154","1":"product","2":"type-product","3":"status-publish","4":"has-post-thumbnail","6":"product_cat-medicinska-hrana-za-macke","7":"product_cat-royal-canin-hrana-za-macke","8":"product_cat-veterinarska-apoteka","10":"first","11":"instock","12":"purchasable","13":"product-type-simple"},"acf":[],"seolaxy_ctr_woo_product_custom_meta_description_content":"","_links":{"self":[{"href":"https:\/\/www.happydog-club.com\/ru\/wp-json\/wp\/v2\/product\/2154","targetHints":{"allow":["GET"]}}],"collection":[{"href":"https:\/\/www.happydog-club.com\/ru\/wp-json\/wp\/v2\/product"}],"about":[{"href":"https:\/\/www.happydog-club.com\/ru\/wp-json\/wp\/v2\/types\/product"}],"replies":[{"embeddable":true,"href":"https:\/\/www.happydog-club.com\/ru\/wp-json\/wp\/v2\/comments?post=2154"}],"version-history":[{"count":2,"href":"https:\/\/www.happydog-club.com\/ru\/wp-json\/wp\/v2\/product\/2154\/revisions"}],"predecessor-version":[{"id":20441,"href":"https:\/\/www.happydog-club.com\/ru\/wp-json\/wp\/v2\/product\/2154\/revisions\/20441"}],"wp:featuredmedia":[{"embeddable":true,"href":"https:\/\/www.happydog-club.com\/ru\/wp-json\/wp\/v2\/media\/16569"}],"wp:attachment":[{"href":"https:\/\/www.happydog-club.com\/ru\/wp-json\/wp\/v2\/media?parent=2154"}],"wp:term":[{"taxonomy":"product_brand","embeddable":true,"href":"https:\/\/www.happydog-club.com\/ru\/wp-json\/wp\/v2\/product_brand?post=2154"},{"taxonomy":"product_cat","embeddable":true,"href":"https:\/\/www.happydog-club.com\/ru\/wp-json\/wp\/v2\/product_cat?post=2154"},{"taxonomy":"product_tag","embeddable":true,"href":"https:\/\/www.happydog-club.com\/ru\/wp-json\/wp\/v2\/product_tag?post=2154"}],"curies":[{"name":"wp","href":"https:\/\/api.w.org\/{rel}","templated":true}]}}