{"id":21708,"date":"2025-06-22T20:08:37","date_gmt":"2025-06-22T18:08:37","guid":{"rendered":"https:\/\/www.happydog-club.com\/?post_type=product&#038;p=21708"},"modified":"2026-05-17T12:00:24","modified_gmt":"2026-05-17T10:00:24","slug":"kippy-konzerva-za-macice-pasteta-prepelica-i-jaja-85g","status":"publish","type":"product","link":"https:\/\/www.happydog-club.com\/ru\/p\/kippy-konzerva-za-macice-pasteta-prepelica-i-jaja-85g\/","title":{"rendered":"KIPPY KONZERVA ZA MA\u010cI\u0106E PA\u0160TETA PREPELICA  I JAJA 85g"},"content":{"rendered":"","protected":false},"excerpt":{"rendered":"","protected":false},"featured_media":21642,"comment_status":"open","ping_status":"closed","template":"","meta":{"_acf_changed":false},"product_brand":[],"product_cat":[37,93,98,57],"product_tag":[],"class_list":{"0":"post-21708","1":"product","2":"type-product","3":"status-publish","4":"has-post-thumbnail","6":"product_cat-hrana-za-macke","7":"product_cat-konzerve-za-macke","8":"product_cat-pastete-za-macke","9":"product_cat-vlazna-hrana-za-macke","11":"first","12":"instock","13":"taxable","14":"shipping-taxable","15":"purchasable","16":"product-type-simple"},"acf":[],"seolaxy_ctr_woo_product_custom_meta_description_content":"","_links":{"self":[{"href":"https:\/\/www.happydog-club.com\/ru\/wp-json\/wp\/v2\/product\/21708","targetHints":{"allow":["GET"]}}],"collection":[{"href":"https:\/\/www.happydog-club.com\/ru\/wp-json\/wp\/v2\/product"}],"about":[{"href":"https:\/\/www.happydog-club.com\/ru\/wp-json\/wp\/v2\/types\/product"}],"replies":[{"embeddable":true,"href":"https:\/\/www.happydog-club.com\/ru\/wp-json\/wp\/v2\/comments?post=21708"}],"version-history":[{"count":1,"href":"https:\/\/www.happydog-club.com\/ru\/wp-json\/wp\/v2\/product\/21708\/revisions"}],"predecessor-version":[{"id":21717,"href":"https:\/\/www.happydog-club.com\/ru\/wp-json\/wp\/v2\/product\/21708\/revisions\/21717"}],"wp:featuredmedia":[{"embeddable":true,"href":"https:\/\/www.happydog-club.com\/ru\/wp-json\/wp\/v2\/media\/21642"}],"wp:attachment":[{"href":"https:\/\/www.happydog-club.com\/ru\/wp-json\/wp\/v2\/media?parent=21708"}],"wp:term":[{"taxonomy":"product_brand","embeddable":true,"href":"https:\/\/www.happydog-club.com\/ru\/wp-json\/wp\/v2\/product_brand?post=21708"},{"taxonomy":"product_cat","embeddable":true,"href":"https:\/\/www.happydog-club.com\/ru\/wp-json\/wp\/v2\/product_cat?post=21708"},{"taxonomy":"product_tag","embeddable":true,"href":"https:\/\/www.happydog-club.com\/ru\/wp-json\/wp\/v2\/product_tag?post=21708"}],"curies":[{"name":"wp","href":"https:\/\/api.w.org\/{rel}","templated":true}]}}