{"id":25946,"date":"2026-03-18T02:49:26","date_gmt":"2026-03-18T01:49:26","guid":{"rendered":"https:\/\/www.happydog-club.com\/?post_type=product&#038;p=25946"},"modified":"2026-05-17T12:00:17","modified_gmt":"2026-05-17T10:00:17","slug":"monge-vet-solution-gastrointestinal-za-pse-2kg","status":"publish","type":"product","link":"https:\/\/www.happydog-club.com\/ru\/p\/monge-vet-solution-gastrointestinal-za-pse-2kg\/","title":{"rendered":"MONGE VET SOLUTION GASTROINTESTINAL ZA PSE 2KG"},"content":{"rendered":"<p>TROVET DOG HEPATIC HRANA ZA PSE 3KG je specijalizovana medicinska hrana namenjena psima sa problemima jetre. Ova visokokvalitetna dijetetska formula razvijena je u saradnji sa veterinarima kako bi pru\u017eila optimalnu podr\u0161ku zdravlju jetre i pobolj\u0161ala kvalitet \u017eivota va\u0161eg ljubimca.<\/p>\n<p>Glavne prednosti:<br \/>\n&#8211; Podr\u017eava funkciju jetre i olak\u0161ava regeneraciju<br \/>\n&#8211; Prilago\u0111en sadr\u017eaj proteina i masti za lak\u0161u probavu<br \/>\n&#8211; Sadr\u017ei esencijalne vitamine i minerale za ja\u010danje imuniteta<br \/>\n&#8211; Nizak nivo bakra smanjuje optere\u0107enje jetre<br \/>\n&#8211; Ukusna formula koju psi rado prihvataju<\/p>\n<p>Kome je namenjen proizvod:<br \/>\n&#8211; Psima sa dijagnostikovanim oboljenjima jetre<br \/>\n&#8211; Ljubimcima koji su pod veterinarskim nadzorom zbog problema sa jetrom<br \/>\n&#8211; Vlasnicima koji \u017eele da pru\u017ee svom psu specijalizovanu ishranu za o\u010duvanje zdravlja<\/p>\n<p>Na\u010din upotrebe:<br \/>\n&#8211; Koristiti isklju\u010divo po preporuci veterinara<br \/>\n&#8211; Pratiti uputstva za doziranje u skladu sa te\u017einom i stanjem psa<br \/>\n&#8211; Mo\u017ee se koristiti kao potpuna dnevna ishrana tokom preporu\u010denog perioda<\/p>\n<p>Izaberite TROVET DOG HEPATIC hranu za pse i obezbedite svom ljubimcu najbolju podr\u0161ku za zdravlje jetre, vitalnost i dugove\u010dnost.<\/p>","protected":false},"excerpt":{"rendered":"<p>Monge Vet Solution Gastrointestinal je specijalizovana medicinska hrana za pse koja poma\u017ee u regulaciji varenja i obnavljanju crevne flore. Idealan je izbor za ljubimce sa osetljivim stomakom, pru\u017eaju\u0107i im olak\u0161anje i podr\u0161ku za zdravu probavu. Obezbedite svom psu vitalnost i udobnost svakog dana!<\/p>","protected":false},"featured_media":17322,"comment_status":"open","ping_status":"closed","template":"","meta":{"_acf_changed":false},"product_brand":[],"product_cat":[70,33],"product_tag":[],"class_list":{"0":"post-25946","1":"product","2":"type-product","3":"status-publish","4":"has-post-thumbnail","6":"product_cat-gastro-digestivna-hrana-za-pse","7":"product_cat-medicinska-hrana-za-pse","9":"first","10":"instock","11":"taxable","12":"shipping-taxable","13":"purchasable","14":"product-type-simple"},"acf":[],"seolaxy_ctr_woo_product_custom_meta_description_content":"","_links":{"self":[{"href":"https:\/\/www.happydog-club.com\/ru\/wp-json\/wp\/v2\/product\/25946","targetHints":{"allow":["GET"]}}],"collection":[{"href":"https:\/\/www.happydog-club.com\/ru\/wp-json\/wp\/v2\/product"}],"about":[{"href":"https:\/\/www.happydog-club.com\/ru\/wp-json\/wp\/v2\/types\/product"}],"replies":[{"embeddable":true,"href":"https:\/\/www.happydog-club.com\/ru\/wp-json\/wp\/v2\/comments?post=25946"}],"version-history":[{"count":1,"href":"https:\/\/www.happydog-club.com\/ru\/wp-json\/wp\/v2\/product\/25946\/revisions"}],"predecessor-version":[{"id":25976,"href":"https:\/\/www.happydog-club.com\/ru\/wp-json\/wp\/v2\/product\/25946\/revisions\/25976"}],"wp:featuredmedia":[{"embeddable":true,"href":"https:\/\/www.happydog-club.com\/ru\/wp-json\/wp\/v2\/media\/17322"}],"wp:attachment":[{"href":"https:\/\/www.happydog-club.com\/ru\/wp-json\/wp\/v2\/media?parent=25946"}],"wp:term":[{"taxonomy":"product_brand","embeddable":true,"href":"https:\/\/www.happydog-club.com\/ru\/wp-json\/wp\/v2\/product_brand?post=25946"},{"taxonomy":"product_cat","embeddable":true,"href":"https:\/\/www.happydog-club.com\/ru\/wp-json\/wp\/v2\/product_cat?post=25946"},{"taxonomy":"product_tag","embeddable":true,"href":"https:\/\/www.happydog-club.com\/ru\/wp-json\/wp\/v2\/product_tag?post=25946"}],"curies":[{"name":"wp","href":"https:\/\/api.w.org\/{rel}","templated":true}]}}