{"id":25947,"date":"2026-03-18T02:49:26","date_gmt":"2026-03-18T01:49:26","guid":{"rendered":"https:\/\/www.happydog-club.com\/?post_type=product&#038;p=25947"},"modified":"2026-05-17T12:00:18","modified_gmt":"2026-05-17T10:00:18","slug":"dechra-specific-digestive-support-hrana-za-pse-2kg","status":"publish","type":"product","link":"https:\/\/www.happydog-club.com\/ru\/p\/dechra-specific-digestive-support-hrana-za-pse-2kg\/","title":{"rendered":"DECHRA SPECIFIC DIGESTIVE SUPPORT HRANA ZA PSE 2KG"},"content":{"rendered":"<p>HILLS MEDIUM ADULT PERFECT DIGESTION PILETINA 14KG je vrhunska hrana za pse srednjih rasa, posebno formulisana za optimalnu probavu i zdravlje creva. Ova medicinska hrana iz brenda Hills pru\u017ea va\u0161em ljubimcu savr\u0161enu ravnote\u017eu hranljivih sastojaka, uz ukusnu piletinu koju psi obo\u017eavaju.<\/p>\n<p>Glavne prednosti:<br \/>\n&#8211; Podr\u017eava zdravu probavu zahvaljuju\u0107i ekskluzivnoj ActivBiome+ tehnologiji<br \/>\n&#8211; Sadr\u017ei visokokvalitetne proteine iz piletine za sna\u017ene mi\u0161i\u0107e<br \/>\n&#8211; Bogata vlaknima za optimalan rad creva i redovnu stolicu<br \/>\n&#8211; Ja\u010da imunitet i doprinosi vitalnosti psa<br \/>\n&#8211; Bez ve\u0161ta\u010dkih boja, aroma i konzervansa<\/p>\n<p>Kome je namenjen proizvod:<br \/>\n&#8211; Psi srednjih rasa starosti od 1 do 6 godina<br \/>\n&#8211; Idealan za pse sa osetljivim stomakom ili sklone probavnim smetnjama<br \/>\n&#8211; Preporu\u010duje se kao deo veterinarske terapije za pse sa gastro-digestivnim problemima<\/p>\n<p>Na\u010din upotrebe:<br \/>\n&#8211; Dnevnu koli\u010dinu hrane prilagodite te\u017eini, starosti i aktivnosti psa prema uputstvu na pakovanju<br \/>\n&#8211; Prelazak na novu hranu obavljajte postepeno tokom 7 dana<br \/>\n&#8211; Obezbedite sve\u017eu vodu uz svaki obrok<\/p>\n<p>Izaberite HILLS MEDIUM ADULT PERFECT DIGESTION PILETINA 14KG i pru\u017eite svom psu zdravlje, energiju i zadovoljstvo u svakom obroku!<\/p>","protected":false},"excerpt":{"rendered":"<p>DECHRA SPECIFIC Digestive Support je medicinska hrana za pse posebno formulisana za podr\u0161ku osetljivom varenju i zdravlju creva. Bogata lako svarljivim sastojcima i prebioticima, poma\u017ee u obnavljanju crevne flore i smanjenju probavnih smetnji. Idealan izbor za pse sa probavnim problemima, za br\u017ei oporavak i vitalnost va\u0161eg ljubimca.<\/p>","protected":false},"featured_media":17269,"comment_status":"open","ping_status":"closed","template":"","meta":{"_acf_changed":false},"product_brand":[],"product_cat":[31,30,33,32],"product_tag":[],"class_list":{"0":"post-25947","1":"product","2":"type-product","3":"status-publish","4":"has-post-thumbnail","6":"product_cat-granule-za-pse","7":"product_cat-hrana-za-pse","8":"product_cat-medicinska-hrana-za-pse","9":"product_cat-veterinarska-apoteka","11":"first","12":"instock","13":"taxable","14":"shipping-taxable","15":"purchasable","16":"product-type-simple"},"acf":[],"seolaxy_ctr_woo_product_custom_meta_description_content":"","_links":{"self":[{"href":"https:\/\/www.happydog-club.com\/ru\/wp-json\/wp\/v2\/product\/25947","targetHints":{"allow":["GET"]}}],"collection":[{"href":"https:\/\/www.happydog-club.com\/ru\/wp-json\/wp\/v2\/product"}],"about":[{"href":"https:\/\/www.happydog-club.com\/ru\/wp-json\/wp\/v2\/types\/product"}],"replies":[{"embeddable":true,"href":"https:\/\/www.happydog-club.com\/ru\/wp-json\/wp\/v2\/comments?post=25947"}],"version-history":[{"count":1,"href":"https:\/\/www.happydog-club.com\/ru\/wp-json\/wp\/v2\/product\/25947\/revisions"}],"predecessor-version":[{"id":25977,"href":"https:\/\/www.happydog-club.com\/ru\/wp-json\/wp\/v2\/product\/25947\/revisions\/25977"}],"wp:featuredmedia":[{"embeddable":true,"href":"https:\/\/www.happydog-club.com\/ru\/wp-json\/wp\/v2\/media\/17269"}],"wp:attachment":[{"href":"https:\/\/www.happydog-club.com\/ru\/wp-json\/wp\/v2\/media?parent=25947"}],"wp:term":[{"taxonomy":"product_brand","embeddable":true,"href":"https:\/\/www.happydog-club.com\/ru\/wp-json\/wp\/v2\/product_brand?post=25947"},{"taxonomy":"product_cat","embeddable":true,"href":"https:\/\/www.happydog-club.com\/ru\/wp-json\/wp\/v2\/product_cat?post=25947"},{"taxonomy":"product_tag","embeddable":true,"href":"https:\/\/www.happydog-club.com\/ru\/wp-json\/wp\/v2\/product_tag?post=25947"}],"curies":[{"name":"wp","href":"https:\/\/api.w.org\/{rel}","templated":true}]}}