{"id":25948,"date":"2026-03-18T02:49:26","date_gmt":"2026-03-18T01:49:26","guid":{"rendered":"https:\/\/www.happydog-club.com\/?post_type=product&#038;p=25948"},"modified":"2026-05-17T12:00:19","modified_gmt":"2026-05-17T10:00:19","slug":"hills-joint-care-j-d-hrana-za-pse-1-5kg","status":"publish","type":"product","link":"https:\/\/www.happydog-club.com\/ru\/p\/hills-joint-care-j-d-hrana-za-pse-1-5kg\/","title":{"rendered":"HILLS JOINT CARE J\/D HRANA ZA PSE &#8211; 1.5KG"},"content":{"rendered":"<p>HILLS R\/D ZA ODR\u017dAVANJE TE\u017dINE 1.5 je vrhunska medicinska hrana za pse, posebno formulisana za podr\u0161ku zdravom mr\u0161avljenju i odr\u017eavanju optimalne telesne te\u017eine. Ovaj proizvod iz renomiranog brenda Hills pru\u017ea efikasno re\u0161enje za pse sa problemima vi\u0161ka kilograma, uz o\u010duvanje vitalnosti i energije.<\/p>\n<p>Glavne prednosti:<br \/>\n&#8211; Podr\u017eava zdravo mr\u0161avljenje i odr\u017eavanje idealne te\u017eine<br \/>\n&#8211; Bogata vlaknima za du\u017ei ose\u0107aj sitosti<br \/>\n&#8211; Sadr\u017ei optimalan balans nutrijenata za o\u010duvanje mi\u0161i\u0107ne mase<br \/>\n&#8211; Klini\u010dki dokazano poma\u017ee u smanjenju telesne masti<br \/>\n&#8211; Pobolj\u0161ava op\u0161te zdravlje i kvalitet \u017eivota va\u0161eg psa<\/p>\n<p>Kome je namenjen ovaj proizvod:<br \/>\n&#8211; Psima sa vi\u0161kom kilograma ili sklono\u0161\u0107u gojenju<br \/>\n&#8211; Ljubimcima koji imaju zdravstvene probleme povezane sa te\u017einom<br \/>\n&#8211; Vlasnicima koji \u017eele da svom psu obezbede kvalitetnu i sigurnu ishranu pod nadzorom veterinara<\/p>\n<p>Na\u010din upotrebe:<br \/>\n&#8211; Preporu\u010duje se konsultacija sa veterinarom pre po\u010detka upotrebe<br \/>\n&#8211; Hranu servirati prema preporu\u010denim dnevnim koli\u010dinama u zavisnosti od te\u017eine psa<br \/>\n&#8211; Mo\u017ee se koristiti kao potpuna ishrana ili u kombinaciji sa drugim medicinskim dijetama po savetu stru\u010dnjaka<\/p>\n<p>Izaberite HILLS R\/D ZA ODR\u017dAVANJE TE\u017dINE 1.5 i pru\u017eite svom psu zdravu podr\u0161ku u borbi protiv vi\u0161ka kilograma, uz vrhunski kvalitet i sigurnost koju garantuje Hills.<\/p>","protected":false},"excerpt":{"rendered":"<p>HILLS JOINT CARE J\/D hrana za pse poma\u017ee u pobolj\u0161anju pokretljivosti i zdravlja zglobova va\u0161eg ljubimca ve\u0107 za 21 dan. Ova medicinska hrana sadr\u017ei optimalan balans omega-3 masnih kiselina i antioksidanasa za sna\u017ene i zdrave zglobove. Pru\u017eite svom psu aktivniji i sre\u0107niji \u017eivot uz Hills kvalitet!<\/p>","protected":false},"featured_media":17144,"comment_status":"open","ping_status":"closed","template":"","meta":{"_acf_changed":false},"product_brand":[457],"product_cat":[27,49,30,33],"product_tag":[],"class_list":{"0":"post-25948","1":"product","2":"type-product","3":"status-publish","4":"has-post-thumbnail","6":"product_brand-hills","7":"product_cat-akcija","8":"product_cat-hills-hrana-za-pse","9":"product_cat-hrana-za-pse","10":"product_cat-medicinska-hrana-za-pse","12":"first","13":"instock","14":"taxable","15":"shipping-taxable","16":"purchasable","17":"product-type-simple"},"acf":[],"seolaxy_ctr_woo_product_custom_meta_description_content":"","_links":{"self":[{"href":"https:\/\/www.happydog-club.com\/ru\/wp-json\/wp\/v2\/product\/25948","targetHints":{"allow":["GET"]}}],"collection":[{"href":"https:\/\/www.happydog-club.com\/ru\/wp-json\/wp\/v2\/product"}],"about":[{"href":"https:\/\/www.happydog-club.com\/ru\/wp-json\/wp\/v2\/types\/product"}],"replies":[{"embeddable":true,"href":"https:\/\/www.happydog-club.com\/ru\/wp-json\/wp\/v2\/comments?post=25948"}],"version-history":[{"count":1,"href":"https:\/\/www.happydog-club.com\/ru\/wp-json\/wp\/v2\/product\/25948\/revisions"}],"predecessor-version":[{"id":25978,"href":"https:\/\/www.happydog-club.com\/ru\/wp-json\/wp\/v2\/product\/25948\/revisions\/25978"}],"wp:featuredmedia":[{"embeddable":true,"href":"https:\/\/www.happydog-club.com\/ru\/wp-json\/wp\/v2\/media\/17144"}],"wp:attachment":[{"href":"https:\/\/www.happydog-club.com\/ru\/wp-json\/wp\/v2\/media?parent=25948"}],"wp:term":[{"taxonomy":"product_brand","embeddable":true,"href":"https:\/\/www.happydog-club.com\/ru\/wp-json\/wp\/v2\/product_brand?post=25948"},{"taxonomy":"product_cat","embeddable":true,"href":"https:\/\/www.happydog-club.com\/ru\/wp-json\/wp\/v2\/product_cat?post=25948"},{"taxonomy":"product_tag","embeddable":true,"href":"https:\/\/www.happydog-club.com\/ru\/wp-json\/wp\/v2\/product_tag?post=25948"}],"curies":[{"name":"wp","href":"https:\/\/api.w.org\/{rel}","templated":true}]}}