{"id":25950,"date":"2026-03-18T02:49:26","date_gmt":"2026-03-18T01:49:26","guid":{"rendered":"https:\/\/www.happydog-club.com\/?post_type=product&#038;p=25950"},"modified":"2026-05-17T12:00:18","modified_gmt":"2026-05-17T10:00:18","slug":"hills-gastrointestinal-mini-biome-1kg","status":"publish","type":"product","link":"https:\/\/www.happydog-club.com\/ru\/p\/hills-gastrointestinal-mini-biome-1kg\/","title":{"rendered":"HILLS GASTROINTESTINAL MINI BIOME 1KG"},"content":{"rendered":"<p>MONGE VET SOLUTION GASTROINTESTINAL ZA PSE 2KG je vrhunska medicinska hrana posebno formulisana za pse sa osetljivim digestivnim traktom i gastrointestinalnim problemima. Ova hrana pru\u017ea optimalnu podr\u0161ku zdravlju creva, olak\u0161ava varenje i doprinosi br\u017eem oporavku va\u0161eg ljubimca.<\/p>\n<p>Glavne prednosti:<br \/>\n&#8211; Prilago\u0111ena formula za pse sa probavnim smetnjama<br \/>\n&#8211; Sadr\u017ei visokokvalitetne sastojke koji olak\u0161avaju varenje<br \/>\n&#8211; Podr\u017eava ravnote\u017eu crevne flore i smanjuje rizik od iritacija<br \/>\n&#8211; Bogata prebioticima i vlaknima za zdravu probavu<br \/>\n&#8211; Poma\u017ee u smanjenju simptoma kao \u0161to su dijareja, povra\u0107anje i nadutost<\/p>\n<p>Kome je namenjen ovaj proizvod:<br \/>\n&#8211; Psima svih rasa i veli\u010dina sa gastrointestinalnim problemima<br \/>\n&#8211; Ljubimcima koji se oporavljaju od bolesti ili operacija digestivnog trakta<br \/>\n&#8211; Psu sa osetljivim stomakom ili sklono\u0161\u0107u ka probavnim smetnjama<\/p>\n<p>Na\u010din upotrebe:<br \/>\n&#8211; Koristiti isklju\u010divo prema preporuci veterinara<br \/>\n&#8211; Pratiti uputstva za doziranje na pakovanju u skladu sa te\u017einom psa<br \/>\n&#8211; Osigurati da pas uvek ima pristup sve\u017eoj vodi<\/p>\n<p>Izaberite MONGE VET SOLUTION GASTROINTESTINAL za zdravlje, vitalnost i sre\u0107u va\u0161eg psa. Kvalitetna medicinska hrana koja donosi vidljive rezultate i olak\u0161anje za va\u0161eg ljubimca.<\/p>","protected":false},"excerpt":{"rendered":"<p>HILLS GASTROINTESTINAL MINI BIOME 1KG je specijalizovana medicinska hrana za pse koja brzo umiruje osetljiv stomak i pobolj\u0161ava varenje zahvaljuju\u0107i inovativnoj ActivBiome+ tehnologiji. Obezbe\u0111uje optimalnu ravnote\u017eu crevne flore, smanjuje probleme sa stolicom i doprinosi vitalnosti va\u0161eg ljubimca. Idealna je za male pse sa probavnim tegobama kojima je potrebna posebna nega.<\/p>","protected":false},"featured_media":17280,"comment_status":"open","ping_status":"closed","template":"","meta":{"_acf_changed":false},"product_brand":[457],"product_cat":[70,33],"product_tag":[],"class_list":{"0":"post-25950","1":"product","2":"type-product","3":"status-publish","4":"has-post-thumbnail","6":"product_brand-hills","7":"product_cat-gastro-digestivna-hrana-za-pse","8":"product_cat-medicinska-hrana-za-pse","10":"first","11":"instock","12":"taxable","13":"shipping-taxable","14":"purchasable","15":"product-type-simple"},"acf":[],"seolaxy_ctr_woo_product_custom_meta_description_content":"","_links":{"self":[{"href":"https:\/\/www.happydog-club.com\/ru\/wp-json\/wp\/v2\/product\/25950","targetHints":{"allow":["GET"]}}],"collection":[{"href":"https:\/\/www.happydog-club.com\/ru\/wp-json\/wp\/v2\/product"}],"about":[{"href":"https:\/\/www.happydog-club.com\/ru\/wp-json\/wp\/v2\/types\/product"}],"replies":[{"embeddable":true,"href":"https:\/\/www.happydog-club.com\/ru\/wp-json\/wp\/v2\/comments?post=25950"}],"version-history":[{"count":1,"href":"https:\/\/www.happydog-club.com\/ru\/wp-json\/wp\/v2\/product\/25950\/revisions"}],"predecessor-version":[{"id":25980,"href":"https:\/\/www.happydog-club.com\/ru\/wp-json\/wp\/v2\/product\/25950\/revisions\/25980"}],"wp:featuredmedia":[{"embeddable":true,"href":"https:\/\/www.happydog-club.com\/ru\/wp-json\/wp\/v2\/media\/17280"}],"wp:attachment":[{"href":"https:\/\/www.happydog-club.com\/ru\/wp-json\/wp\/v2\/media?parent=25950"}],"wp:term":[{"taxonomy":"product_brand","embeddable":true,"href":"https:\/\/www.happydog-club.com\/ru\/wp-json\/wp\/v2\/product_brand?post=25950"},{"taxonomy":"product_cat","embeddable":true,"href":"https:\/\/www.happydog-club.com\/ru\/wp-json\/wp\/v2\/product_cat?post=25950"},{"taxonomy":"product_tag","embeddable":true,"href":"https:\/\/www.happydog-club.com\/ru\/wp-json\/wp\/v2\/product_tag?post=25950"}],"curies":[{"name":"wp","href":"https:\/\/api.w.org\/{rel}","templated":true}]}}