{"id":25951,"date":"2026-03-18T02:49:26","date_gmt":"2026-03-18T01:49:26","guid":{"rendered":"https:\/\/www.happydog-club.com\/?post_type=product&#038;p=25951"},"modified":"2026-05-17T12:00:18","modified_gmt":"2026-05-17T10:00:18","slug":"hills-digestive-care-i-d-stress-mini-adult-hrana-za-pse-1kg","status":"publish","type":"product","link":"https:\/\/www.happydog-club.com\/ru\/p\/hills-digestive-care-i-d-stress-mini-adult-hrana-za-pse-1kg\/","title":{"rendered":"HILLS DIGESTIVE CARE I\/D STRESS MINI ADULT HRANA ZA PSE &#8211; 1KG"},"content":{"rendered":"<p>DECHRA SPECIFIC Digestive Support hrana za pse 2kg je vrhunska medicinska hrana posebno formulisana za pse sa osetljivim varenjem. Ova visokokvalitetna granula pru\u017ea optimalnu podr\u0161ku digestivnom sistemu, poma\u017eu\u0107i va\u0161em ljubimcu da se ose\u0107a bolje svakog dana.<\/p>\n<p>Glavne prednosti:<br \/>\n&#8211; Podr\u017eava zdravlje creva i optimalnu probavu<br \/>\n&#8211; Sadr\u017ei lako svarljive sastojke i prebiotike<br \/>\n&#8211; Bogata esencijalnim vitaminima i mineralima<br \/>\n&#8211; Poma\u017ee u oporavku nakon gastrointestinalnih problema<br \/>\n&#8211; Prikladna za dugotrajnu upotrebu<\/p>\n<p>Kome je namenjena:<br \/>\n&#8211; Psima svih veli\u010dina rasa sa osetljivim stomakom<br \/>\n&#8211; Ljubimcima koji se oporavljaju od probavnih smetnji<br \/>\n&#8211; Preporu\u010duje se po savetu veterinara<\/p>\n<p>Na\u010din upotrebe:<br \/>\n&#8211; Hranu servirati prema preporu\u010denoj dnevnoj koli\u010dini na pakovanju, prilago\u0111eno te\u017eini i potrebama psa<br \/>\n&#8211; Mo\u017ee se koristiti kao potpuna ishrana ili u kombinaciji sa drugim medicinskim dijetama<br \/>\n&#8211; Uvek obezbedite sve\u017eu vodu uz obrok<\/p>\n<p>Izaberite DECHRA SPECIFIC Digestive Support i pru\u017eite svom psu zdravlje, energiju i vitalnost kroz svaki obrok!<\/p>","protected":false},"excerpt":{"rendered":"<p>HILLS DIGESTIVE CARE I\/D STRESS MINI ADULT hrana za pse posebno je formulirana za podr\u0161ku probavnom zdravlju i smanjenje stresa kod odraslih pasa malih rasa. Ova medicinska hrana poma\u017ee u br\u017eem oporavku creva, olak\u0161ava varenje i doprinosi boljem op\u0161tem stanju va\u0161eg ljubimca. Izaberite Hills kvalitet za sre\u0107nog i zdravog psa!<\/p>","protected":false},"featured_media":17136,"comment_status":"open","ping_status":"closed","template":"","meta":{"_acf_changed":false},"product_brand":[457],"product_cat":[27,70,49,30,33],"product_tag":[],"class_list":{"0":"post-25951","1":"product","2":"type-product","3":"status-publish","4":"has-post-thumbnail","6":"product_brand-hills","7":"product_cat-akcija","8":"product_cat-gastro-digestivna-hrana-za-pse","9":"product_cat-hills-hrana-za-pse","10":"product_cat-hrana-za-pse","11":"product_cat-medicinska-hrana-za-pse","13":"first","14":"instock","15":"taxable","16":"shipping-taxable","17":"purchasable","18":"product-type-simple"},"acf":[],"seolaxy_ctr_woo_product_custom_meta_description_content":"","_links":{"self":[{"href":"https:\/\/www.happydog-club.com\/ru\/wp-json\/wp\/v2\/product\/25951","targetHints":{"allow":["GET"]}}],"collection":[{"href":"https:\/\/www.happydog-club.com\/ru\/wp-json\/wp\/v2\/product"}],"about":[{"href":"https:\/\/www.happydog-club.com\/ru\/wp-json\/wp\/v2\/types\/product"}],"replies":[{"embeddable":true,"href":"https:\/\/www.happydog-club.com\/ru\/wp-json\/wp\/v2\/comments?post=25951"}],"version-history":[{"count":1,"href":"https:\/\/www.happydog-club.com\/ru\/wp-json\/wp\/v2\/product\/25951\/revisions"}],"predecessor-version":[{"id":25981,"href":"https:\/\/www.happydog-club.com\/ru\/wp-json\/wp\/v2\/product\/25951\/revisions\/25981"}],"wp:featuredmedia":[{"embeddable":true,"href":"https:\/\/www.happydog-club.com\/ru\/wp-json\/wp\/v2\/media\/17136"}],"wp:attachment":[{"href":"https:\/\/www.happydog-club.com\/ru\/wp-json\/wp\/v2\/media?parent=25951"}],"wp:term":[{"taxonomy":"product_brand","embeddable":true,"href":"https:\/\/www.happydog-club.com\/ru\/wp-json\/wp\/v2\/product_brand?post=25951"},{"taxonomy":"product_cat","embeddable":true,"href":"https:\/\/www.happydog-club.com\/ru\/wp-json\/wp\/v2\/product_cat?post=25951"},{"taxonomy":"product_tag","embeddable":true,"href":"https:\/\/www.happydog-club.com\/ru\/wp-json\/wp\/v2\/product_tag?post=25951"}],"curies":[{"name":"wp","href":"https:\/\/api.w.org\/{rel}","templated":true}]}}