{"id":25954,"date":"2026-03-18T02:49:26","date_gmt":"2026-03-18T01:49:26","guid":{"rendered":"https:\/\/www.happydog-club.com\/?post_type=product&#038;p=25954"},"modified":"2026-05-17T12:00:18","modified_gmt":"2026-05-17T10:00:18","slug":"dechra-specific-heart-kidney-hrana-za-pse-2kg","status":"publish","type":"product","link":"https:\/\/www.happydog-club.com\/ru\/p\/dechra-specific-heart-kidney-hrana-za-pse-2kg\/","title":{"rendered":"DECHRA SPECIFIC HEART &#038; KIDNEY HRANA ZA PSE 2KG"},"content":{"rendered":"<p>VET LIFE DOG CARDIAC 2KG \u2013 Premium medicinska hrana za pse sa sr\u010danim problemima<\/p>\n<p>VET LIFE DOG CARDIAC 2KG je specijalizovana medicinska hrana namenjena psima koji pate od sr\u010danih problema. Ova visokokvalitetna formula razvijena je u saradnji sa veterinarima kako bi pru\u017eila optimalnu podr\u0161ku zdravlju srca va\u0161eg ljubimca.<\/p>\n<p>Glavne prednosti:<br \/>\n&#8211; Podr\u017eava funkciju srca i krvnih sudova<br \/>\n&#8211; Smanjen nivo natrijuma za rastere\u0107enje srca<br \/>\n&#8211; Oboga\u0107ena esencijalnim masnim kiselinama (EPA i DHA)<br \/>\n&#8211; Prilago\u0111en odnos minerala za zdravlje organizma<br \/>\n&#8211; Lako svarljiva i ukusna formula<\/p>\n<p>Kome je namenjen ovaj proizvod:<br \/>\n&#8211; Psima sa dijagnostikovanim sr\u010danim problemima<br \/>\n&#8211; Starijim psima sklonim kardiovaskularnim oboljenjima<br \/>\n&#8211; Vlasnicima koji \u017eele najbolju veterinarsku podr\u0161ku za svog psa<\/p>\n<p>Na\u010din upotrebe:<br \/>\n&#8211; Koristiti isklju\u010divo po preporuci veterinara<br \/>\n&#8211; Pratiti preporu\u010denu dnevnu koli\u010dinu u skladu sa te\u017einom i stanjem psa<br \/>\n&#8211; Obezbediti stalno dostupnu sve\u017eu vodu<\/p>\n<p>VET LIFE DOG CARDIAC 2KG je pravi izbor za vlasnike koji \u017eele da svom psu pru\u017ee vrhunsku negu i podr\u0161ku zdravlju srca kroz ishranu. Izaberite kvalitet, sigurnost i stru\u010dnu formulu za dug i sre\u0107an \u017eivot va\u0161eg ljubimca.<\/p>","protected":false},"excerpt":{"rendered":"<p>DECHRA SPECIFIC Heart &amp; Kidney hrana za pse posebno je formulirana za podr\u0161ku zdravlju srca i bubrega va\u0161eg ljubimca. Ova medicinska hrana sadr\u017ei optimalan balans nutrijenata koji poma\u017eu u smanjenju optere\u0107enja ovih vitalnih organa i pobolj\u0161avaju kvalitetu \u017eivota psa. Idealan izbor za pse kojima je potrebna posebna veterinarska ishrana.<\/p>","protected":false},"featured_media":17272,"comment_status":"open","ping_status":"closed","template":"","meta":{"_acf_changed":false},"product_brand":[],"product_cat":[31,30,33],"product_tag":[],"class_list":{"0":"post-25954","1":"product","2":"type-product","3":"status-publish","4":"has-post-thumbnail","6":"product_cat-granule-za-pse","7":"product_cat-hrana-za-pse","8":"product_cat-medicinska-hrana-za-pse","10":"first","11":"instock","12":"taxable","13":"shipping-taxable","14":"purchasable","15":"product-type-simple"},"acf":[],"seolaxy_ctr_woo_product_custom_meta_description_content":"","_links":{"self":[{"href":"https:\/\/www.happydog-club.com\/ru\/wp-json\/wp\/v2\/product\/25954","targetHints":{"allow":["GET"]}}],"collection":[{"href":"https:\/\/www.happydog-club.com\/ru\/wp-json\/wp\/v2\/product"}],"about":[{"href":"https:\/\/www.happydog-club.com\/ru\/wp-json\/wp\/v2\/types\/product"}],"replies":[{"embeddable":true,"href":"https:\/\/www.happydog-club.com\/ru\/wp-json\/wp\/v2\/comments?post=25954"}],"version-history":[{"count":2,"href":"https:\/\/www.happydog-club.com\/ru\/wp-json\/wp\/v2\/product\/25954\/revisions"}],"predecessor-version":[{"id":26227,"href":"https:\/\/www.happydog-club.com\/ru\/wp-json\/wp\/v2\/product\/25954\/revisions\/26227"}],"wp:featuredmedia":[{"embeddable":true,"href":"https:\/\/www.happydog-club.com\/ru\/wp-json\/wp\/v2\/media\/17272"}],"wp:attachment":[{"href":"https:\/\/www.happydog-club.com\/ru\/wp-json\/wp\/v2\/media?parent=25954"}],"wp:term":[{"taxonomy":"product_brand","embeddable":true,"href":"https:\/\/www.happydog-club.com\/ru\/wp-json\/wp\/v2\/product_brand?post=25954"},{"taxonomy":"product_cat","embeddable":true,"href":"https:\/\/www.happydog-club.com\/ru\/wp-json\/wp\/v2\/product_cat?post=25954"},{"taxonomy":"product_tag","embeddable":true,"href":"https:\/\/www.happydog-club.com\/ru\/wp-json\/wp\/v2\/product_tag?post=25954"}],"curies":[{"name":"wp","href":"https:\/\/api.w.org\/{rel}","templated":true}]}}