{"id":25960,"date":"2026-03-18T02:49:26","date_gmt":"2026-03-18T01:49:26","guid":{"rendered":"https:\/\/www.happydog-club.com\/?post_type=product&#038;p=25960"},"modified":"2026-05-17T12:00:18","modified_gmt":"2026-05-17T10:00:18","slug":"hills-hypoallergenic-z-d-mini-adult-1kg","status":"publish","type":"product","link":"https:\/\/www.happydog-club.com\/ru\/p\/hills-hypoallergenic-z-d-mini-adult-1kg\/","title":{"rendered":"HILLS HYPOALLERGENIC Z\/D MINI ADULT 1KG"},"content":{"rendered":"<p>HILLS HYPOALLERGENIC Z\/D MINI ADULT 1KG je vrhunska hipoalergenska hrana za pse malih rasa, posebno formulisana za odrasle pse sa osetljivim stomakom i alergijama na hranu. Ova medicinska hrana iz brenda Hills pru\u017ea sigurnost, kvalitet i podr\u0161ku zdravlju va\u0161eg ljubimca.<\/p>\n<p>Glavne prednosti:<br \/>\n&#8211; Klini\u010dki dokazana formula za smanjenje alergijskih reakcija na hranu<br \/>\n&#8211; Sadr\u017ei hidrolizovane proteine koji minimizuju rizik od alergija<br \/>\n&#8211; Podr\u017eava zdravlje ko\u017ee i sjajnu dlaku<br \/>\n&#8211; Prilago\u0111ena veli\u010dina granula za male pse<br \/>\n&#8211; Lako svarljiva i pogodna za svakodnevnu upotrebu<\/p>\n<p>Kome je namenjen ovaj proizvod:<br \/>\n&#8211; Odraslim psima malih rasa sa dijagnostikovanim alergijama ili intolerancijom na hranu<br \/>\n&#8211; Psima sa problemima ko\u017ee, svrabom ili probavnim smetnjama izazvanim hranom<br \/>\n&#8211; Vlasnicima koji \u017eele sigurnu, proverenu i medicinski odobrenu ishranu za svog ljubimca<\/p>\n<p>Na\u010din upotrebe:<br \/>\n&#8211; Preporu\u010duje se konsultacija sa veterinarom pre po\u010detka ishrane ovom hranom<br \/>\n&#8211; Hranu servirati prema preporu\u010denim dnevnim koli\u010dinama na pakovanju, prilago\u0111eno te\u017eini i potrebama psa<br \/>\n&#8211; Mo\u017ee se koristiti kao potpuna ishrana ili u kombinaciji sa drugim medicinskim dijetama po savetu veterinara<\/p>\n<p>Izaberite HILLS HYPOALLERGENIC Z\/D MINI ADULT 1KG i obezbedite svom psu zdravlje, vitalnost i kvalitetan \u017eivot bez alergija!<\/p>","protected":false},"excerpt":{"rendered":"<p>HILLS HYPOALLERGENIC Z\/D MINI ADULT 1KG je specijalizovana hrana za pse koja poma\u017ee u re\u0161avanju alergija i intolerancija na hranu. Njena jedinstvena formula smanjuje rizik od alergijskih reakcija i podr\u017eava zdravu ko\u017eu i dlaku va\u0161eg ljubimca. Idealan izbor za pse sa osetljivim stomakom i ko\u017eom.<\/p>","protected":false},"featured_media":17137,"comment_status":"open","ping_status":"closed","template":"","meta":{"_acf_changed":false},"product_brand":[457],"product_cat":[49,66,30,33],"product_tag":[],"class_list":{"0":"post-25960","1":"product","2":"type-product","3":"status-publish","4":"has-post-thumbnail","6":"product_brand-hills","7":"product_cat-hills-hrana-za-pse","8":"product_cat-hipoalergenska-hrana-za-pse","9":"product_cat-hrana-za-pse","10":"product_cat-medicinska-hrana-za-pse","12":"first","13":"instock","14":"taxable","15":"shipping-taxable","16":"purchasable","17":"product-type-simple"},"acf":[],"seolaxy_ctr_woo_product_custom_meta_description_content":"","_links":{"self":[{"href":"https:\/\/www.happydog-club.com\/ru\/wp-json\/wp\/v2\/product\/25960","targetHints":{"allow":["GET"]}}],"collection":[{"href":"https:\/\/www.happydog-club.com\/ru\/wp-json\/wp\/v2\/product"}],"about":[{"href":"https:\/\/www.happydog-club.com\/ru\/wp-json\/wp\/v2\/types\/product"}],"replies":[{"embeddable":true,"href":"https:\/\/www.happydog-club.com\/ru\/wp-json\/wp\/v2\/comments?post=25960"}],"version-history":[{"count":1,"href":"https:\/\/www.happydog-club.com\/ru\/wp-json\/wp\/v2\/product\/25960\/revisions"}],"predecessor-version":[{"id":25990,"href":"https:\/\/www.happydog-club.com\/ru\/wp-json\/wp\/v2\/product\/25960\/revisions\/25990"}],"wp:featuredmedia":[{"embeddable":true,"href":"https:\/\/www.happydog-club.com\/ru\/wp-json\/wp\/v2\/media\/17137"}],"wp:attachment":[{"href":"https:\/\/www.happydog-club.com\/ru\/wp-json\/wp\/v2\/media?parent=25960"}],"wp:term":[{"taxonomy":"product_brand","embeddable":true,"href":"https:\/\/www.happydog-club.com\/ru\/wp-json\/wp\/v2\/product_brand?post=25960"},{"taxonomy":"product_cat","embeddable":true,"href":"https:\/\/www.happydog-club.com\/ru\/wp-json\/wp\/v2\/product_cat?post=25960"},{"taxonomy":"product_tag","embeddable":true,"href":"https:\/\/www.happydog-club.com\/ru\/wp-json\/wp\/v2\/product_tag?post=25960"}],"curies":[{"name":"wp","href":"https:\/\/api.w.org\/{rel}","templated":true}]}}