{"id":25964,"date":"2026-03-18T02:49:26","date_gmt":"2026-03-18T01:49:26","guid":{"rendered":"https:\/\/www.happydog-club.com\/?post_type=product&#038;p=25964"},"modified":"2026-05-17T12:00:15","modified_gmt":"2026-05-17T10:00:15","slug":"vet-life-dog-hypoallergenic-300g-pacetina-i-krompir","status":"publish","type":"product","link":"https:\/\/www.happydog-club.com\/ru\/p\/vet-life-dog-hypoallergenic-300g-pacetina-i-krompir\/","title":{"rendered":"VET LIFE DOG HYPOALLERGENIC 300G &#8211; PA\u010cETINA I KROMPIR"},"content":{"rendered":"<p>DECHRA SPECIFIC HEART &amp; KIDNEY SUPPORT ZA PSE 300G je vrhunska medicinska hrana posebno formulisana za pse sa sr\u010danim i bubre\u017enim problemima. Ova vla\u017ena hrana pru\u017ea optimalnu podr\u0161ku zdravlju srca i bubrega, obezbe\u0111uju\u0107i va\u0161em ljubimcu kvalitetan i ispunjen \u017eivot.<\/p>\n<p>Glavne prednosti:<br \/>\n&#8211; Prilago\u0111en sastav za podr\u0161ku funkciji srca i bubrega<br \/>\n&#8211; Smanjen nivo natrijuma i fosfora za rastere\u0107enje vitalnih organa<br \/>\n&#8211; Bogata esencijalnim masnim kiselinama i antioksidansima<br \/>\n&#8211; Visok kvalitet sastojaka za maksimalnu iskoristivost nutrijenata<br \/>\n&#8211; Ukusna tekstura koju psi rado prihvataju<\/p>\n<p>Kome je namenjen ovaj proizvod:<br \/>\n&#8211; Psima sa dijagnostikovanim sr\u010danim ili bubre\u017enim problemima<br \/>\n&#8211; Starijim psima kod kojih je potrebna posebna nutritivna podr\u0161ka<br \/>\n&#8211; Vlasnicima koji \u017eele najbolju medicinsku ishranu za svog ljubimca<\/p>\n<p>Na\u010din upotrebe:<br \/>\n&#8211; Koristiti isklju\u010divo prema preporuci veterinara<br \/>\n&#8211; Poslu\u017eiti kao potpun obrok ili u kombinaciji sa suvom hranom<br \/>\n&#8211; Pratiti preporu\u010denu dnevnu koli\u010dinu u skladu sa te\u017einom i stanjem psa<\/p>\n<p>Izaberite DECHRA SPECIFIC HEART &amp; KIDNEY SUPPORT i pru\u017eite svom psu vrhunsku negu, zdravlje i energiju svakog dana!<\/p>","protected":false},"excerpt":{"rendered":"<p>Vet Life Dog Hypoallergenic pa\u010detina i krompir je specijalizovana hrana za pse sklone alergijama i intolerancijama na hranu. Pripremljena od pa\u017eljivo odabranih sastojaka, poma\u017ee u smanjenju alergijskih reakcija i podr\u017eava zdravlje ko\u017ee i dlake va\u0161eg ljubimca. Obezbedite svom psu ukusnu i sigurnu ishranu svaki dan!<\/p>","protected":false},"featured_media":17884,"comment_status":"open","ping_status":"closed","template":"","meta":{"_acf_changed":false},"product_brand":[],"product_cat":[66,30,33,294],"product_tag":[],"class_list":{"0":"post-25964","1":"product","2":"type-product","3":"status-publish","4":"has-post-thumbnail","6":"product_cat-hipoalergenska-hrana-za-pse","7":"product_cat-hrana-za-pse","8":"product_cat-medicinska-hrana-za-pse","9":"product_cat-vet-life-hrana-za-pse","11":"first","12":"instock","13":"taxable","14":"shipping-taxable","15":"purchasable","16":"product-type-simple"},"acf":[],"seolaxy_ctr_woo_product_custom_meta_description_content":"","_links":{"self":[{"href":"https:\/\/www.happydog-club.com\/ru\/wp-json\/wp\/v2\/product\/25964","targetHints":{"allow":["GET"]}}],"collection":[{"href":"https:\/\/www.happydog-club.com\/ru\/wp-json\/wp\/v2\/product"}],"about":[{"href":"https:\/\/www.happydog-club.com\/ru\/wp-json\/wp\/v2\/types\/product"}],"replies":[{"embeddable":true,"href":"https:\/\/www.happydog-club.com\/ru\/wp-json\/wp\/v2\/comments?post=25964"}],"version-history":[{"count":2,"href":"https:\/\/www.happydog-club.com\/ru\/wp-json\/wp\/v2\/product\/25964\/revisions"}],"predecessor-version":[{"id":26231,"href":"https:\/\/www.happydog-club.com\/ru\/wp-json\/wp\/v2\/product\/25964\/revisions\/26231"}],"wp:featuredmedia":[{"embeddable":true,"href":"https:\/\/www.happydog-club.com\/ru\/wp-json\/wp\/v2\/media\/17884"}],"wp:attachment":[{"href":"https:\/\/www.happydog-club.com\/ru\/wp-json\/wp\/v2\/media?parent=25964"}],"wp:term":[{"taxonomy":"product_brand","embeddable":true,"href":"https:\/\/www.happydog-club.com\/ru\/wp-json\/wp\/v2\/product_brand?post=25964"},{"taxonomy":"product_cat","embeddable":true,"href":"https:\/\/www.happydog-club.com\/ru\/wp-json\/wp\/v2\/product_cat?post=25964"},{"taxonomy":"product_tag","embeddable":true,"href":"https:\/\/www.happydog-club.com\/ru\/wp-json\/wp\/v2\/product_tag?post=25964"}],"curies":[{"name":"wp","href":"https:\/\/api.w.org\/{rel}","templated":true}]}}