{"id":25996,"date":"2026-03-18T02:49:29","date_gmt":"2026-03-18T01:49:29","guid":{"rendered":"https:\/\/www.happydog-club.com\/?post_type=product&#038;p=25996"},"modified":"2026-05-17T12:00:17","modified_gmt":"2026-05-17T10:00:17","slug":"monge-vet-solution-gastrointestinal-pasteta-za-pse-100g","status":"publish","type":"product","link":"https:\/\/www.happydog-club.com\/ru\/p\/monge-vet-solution-gastrointestinal-pasteta-za-pse-100g\/","title":{"rendered":"MONGE VET SOLUTION GASTROINTESTINAL PA\u0160TETA ZA PSE 150G"},"content":{"rendered":"<p>DECHRA SPECIFIC DENTAL S 5X40G je vrhunska medicinska poslastica za pse, posebno razvijena za o\u010duvanje zdravlja zuba i desni va\u0161eg ljubimca. Ovaj proizvod kombinuje izuzetnu ukusnost sa naprednom formulom za dentalnu higijenu, \u010dine\u0107i ga savr\u0161enim izborom za svakodnevnu negu.<\/p>\n<p>Glavne prednosti:<br \/>\n&#8211; Efikasno smanjuje stvaranje zubnog kamenca i naslaga<br \/>\n&#8211; Odr\u017eava sve\u017e dah i zdravlje desni<br \/>\n&#8211; Prakti\u010dno pakovanje \u2013 5 pojedina\u010dnih kesica po 40g<br \/>\n&#8211; Visok kvalitet sastojaka, bez ve\u0161ta\u010dkih dodataka<br \/>\n&#8211; Preporu\u010deno od strane veterinara<\/p>\n<p>Kome je namenjen:<br \/>\n&#8211; Svim psima kojima je potrebna dodatna dentalna nega<br \/>\n&#8211; Idealno za pse sklone problemima sa zubima i desnima<br \/>\n&#8211; Pogodno za pse svih rasa i veli\u010dina<\/p>\n<p>Na\u010din upotrebe:<br \/>\n&#8211; Dajte psu jednu poslasticu dnevno, kao dodatak redovnoj ishrani<br \/>\n&#8211; Mo\u017ee se koristiti kao nagrada ili motivacija tokom treninga<br \/>\n&#8211; Uvek obezbedite sve\u017eu vodu uz poslasticu<\/p>\n<p>Brinite o zdravlju svog psa na jednostavan i ukusan na\u010din uz DECHRA SPECIFIC DENTAL S \u2013 jer zdrav osmeh zna\u010di sre\u0107an ljubimac!<\/p>","protected":false},"excerpt":{"rendered":"<p>Monge Vet Solution Gastrointestinal pa\u0161teta za pse 100g posebno je formulirana za podr\u0161ku probavnom sistemu va\u0161eg psa. Ova ukusna pa\u0161teta poma\u017ee u regulaciji varenja i obnavljanju crevne flore, pru\u017eaju\u0107i olak\u0161anje kod gastrointestinalnih tegoba. Idealan izbor za pse sa osetljivim stomakom i probavnim smetnjama.<\/p>","protected":false},"featured_media":17793,"comment_status":"open","ping_status":"closed","template":"","meta":{"_acf_changed":false},"product_brand":[],"product_cat":[70,33],"product_tag":[],"class_list":{"0":"post-25996","1":"product","2":"type-product","3":"status-publish","4":"has-post-thumbnail","6":"product_cat-gastro-digestivna-hrana-za-pse","7":"product_cat-medicinska-hrana-za-pse","9":"first","10":"instock","11":"taxable","12":"shipping-taxable","13":"purchasable","14":"product-type-simple"},"acf":[],"seolaxy_ctr_woo_product_custom_meta_description_content":"","_links":{"self":[{"href":"https:\/\/www.happydog-club.com\/ru\/wp-json\/wp\/v2\/product\/25996","targetHints":{"allow":["GET"]}}],"collection":[{"href":"https:\/\/www.happydog-club.com\/ru\/wp-json\/wp\/v2\/product"}],"about":[{"href":"https:\/\/www.happydog-club.com\/ru\/wp-json\/wp\/v2\/types\/product"}],"replies":[{"embeddable":true,"href":"https:\/\/www.happydog-club.com\/ru\/wp-json\/wp\/v2\/comments?post=25996"}],"version-history":[{"count":2,"href":"https:\/\/www.happydog-club.com\/ru\/wp-json\/wp\/v2\/product\/25996\/revisions"}],"predecessor-version":[{"id":26257,"href":"https:\/\/www.happydog-club.com\/ru\/wp-json\/wp\/v2\/product\/25996\/revisions\/26257"}],"wp:featuredmedia":[{"embeddable":true,"href":"https:\/\/www.happydog-club.com\/ru\/wp-json\/wp\/v2\/media\/17793"}],"wp:attachment":[{"href":"https:\/\/www.happydog-club.com\/ru\/wp-json\/wp\/v2\/media?parent=25996"}],"wp:term":[{"taxonomy":"product_brand","embeddable":true,"href":"https:\/\/www.happydog-club.com\/ru\/wp-json\/wp\/v2\/product_brand?post=25996"},{"taxonomy":"product_cat","embeddable":true,"href":"https:\/\/www.happydog-club.com\/ru\/wp-json\/wp\/v2\/product_cat?post=25996"},{"taxonomy":"product_tag","embeddable":true,"href":"https:\/\/www.happydog-club.com\/ru\/wp-json\/wp\/v2\/product_tag?post=25996"}],"curies":[{"name":"wp","href":"https:\/\/api.w.org\/{rel}","templated":true}]}}