{"id":25997,"date":"2026-03-18T02:49:29","date_gmt":"2026-03-18T01:49:29","guid":{"rendered":"https:\/\/www.happydog-club.com\/?post_type=product&#038;p=25997"},"modified":"2026-05-17T12:00:18","modified_gmt":"2026-05-17T10:00:18","slug":"dechra-specific-digestive-support-za-pse-100g","status":"publish","type":"product","link":"https:\/\/www.happydog-club.com\/ru\/p\/dechra-specific-digestive-support-za-pse-100g\/","title":{"rendered":"DECHRA SPECIFIC DIGESTIVE  SUPPORT ZA PSE &#8211; 100G"},"content":{"rendered":"<p>DECHRA SPECIFIC DIGESTIVE SUPPORT ZA PSE &#8211; 100G je vrhunska medicinska hrana namenjena psima sa osetljivim varenjem i digestivnim problemima. Ovaj proizvod iz kategorije gastro-digestivne hrane za pse pru\u017ea efikasnu podr\u0161ku zdravlju creva i optimalnoj apsorpciji hranljivih materija.<\/p>\n<p>Glavne prednosti:<br \/>\n&#8211; Podr\u017eava zdravlje probavnog sistema i ravnote\u017eu crevne flore<br \/>\n&#8211; Lako svarljiva formula smanjuje optere\u0107enje na digestivni trakt<br \/>\n&#8211; Sadr\u017ei visokokvalitetne proteine i esencijalne nutrijente<br \/>\n&#8211; Poma\u017ee br\u017eem oporavku nakon gastrointestinalnih tegoba<br \/>\n&#8211; Prakti\u010dno pakovanje od 100g \u2013 idealno za svakodnevnu upotrebu ili putovanja<\/p>\n<p>Kome je namenjen:<br \/>\n&#8211; Psima sa akutnim ili hroni\u010dnim digestivnim problemima<br \/>\n&#8211; Ljubimcima koji se oporavljaju od bolesti ili operacija vezanih za probavni trakt<br \/>\n&#8211; Vlasnicima koji \u017eele da pru\u017ee svom psu najbolju podr\u0161ku za zdrav stomak i creva<\/p>\n<p>Na\u010din upotrebe:<br \/>\n&#8211; Hranu poslu\u017eite prema preporuci veterinara, u skladu sa telesnom te\u017einom i potrebama psa<br \/>\n&#8211; Mo\u017ee se koristiti kao potpuna ili dopunska ishrana tokom perioda oporavka<br \/>\n&#8211; Uvek obezbedite sve\u017eu vodu uz obrok<\/p>\n<p>Izaberite DECHRA SPECIFIC DIGESTIVE SUPPORT i obezbedite svom psu zdravlje, energiju i vitalnost kroz kvalitetnu i ciljanu ishranu.<\/p>","protected":false},"excerpt":{"rendered":"<p>DECHRA SPECIFIC DIGESTIVE SUPPORT je specijalizovana hrana za pse koja efikasno podr\u017eava zdravlje probavnog sistema i olak\u0161ava varenje. Idealan je izbor za pse sa osetljivim stomakom, jer sadr\u017ei lako svarljive sastojke i poma\u017ee u obnavljanju crevne flore. Obezbedite svom ljubimcu optimalnu ishranu i brzu podr\u0161ku kod probavnih tegoba!<\/p>","protected":false},"featured_media":17138,"comment_status":"open","ping_status":"closed","template":"","meta":{"_acf_changed":false},"product_brand":[],"product_cat":[70,30,33],"product_tag":[],"class_list":{"0":"post-25997","1":"product","2":"type-product","3":"status-publish","4":"has-post-thumbnail","6":"product_cat-gastro-digestivna-hrana-za-pse","7":"product_cat-hrana-za-pse","8":"product_cat-medicinska-hrana-za-pse","10":"first","11":"instock","12":"taxable","13":"shipping-taxable","14":"purchasable","15":"product-type-simple"},"acf":[],"seolaxy_ctr_woo_product_custom_meta_description_content":"","_links":{"self":[{"href":"https:\/\/www.happydog-club.com\/ru\/wp-json\/wp\/v2\/product\/25997","targetHints":{"allow":["GET"]}}],"collection":[{"href":"https:\/\/www.happydog-club.com\/ru\/wp-json\/wp\/v2\/product"}],"about":[{"href":"https:\/\/www.happydog-club.com\/ru\/wp-json\/wp\/v2\/types\/product"}],"replies":[{"embeddable":true,"href":"https:\/\/www.happydog-club.com\/ru\/wp-json\/wp\/v2\/comments?post=25997"}],"version-history":[{"count":1,"href":"https:\/\/www.happydog-club.com\/ru\/wp-json\/wp\/v2\/product\/25997\/revisions"}],"predecessor-version":[{"id":26027,"href":"https:\/\/www.happydog-club.com\/ru\/wp-json\/wp\/v2\/product\/25997\/revisions\/26027"}],"wp:featuredmedia":[{"embeddable":true,"href":"https:\/\/www.happydog-club.com\/ru\/wp-json\/wp\/v2\/media\/17138"}],"wp:attachment":[{"href":"https:\/\/www.happydog-club.com\/ru\/wp-json\/wp\/v2\/media?parent=25997"}],"wp:term":[{"taxonomy":"product_brand","embeddable":true,"href":"https:\/\/www.happydog-club.com\/ru\/wp-json\/wp\/v2\/product_brand?post=25997"},{"taxonomy":"product_cat","embeddable":true,"href":"https:\/\/www.happydog-club.com\/ru\/wp-json\/wp\/v2\/product_cat?post=25997"},{"taxonomy":"product_tag","embeddable":true,"href":"https:\/\/www.happydog-club.com\/ru\/wp-json\/wp\/v2\/product_tag?post=25997"}],"curies":[{"name":"wp","href":"https:\/\/api.w.org\/{rel}","templated":true}]}}