{"id":26005,"date":"2026-03-18T02:49:30","date_gmt":"2026-03-18T01:49:30","guid":{"rendered":"https:\/\/www.happydog-club.com\/?post_type=product&#038;p=26005"},"modified":"2026-05-17T12:00:10","modified_gmt":"2026-05-17T10:00:10","slug":"vet-life-dog-gastrointestinal-2kg","status":"publish","type":"product","link":"https:\/\/www.happydog-club.com\/ru\/p\/vet-life-dog-gastrointestinal-2kg\/","title":{"rendered":"VET LIFE DOG GASTROINTESTINAL 2KG"},"content":{"rendered":"<p>DECHRA organska poslastica za pse 100g je vrhunski izbor za vlasnike koji \u017eele svom ljubimcu pru\u017eiti zdravu, ukusnu i sigurnu nagradu. Ova poslastica je pa\u017eljivo formulisana od najkvalitetnijih organskih sastojaka, bez ve\u0161ta\u010dkih dodataka i konzervansa, \u0161to je \u010dini idealnom za svakodnevnu upotrebu.<\/p>\n<p>Glavne prednosti:<br \/>\n&#8211; 100% organski sastojci, bez GMO i ve\u0161ta\u010dkih boja<br \/>\n&#8211; Podr\u017eava zdravlje zuba i desni<br \/>\n&#8211; Bogata vitaminima i mineralima za sna\u017ean imunitet<br \/>\n&#8211; Prikladna i za pse sa osetljivim stomakom<br \/>\n&#8211; Nizak sadr\u017eaj masti \u2013 pogodna za pse sklone gojenju<\/p>\n<p>Kome je namenjena:<br \/>\n&#8211; Svim rasama i veli\u010dinama pasa<br \/>\n&#8211; Posebno pogodna za pse sa alergijama ili intolerancijama na hranu<br \/>\n&#8211; Idealna za vlasnike koji \u017eele prirodnu i sigurnu nagradu za svog psa<\/p>\n<p>Na\u010din upotrebe:<br \/>\n&#8211; Koristite kao nagradu tokom treninga ili kao zdravu u\u017einu izme\u0111u obroka<br \/>\n&#8211; Prilagodite koli\u010dinu veli\u010dini i potrebama va\u0161eg psa<br \/>\n&#8211; Uvek obezbedite sve\u017eu vodu uz poslastice<\/p>\n<p>Izaberite DECHRA organsku poslasticu i pru\u017eite svom psu vrhunski ukus, zdravlje i zadovoljstvo u svakom zalogaju!<\/p>","protected":false},"excerpt":{"rendered":"<p>Vet Life Dog Gastrointestinal 2kg je specijalizovana medicinska hrana koja poma\u017ee u regulaciji varenja i oporavku probavnog sistema va\u0161eg psa. Obezbe\u0111uje lako svarljive sastojke i optimalan balans nutrijenata za brzu obnovu energije i zdravlje creva. Idealan izbor za pse sa osetljivim stomakom ili probavnim smetnjama.<\/p>","protected":false},"featured_media":3828,"comment_status":"open","ping_status":"closed","template":"","meta":{"_acf_changed":false},"product_brand":[],"product_cat":[70,30,33,294],"product_tag":[],"class_list":{"0":"post-26005","1":"product","2":"type-product","3":"status-publish","4":"has-post-thumbnail","6":"product_cat-gastro-digestivna-hrana-za-pse","7":"product_cat-hrana-za-pse","8":"product_cat-medicinska-hrana-za-pse","9":"product_cat-vet-life-hrana-za-pse","11":"first","12":"instock","13":"taxable","14":"shipping-taxable","15":"purchasable","16":"product-type-simple"},"acf":[],"seolaxy_ctr_woo_product_custom_meta_description_content":"","_links":{"self":[{"href":"https:\/\/www.happydog-club.com\/ru\/wp-json\/wp\/v2\/product\/26005","targetHints":{"allow":["GET"]}}],"collection":[{"href":"https:\/\/www.happydog-club.com\/ru\/wp-json\/wp\/v2\/product"}],"about":[{"href":"https:\/\/www.happydog-club.com\/ru\/wp-json\/wp\/v2\/types\/product"}],"replies":[{"embeddable":true,"href":"https:\/\/www.happydog-club.com\/ru\/wp-json\/wp\/v2\/comments?post=26005"}],"version-history":[{"count":1,"href":"https:\/\/www.happydog-club.com\/ru\/wp-json\/wp\/v2\/product\/26005\/revisions"}],"predecessor-version":[{"id":26035,"href":"https:\/\/www.happydog-club.com\/ru\/wp-json\/wp\/v2\/product\/26005\/revisions\/26035"}],"wp:featuredmedia":[{"embeddable":true,"href":"https:\/\/www.happydog-club.com\/ru\/wp-json\/wp\/v2\/media\/3828"}],"wp:attachment":[{"href":"https:\/\/www.happydog-club.com\/ru\/wp-json\/wp\/v2\/media?parent=26005"}],"wp:term":[{"taxonomy":"product_brand","embeddable":true,"href":"https:\/\/www.happydog-club.com\/ru\/wp-json\/wp\/v2\/product_brand?post=26005"},{"taxonomy":"product_cat","embeddable":true,"href":"https:\/\/www.happydog-club.com\/ru\/wp-json\/wp\/v2\/product_cat?post=26005"},{"taxonomy":"product_tag","embeddable":true,"href":"https:\/\/www.happydog-club.com\/ru\/wp-json\/wp\/v2\/product_tag?post=26005"}],"curies":[{"name":"wp","href":"https:\/\/api.w.org\/{rel}","templated":true}]}}