{"id":26006,"date":"2026-03-18T02:49:30","date_gmt":"2026-03-18T01:49:30","guid":{"rendered":"https:\/\/www.happydog-club.com\/?post_type=product&#038;p=26006"},"modified":"2026-05-17T12:00:12","modified_gmt":"2026-05-17T10:00:12","slug":"hills-digestive-care-i-d-za-pse-360g","status":"publish","type":"product","link":"https:\/\/www.happydog-club.com\/ru\/p\/hills-digestive-care-i-d-za-pse-360g\/","title":{"rendered":"HILLS DIGESTIVE CARE I\/D ZA PSE 360G"},"content":{"rendered":"<p>HILLS DIGESTIVE CARE I\/D ZA PSE 360G \u2013 Vrhunska medicinska hrana za zdrav digestivni sistem va\u0161eg psa<\/p>\n<p>HILLS DIGESTIVE CARE I\/D je specijalno formulisana medicinska hrana namenjena psima sa osetljivim stomakom i digestivnim problemima. Ovaj proizvod iz renomiranog brenda Hills pru\u017ea optimalnu podr\u0161ku zdravlju creva i olak\u0161ava varenje, \u010dine\u0107i svakodnevni \u017eivot va\u0161eg ljubimca lak\u0161im i sre\u0107nijim.<\/p>\n<p>Glavne prednosti:<br \/>\n&#8211; Podr\u017eava zdravlje digestivnog sistema i ravnote\u017eu crevne flore<br \/>\n&#8211; Lako svarljiva formula smanjuje optere\u0107enje na \u017eeludac i creva<br \/>\n&#8211; Bogata esencijalnim nutrijentima za br\u017ei oporavak i vitalnost<br \/>\n&#8211; Poma\u017ee u regulaciji stolice i smanjenju gastrointestinalnih smetnji<br \/>\n&#8211; Proveren kvalitet i sigurnost \u2013 preporu\u010deno od strane veterinara<\/p>\n<p>Kome je namenjen ovaj proizvod:<br \/>\n&#8211; Psima sa akutnim ili hroni\u010dnim digestivnim problemima<br \/>\n&#8211; Ljubimcima koji pate od proliva, povra\u0107anja ili nadutosti<br \/>\n&#8211; Psu koji se oporavlja od operacija ili bolesti vezanih za probavni trakt<br \/>\n&#8211; Vlasnicima koji \u017eele najbolju medicinsku ishranu za zdravlje svog psa<\/p>\n<p>Na\u010din upotrebe:<br \/>\n&#8211; Preporu\u010duje se konsultacija sa veterinarom pre upotrebe<br \/>\n&#8211; Hranu servirati prema preporu\u010denoj dnevnoj koli\u010dini u zavisnosti od te\u017eine i zdravstvenog stanja psa<br \/>\n&#8211; Mo\u017ee se koristiti kao potpuna ili dopunska ishrana tokom perioda oporavka<\/p>\n<p>Izaberite HILLS DIGESTIVE CARE I\/D 360G i pru\u017eite svom psu vrhunsku negu, kvalitet i sigurnost uz svaki obrok!<\/p>","protected":false},"excerpt":{"rendered":"<p>HILLS DIGESTIVE CARE I\/D za pse 360g je specijalno formulisana hrana koja brzo umiruje osetljiv stomak i pobolj\u0161ava varenje va\u0161eg psa. Bogata je prebioticima i lako svarljivim sastojcima, pru\u017eaju\u0107i optimalnu podr\u0161ku zdravlju creva i oporavku nakon probavnih smetnji. Obezbedite svom ljubimcu olak\u0161anje i vitalnost uz proverenu Hills kvalitetu.<\/p>","protected":false},"featured_media":17278,"comment_status":"open","ping_status":"closed","template":"","meta":{"_acf_changed":false},"product_brand":[457],"product_cat":[70,33],"product_tag":[],"class_list":{"0":"post-26006","1":"product","2":"type-product","3":"status-publish","4":"has-post-thumbnail","6":"product_brand-hills","7":"product_cat-gastro-digestivna-hrana-za-pse","8":"product_cat-medicinska-hrana-za-pse","10":"first","11":"instock","12":"taxable","13":"shipping-taxable","14":"purchasable","15":"product-type-simple"},"acf":[],"seolaxy_ctr_woo_product_custom_meta_description_content":"","_links":{"self":[{"href":"https:\/\/www.happydog-club.com\/ru\/wp-json\/wp\/v2\/product\/26006","targetHints":{"allow":["GET"]}}],"collection":[{"href":"https:\/\/www.happydog-club.com\/ru\/wp-json\/wp\/v2\/product"}],"about":[{"href":"https:\/\/www.happydog-club.com\/ru\/wp-json\/wp\/v2\/types\/product"}],"replies":[{"embeddable":true,"href":"https:\/\/www.happydog-club.com\/ru\/wp-json\/wp\/v2\/comments?post=26006"}],"version-history":[{"count":2,"href":"https:\/\/www.happydog-club.com\/ru\/wp-json\/wp\/v2\/product\/26006\/revisions"}],"predecessor-version":[{"id":26215,"href":"https:\/\/www.happydog-club.com\/ru\/wp-json\/wp\/v2\/product\/26006\/revisions\/26215"}],"wp:featuredmedia":[{"embeddable":true,"href":"https:\/\/www.happydog-club.com\/ru\/wp-json\/wp\/v2\/media\/17278"}],"wp:attachment":[{"href":"https:\/\/www.happydog-club.com\/ru\/wp-json\/wp\/v2\/media?parent=26006"}],"wp:term":[{"taxonomy":"product_brand","embeddable":true,"href":"https:\/\/www.happydog-club.com\/ru\/wp-json\/wp\/v2\/product_brand?post=26006"},{"taxonomy":"product_cat","embeddable":true,"href":"https:\/\/www.happydog-club.com\/ru\/wp-json\/wp\/v2\/product_cat?post=26006"},{"taxonomy":"product_tag","embeddable":true,"href":"https:\/\/www.happydog-club.com\/ru\/wp-json\/wp\/v2\/product_tag?post=26006"}],"curies":[{"name":"wp","href":"https:\/\/api.w.org\/{rel}","templated":true}]}}