{"id":26022,"date":"2026-03-18T02:49:30","date_gmt":"2026-03-18T01:49:30","guid":{"rendered":"https:\/\/www.happydog-club.com\/?post_type=product&#038;p=26022"},"modified":"2026-05-17T12:00:15","modified_gmt":"2026-05-17T10:00:15","slug":"vet-life-dog-hypoallergenic-300g-riba-i-krompir","status":"publish","type":"product","link":"https:\/\/www.happydog-club.com\/ru\/p\/vet-life-dog-hypoallergenic-300g-riba-i-krompir\/","title":{"rendered":"VET LIFE DOG HYPOALLERGENIC 300G &#8211; RIBA I KROMPIR"},"content":{"rendered":"<p>VET LIFE DOG HYPOALLERGENIC 300G &#8211; RIBA I KROMPIR je vrhunska medicinska hrana za pse, posebno formulisana za ljubimce sa alergijama i intolerancijama na hranu. Ova hipoalergenska formula sa ribom i krompirom pru\u017ea sigurnost, zdravlje i ukus koji va\u0161 pas zaslu\u017euje.<\/p>\n<p>Glavne prednosti:<br \/>\n&#8211; Smanjuje rizik od alergijskih reakcija zahvaljuju\u0107i pa\u017eljivo biranim sastojcima<br \/>\n&#8211; Podr\u017eava zdravlje ko\u017ee i sjajnu dlaku<br \/>\n&#8211; Lako svarljiva i pogodna za osetljive pse<br \/>\n&#8211; Bez \u017eitarica, ve\u0161ta\u010dkih boja i konzervansa<br \/>\n&#8211; Prakti\u010dno pakovanje od 300g \u2013 idealno za svakodnevnu upotrebu ili putovanja<\/p>\n<p>Kome je namenjen ovaj proizvod:<br \/>\n&#8211; Psima sa dijagnostikovanim alergijama ili intolerancijama na hranu<br \/>\n&#8211; Ljubimcima sa problemima ko\u017ee, svraba ili opadanja dlake<br \/>\n&#8211; Vlasnicima koji \u017eele da svom psu pru\u017ee najvi\u0161i nivo za\u0161tite i kvaliteta kroz ishranu<\/p>\n<p>Na\u010din upotrebe:<br \/>\n&#8211; Preporu\u010duje se upotreba prema uputstvu veterinara<br \/>\n&#8211; Hranu poslu\u017eiti prema preporu\u010denoj dnevnoj koli\u010dini u zavisnosti od te\u017eine i potreba psa<br \/>\n&#8211; Mo\u017ee se koristiti kao potpuna ishrana ili u kombinaciji sa drugim medicinskim dijetama<\/p>\n<p>Izaberite VET LIFE DOG HYPOALLERGENIC 300G &#8211; RIBA I KROMPIR i obezbedite svom psu zdravlje, energiju i sre\u0107u svakog dana!<\/p>","protected":false},"excerpt":{"rendered":"<p>Vet Life Dog Hypoallergenic 300g sa ribom i krompirom je specijalno formulisana hrana za pse sklone alergijama i intolerancijama na hranu. Obezbe\u0111uje optimalnu ishranu, smanjuje rizik od alergijskih reakcija i doprinosi zdravlju ko\u017ee i dlake va\u0161eg ljubimca. Izaberite sigurnost i kvalitet za va\u0161eg psa!<\/p>","protected":false},"featured_media":3830,"comment_status":"open","ping_status":"closed","template":"","meta":{"_acf_changed":false},"product_brand":[],"product_cat":[66,30,33,294],"product_tag":[],"class_list":{"0":"post-26022","1":"product","2":"type-product","3":"status-publish","4":"has-post-thumbnail","6":"product_cat-hipoalergenska-hrana-za-pse","7":"product_cat-hrana-za-pse","8":"product_cat-medicinska-hrana-za-pse","9":"product_cat-vet-life-hrana-za-pse","11":"first","12":"instock","13":"taxable","14":"shipping-taxable","15":"purchasable","16":"product-type-simple"},"acf":[],"seolaxy_ctr_woo_product_custom_meta_description_content":"","_links":{"self":[{"href":"https:\/\/www.happydog-club.com\/ru\/wp-json\/wp\/v2\/product\/26022","targetHints":{"allow":["GET"]}}],"collection":[{"href":"https:\/\/www.happydog-club.com\/ru\/wp-json\/wp\/v2\/product"}],"about":[{"href":"https:\/\/www.happydog-club.com\/ru\/wp-json\/wp\/v2\/types\/product"}],"replies":[{"embeddable":true,"href":"https:\/\/www.happydog-club.com\/ru\/wp-json\/wp\/v2\/comments?post=26022"}],"version-history":[{"count":1,"href":"https:\/\/www.happydog-club.com\/ru\/wp-json\/wp\/v2\/product\/26022\/revisions"}],"predecessor-version":[{"id":26052,"href":"https:\/\/www.happydog-club.com\/ru\/wp-json\/wp\/v2\/product\/26022\/revisions\/26052"}],"wp:featuredmedia":[{"embeddable":true,"href":"https:\/\/www.happydog-club.com\/ru\/wp-json\/wp\/v2\/media\/3830"}],"wp:attachment":[{"href":"https:\/\/www.happydog-club.com\/ru\/wp-json\/wp\/v2\/media?parent=26022"}],"wp:term":[{"taxonomy":"product_brand","embeddable":true,"href":"https:\/\/www.happydog-club.com\/ru\/wp-json\/wp\/v2\/product_brand?post=26022"},{"taxonomy":"product_cat","embeddable":true,"href":"https:\/\/www.happydog-club.com\/ru\/wp-json\/wp\/v2\/product_cat?post=26022"},{"taxonomy":"product_tag","embeddable":true,"href":"https:\/\/www.happydog-club.com\/ru\/wp-json\/wp\/v2\/product_tag?post=26022"}],"curies":[{"name":"wp","href":"https:\/\/api.w.org\/{rel}","templated":true}]}}