{"id":26060,"date":"2026-03-18T02:49:34","date_gmt":"2026-03-18T01:49:34","guid":{"rendered":"https:\/\/www.happydog-club.com\/?post_type=product&#038;p=26060"},"modified":"2026-05-17T12:00:18","modified_gmt":"2026-05-17T10:00:18","slug":"hills-k-d-za-pse-12kg","status":"publish","type":"product","link":"https:\/\/www.happydog-club.com\/ru\/p\/hills-k-d-za-pse-12kg\/","title":{"rendered":"HILLS K\/D ZA PSE 12KG"},"content":{"rendered":"<p>HILLS K\/D ZA PSE 12KG \u2013 Premium medicinska hrana za pse sa bubre\u017enim problemima<\/p>\n<p>HILLS K\/D za pse je specijalno formulisana medicinska hrana koja poma\u017ee u o\u010duvanju zdravlja bubrega i pobolj\u0161anju kvaliteta \u017eivota va\u0161eg ljubimca. Ova hrana je rezultat dugogodi\u0161njih istra\u017eivanja i preporu\u010duje se od strane veterinara \u0161irom sveta.<\/p>\n<p>Glavne prednosti:<br \/>\n&#8211; Podr\u017eava funkciju bubrega i usporava napredovanje bolesti<br \/>\n&#8211; Sadr\u017ei optimalan nivo proteina i fosfora za rastere\u0107enje bubrega<br \/>\n&#8211; Oboga\u0107ena esencijalnim aminokiselinama i omega-3 masnim kiselinama<br \/>\n&#8211; Poma\u017ee u odr\u017eavanju mi\u0161i\u0107ne mase i energije<br \/>\n&#8211; Izuzetno ukusna i lako svarljiva formula<\/p>\n<p>Kome je namenjen ovaj proizvod:<br \/>\n&#8211; Pse sa dijagnostikovanim bubre\u017enim problemima ili hroni\u010dnom bubre\u017enom insuficijencijom<br \/>\n&#8211; Vlasnicima koji \u017eele da pru\u017ee svom ljubimcu najbolju mogu\u0107u negu i produ\u017ee mu \u017eivotni vek<br \/>\n&#8211; Preporu\u010duje se isklju\u010divo uz konsultaciju sa veterinarom<\/p>\n<p>Na\u010din upotrebe:<br \/>\n&#8211; Hranu davati isklju\u010divo prema preporuci veterinara<br \/>\n&#8211; Pratiti uputstva za doziranje u skladu sa te\u017einom i zdravstvenim stanjem psa<br \/>\n&#8211; Mo\u017ee se koristiti kao potpuna dnevna ishrana ili u kombinaciji sa drugim medicinskim dijetama<\/p>\n<p>Izaberite HILLS K\/D za pse 12kg i obezbedite svom ljubimcu zdravlje, vitalnost i kvalitetan \u017eivot uz vrhunsku medicinsku hranu iz Hills asortimana.<\/p>","protected":false},"excerpt":{"rendered":"<p>HILLS K\/D za pse 12kg je specijalizovana medicinska hrana koja podr\u017eava zdravlje bubrega i pobolj\u0161ava kvalitet \u017eivota va\u0161eg ljubimca. Ova ukusna formula poma\u017ee u o\u010duvanju vitalnih funkcija i energije, pru\u017eaju\u0107i va\u0161em psu potrebnu negu svaki dan. Iskoristite akciju i obezbedite svom psu najbolju podr\u0161ku za zdravlje!<\/p>","protected":false},"featured_media":3263,"comment_status":"open","ping_status":"closed","template":"","meta":{"_acf_changed":false},"product_brand":[457],"product_cat":[27,49,33],"product_tag":[],"class_list":{"0":"post-26060","1":"product","2":"type-product","3":"status-publish","4":"has-post-thumbnail","6":"product_brand-hills","7":"product_cat-akcija","8":"product_cat-hills-hrana-za-pse","9":"product_cat-medicinska-hrana-za-pse","11":"first","12":"instock","13":"taxable","14":"shipping-taxable","15":"purchasable","16":"product-type-simple"},"acf":[],"seolaxy_ctr_woo_product_custom_meta_description_content":"","_links":{"self":[{"href":"https:\/\/www.happydog-club.com\/ru\/wp-json\/wp\/v2\/product\/26060","targetHints":{"allow":["GET"]}}],"collection":[{"href":"https:\/\/www.happydog-club.com\/ru\/wp-json\/wp\/v2\/product"}],"about":[{"href":"https:\/\/www.happydog-club.com\/ru\/wp-json\/wp\/v2\/types\/product"}],"replies":[{"embeddable":true,"href":"https:\/\/www.happydog-club.com\/ru\/wp-json\/wp\/v2\/comments?post=26060"}],"version-history":[{"count":2,"href":"https:\/\/www.happydog-club.com\/ru\/wp-json\/wp\/v2\/product\/26060\/revisions"}],"predecessor-version":[{"id":26363,"href":"https:\/\/www.happydog-club.com\/ru\/wp-json\/wp\/v2\/product\/26060\/revisions\/26363"}],"wp:featuredmedia":[{"embeddable":true,"href":"https:\/\/www.happydog-club.com\/ru\/wp-json\/wp\/v2\/media\/3263"}],"wp:attachment":[{"href":"https:\/\/www.happydog-club.com\/ru\/wp-json\/wp\/v2\/media?parent=26060"}],"wp:term":[{"taxonomy":"product_brand","embeddable":true,"href":"https:\/\/www.happydog-club.com\/ru\/wp-json\/wp\/v2\/product_brand?post=26060"},{"taxonomy":"product_cat","embeddable":true,"href":"https:\/\/www.happydog-club.com\/ru\/wp-json\/wp\/v2\/product_cat?post=26060"},{"taxonomy":"product_tag","embeddable":true,"href":"https:\/\/www.happydog-club.com\/ru\/wp-json\/wp\/v2\/product_tag?post=26060"}],"curies":[{"name":"wp","href":"https:\/\/api.w.org\/{rel}","templated":true}]}}