{"id":2748,"date":"2024-11-06T02:49:31","date_gmt":"2024-11-06T01:49:31","guid":{"rendered":"https:\/\/www.happydog-club.com\/?post_type=product&#038;p=2748"},"modified":"2026-05-17T12:00:11","modified_gmt":"2026-05-17T10:00:11","slug":"greenfields-wire-coat-sampon-za-ostrodlake-pse-250ml","status":"publish","type":"product","link":"https:\/\/www.happydog-club.com\/ru\/p\/greenfields-wire-coat-sampon-za-ostrodlake-pse-250ml\/","title":{"rendered":"GREENFIELDS WIRE COAT &#8211; \u0160AMPON ZA O\u0160TRODLAKE PSE 250ML"},"content":{"rendered":"<p class=\"hdopro\">Ovaj jedinstveni \u0161ampon  \u010duva teksturu dlake o\u0161trodlakih i pasa sa grubljom dlakom. On ne\u0107e skinuti sa dlake prirodnu za\u0161titu,niti  omek\u0161ati ili o\u0161tetiti strukturu o\u0161tre dlake.<br \/>&#8211;    Specijalno formulisan za pse sa o\u0161trom dlakom<br \/>&#8211;    Hrani krzno i odr\u017eava ga u dobroj kondiciji<br \/>&#8211;    \u010cini dlaku zdravom i sjajnom<br \/>&#8211;    Poma\u017ee lak\u0161em ra\u0161\u010de\u0161ljavanju krzna<br \/>&#8211;    Pogodan za redovnu upotrebu<br \/>&#8211;    Ne sad\u017ei parabene<br \/>&#8211;    PH izbalansiran<br \/>&#8211;    Parfemske komponente ne izazivaju alergije<\/p>\n<p class=\"hdopro\"><strong>NA\u010cIN UPOTREBE:<\/strong><br \/>Nakvasite temeljno dlaku psa mlakom vodom. Rukama nanesite \u0161ampon na krzno. O\u0161trim pokretima utrljajte \u0161ampon u dlaku psa po\u010dev od grla, dok ne po\u010dne da se stvara dobra pena. Temeljno isperite dlaku mlakom vodom. Prosu\u0161ite dlaku pe\u0161kirom ili fenom. I\u0161\u010detkajte krzno dok je jo\u0161 vla\u017eno. Potpuno osu\u0161ite dlaku i ponovo je o\u010detkajte.<\/p>","protected":false},"excerpt":{"rendered":"<p>Ovaj jedinstveni \u0161ampon \u010duva teksturu dlake o\u0161trodlakih i pasa sa grubljom dlakom. On ne\u0107e skinuti sa dlake prirodnu za\u0161titu,niti omek\u0161ati ili o\u0161tetiti strukturu o\u0161tre dlake.&#8211; Specijalno formulisan za pse sa o\u0161trom dlakom&#8211; Hrani krzno i odr\u017eava ga u dobroj kondiciji&#8211; \u010cini dlaku zdravom i sjajnom&#8211; Poma\u017ee lak\u0161em ra\u0161\u010de\u0161ljavanju krzna&#8211; Pogodan za redovnu upotrebu&#8211; Ne sad\u017ei [&hellip;]<\/p>\n","protected":false},"featured_media":2776,"comment_status":"open","ping_status":"closed","template":"","meta":{"_acf_changed":false},"product_brand":[],"product_cat":[123,130],"product_tag":[],"class_list":{"0":"post-2748","1":"product","2":"type-product","3":"status-publish","4":"has-post-thumbnail","6":"product_cat-higijena-pasa","7":"product_cat-samponi-za-pse","9":"first","10":"instock","11":"purchasable","12":"product-type-simple"},"acf":[],"seolaxy_ctr_woo_product_custom_meta_description_content":"","_links":{"self":[{"href":"https:\/\/www.happydog-club.com\/ru\/wp-json\/wp\/v2\/product\/2748","targetHints":{"allow":["GET"]}}],"collection":[{"href":"https:\/\/www.happydog-club.com\/ru\/wp-json\/wp\/v2\/product"}],"about":[{"href":"https:\/\/www.happydog-club.com\/ru\/wp-json\/wp\/v2\/types\/product"}],"replies":[{"embeddable":true,"href":"https:\/\/www.happydog-club.com\/ru\/wp-json\/wp\/v2\/comments?post=2748"}],"version-history":[{"count":1,"href":"https:\/\/www.happydog-club.com\/ru\/wp-json\/wp\/v2\/product\/2748\/revisions"}],"predecessor-version":[{"id":20678,"href":"https:\/\/www.happydog-club.com\/ru\/wp-json\/wp\/v2\/product\/2748\/revisions\/20678"}],"wp:featuredmedia":[{"embeddable":true,"href":"https:\/\/www.happydog-club.com\/ru\/wp-json\/wp\/v2\/media\/2776"}],"wp:attachment":[{"href":"https:\/\/www.happydog-club.com\/ru\/wp-json\/wp\/v2\/media?parent=2748"}],"wp:term":[{"taxonomy":"product_brand","embeddable":true,"href":"https:\/\/www.happydog-club.com\/ru\/wp-json\/wp\/v2\/product_brand?post=2748"},{"taxonomy":"product_cat","embeddable":true,"href":"https:\/\/www.happydog-club.com\/ru\/wp-json\/wp\/v2\/product_cat?post=2748"},{"taxonomy":"product_tag","embeddable":true,"href":"https:\/\/www.happydog-club.com\/ru\/wp-json\/wp\/v2\/product_tag?post=2748"}],"curies":[{"name":"wp","href":"https:\/\/api.w.org\/{rel}","templated":true}]}}