{"id":2789,"date":"2024-11-06T02:49:36","date_gmt":"2024-11-06T01:49:36","guid":{"rendered":"https:\/\/www.happydog-club.com\/?post_type=product&#038;p=2789"},"modified":"2026-05-17T12:00:21","modified_gmt":"2026-05-17T10:00:21","slug":"25704-trixie-posuda-za-pranje-sapica-s-m","status":"publish","type":"product","link":"https:\/\/www.happydog-club.com\/ru\/p\/25704-trixie-posuda-za-pranje-sapica-s-m\/","title":{"rendered":"TRIXIE POSUDA ZA PRANJE SAPICA S-M"},"content":{"rendered":"<p class=\"hdopro\">\u010cista\u010d \u0161apa poma\u017ee vam u uklanjanju prljav\u0161tine, blata i prljav\u0161tine sa \u0161apa va\u0161eg psa. Mekane silikonske \u010dekinje ne samo da pru\u017eaju temeljito \u010di\u0161\u0107enje, ve\u0107 nude i ugodnu masa\u017eu \u0161apama va\u0161eg ljubimca.Jednostavno postavite \u010dista\u010d \u0161apa na ulazna vrata ili blizu ulaza i pustite psa da jednu po jednu zarije \u0161ape u mekanu silikonsku \u010detku. Lagano okre\u0107ite usisiva\u010d naprijed-natrag dok \u010dekinje otpu\u0161taju prljav\u0161tinu i blato.Ne samo prikladno, ve\u0107 i higijenski &#8211; silikonska \u010detkica mo\u017ee se lako ukloniti i o\u010distiti. Tako mo\u017eete osigurati da \u0161ape va\u0161eg \u010detverono\u017enog prijatelja uvijek budu \u010diste.Osobito nakon izleta po ki\u0161ovitom vremenu ili blatnjavom terenu, va\u017eno je temeljito \u010di\u0161\u0107enje \u0161apa kako bi se smanjio rizik od infekcija i iritacija ko\u017ee. S na\u0161im \u010dista\u010dem \u0161apa ovaj zadatak postaje ugodan ritual u kojem \u0107e va\u0161 pas u\u017eivati.<\/p>","protected":false},"excerpt":{"rendered":"<p>\u010cista\u010d \u0161apa poma\u017ee vam u uklanjanju prljav\u0161tine, blata i prljav\u0161tine sa \u0161apa va\u0161eg psa. Mekane silikonske \u010dekinje ne samo da pru\u017eaju temeljito \u010di\u0161\u0107enje, ve\u0107 nude i ugodnu masa\u017eu \u0161apama va\u0161eg ljubimca.Jednostavno postavite \u010dista\u010d \u0161apa na ulazna vrata ili blizu ulaza i pustite psa da jednu po jednu zarije \u0161ape u mekanu silikonsku \u010detku. Lagano okre\u0107ite [&hellip;]<\/p>\n","protected":false},"featured_media":16419,"comment_status":"open","ping_status":"closed","template":"","meta":{"_acf_changed":false},"product_brand":[],"product_cat":[123],"product_tag":[],"class_list":{"0":"post-2789","1":"product","2":"type-product","3":"status-publish","4":"has-post-thumbnail","6":"product_cat-higijena-pasa","8":"first","9":"instock","10":"purchasable","11":"product-type-simple"},"acf":[],"seolaxy_ctr_woo_product_custom_meta_description_content":"","_links":{"self":[{"href":"https:\/\/www.happydog-club.com\/ru\/wp-json\/wp\/v2\/product\/2789","targetHints":{"allow":["GET"]}}],"collection":[{"href":"https:\/\/www.happydog-club.com\/ru\/wp-json\/wp\/v2\/product"}],"about":[{"href":"https:\/\/www.happydog-club.com\/ru\/wp-json\/wp\/v2\/types\/product"}],"replies":[{"embeddable":true,"href":"https:\/\/www.happydog-club.com\/ru\/wp-json\/wp\/v2\/comments?post=2789"}],"version-history":[{"count":1,"href":"https:\/\/www.happydog-club.com\/ru\/wp-json\/wp\/v2\/product\/2789\/revisions"}],"predecessor-version":[{"id":20687,"href":"https:\/\/www.happydog-club.com\/ru\/wp-json\/wp\/v2\/product\/2789\/revisions\/20687"}],"wp:featuredmedia":[{"embeddable":true,"href":"https:\/\/www.happydog-club.com\/ru\/wp-json\/wp\/v2\/media\/16419"}],"wp:attachment":[{"href":"https:\/\/www.happydog-club.com\/ru\/wp-json\/wp\/v2\/media?parent=2789"}],"wp:term":[{"taxonomy":"product_brand","embeddable":true,"href":"https:\/\/www.happydog-club.com\/ru\/wp-json\/wp\/v2\/product_brand?post=2789"},{"taxonomy":"product_cat","embeddable":true,"href":"https:\/\/www.happydog-club.com\/ru\/wp-json\/wp\/v2\/product_cat?post=2789"},{"taxonomy":"product_tag","embeddable":true,"href":"https:\/\/www.happydog-club.com\/ru\/wp-json\/wp\/v2\/product_tag?post=2789"}],"curies":[{"name":"wp","href":"https:\/\/api.w.org\/{rel}","templated":true}]}}