{"id":2800,"date":"2024-11-06T02:49:36","date_gmt":"2024-11-06T01:49:36","guid":{"rendered":"https:\/\/www.happydog-club.com\/?post_type=product&#038;p=2800"},"modified":"2026-05-17T12:00:09","modified_gmt":"2026-05-17T10:00:09","slug":"greenfields-dentagler-spray-sprej-za-rascesljavanje-psa-250ml","status":"publish","type":"product","link":"https:\/\/www.happydog-club.com\/ru\/p\/greenfields-dentagler-spray-sprej-za-rascesljavanje-psa-250ml\/","title":{"rendered":"GREENFIELDS DENTAGLER SPRAY &#8211; SPREJ ZA RA\u0160\u010cE\u0160LJAVANJE PSA 250ML"},"content":{"rendered":"<p class=\"hdopro\">Ovaj sprej je savr\u0161en za dugodlake pse i pse sa kovrd\u017eavom dlakom. Omek\u0161ava ko\u017eu a dlaci daje sjaj.<br \/>&#8211;    Sprej za ra\u0161\u010de\u0161ljavanje dlake<br \/>&#8211;    Sadr\u017ei ekstrakte kamilice i aloe vere<br \/>&#8211;     Idealan za pse sa dugom dlakom<br \/>&#8211;    Poma\u017ee lak\u0161em ra\u0161\u010de\u0161ljavanju krzna<br \/>&#8211;    Pogodan za redovnu upotrebu<br \/>&#8211;    Ne sad\u017ei parabene<br \/>&#8211;    PH izbalansiran<br \/>&#8211;    Parfemske komponente ne izazivaju alergije<\/p>\n<p class=\"hdopro\"><strong>NA\u010cIN UPOTREBE:<\/strong><br \/>Isprskati sprej na suvo krzno ili posle kupanja odgovaraju\u0107im Greenfields \u0161amonom  i umasirati ga u dlaku.Ostaviti da deluje 1 minut. Ra\u0161\u010de\u0161ljati dlaku  \u010de\u0161ljem ili \u010detkom. Nije potrebno ispiranje.<\/p>","protected":false},"excerpt":{"rendered":"<p>Ovaj sprej je savr\u0161en za dugodlake pse i pse sa kovrd\u017eavom dlakom. Omek\u0161ava ko\u017eu a dlaci daje sjaj.&#8211; Sprej za ra\u0161\u010de\u0161ljavanje dlake&#8211; Sadr\u017ei ekstrakte kamilice i aloe vere&#8211; Idealan za pse sa dugom dlakom&#8211; Poma\u017ee lak\u0161em ra\u0161\u010de\u0161ljavanju krzna&#8211; Pogodan za redovnu upotrebu&#8211; Ne sad\u017ei parabene&#8211; PH izbalansiran&#8211; Parfemske komponente ne izazivaju alergije NA\u010cIN UPOTREBE:Isprskati sprej [&hellip;]<\/p>\n","protected":false},"featured_media":2830,"comment_status":"open","ping_status":"closed","template":"","meta":{"_acf_changed":false},"product_brand":[],"product_cat":[123,130],"product_tag":[],"class_list":{"0":"post-2800","1":"product","2":"type-product","3":"status-publish","4":"has-post-thumbnail","6":"product_cat-higijena-pasa","7":"product_cat-samponi-za-pse","9":"first","10":"instock","11":"purchasable","12":"product-type-simple"},"acf":[],"seolaxy_ctr_woo_product_custom_meta_description_content":"","_links":{"self":[{"href":"https:\/\/www.happydog-club.com\/ru\/wp-json\/wp\/v2\/product\/2800","targetHints":{"allow":["GET"]}}],"collection":[{"href":"https:\/\/www.happydog-club.com\/ru\/wp-json\/wp\/v2\/product"}],"about":[{"href":"https:\/\/www.happydog-club.com\/ru\/wp-json\/wp\/v2\/types\/product"}],"replies":[{"embeddable":true,"href":"https:\/\/www.happydog-club.com\/ru\/wp-json\/wp\/v2\/comments?post=2800"}],"version-history":[{"count":1,"href":"https:\/\/www.happydog-club.com\/ru\/wp-json\/wp\/v2\/product\/2800\/revisions"}],"predecessor-version":[{"id":20698,"href":"https:\/\/www.happydog-club.com\/ru\/wp-json\/wp\/v2\/product\/2800\/revisions\/20698"}],"wp:featuredmedia":[{"embeddable":true,"href":"https:\/\/www.happydog-club.com\/ru\/wp-json\/wp\/v2\/media\/2830"}],"wp:attachment":[{"href":"https:\/\/www.happydog-club.com\/ru\/wp-json\/wp\/v2\/media?parent=2800"}],"wp:term":[{"taxonomy":"product_brand","embeddable":true,"href":"https:\/\/www.happydog-club.com\/ru\/wp-json\/wp\/v2\/product_brand?post=2800"},{"taxonomy":"product_cat","embeddable":true,"href":"https:\/\/www.happydog-club.com\/ru\/wp-json\/wp\/v2\/product_cat?post=2800"},{"taxonomy":"product_tag","embeddable":true,"href":"https:\/\/www.happydog-club.com\/ru\/wp-json\/wp\/v2\/product_tag?post=2800"}],"curies":[{"name":"wp","href":"https:\/\/api.w.org\/{rel}","templated":true}]}}