{"id":2861,"date":"2024-11-06T02:49:42","date_gmt":"2024-11-06T01:49:42","guid":{"rendered":"https:\/\/www.happydog-club.com\/?post_type=product&#038;p=2861"},"modified":"2026-05-17T12:00:11","modified_gmt":"2026-05-17T10:00:11","slug":"greenfields-curly-coat-sampon-za-kovrdzave-pse-250ml","status":"publish","type":"product","link":"https:\/\/www.happydog-club.com\/ru\/p\/greenfields-curly-coat-sampon-za-kovrdzave-pse-250ml\/","title":{"rendered":"GREENFIELDS CURLY COAT &#8211; \u0160AMPON ZA KOVRD\u017dAVE PSE 250ML"},"content":{"rendered":"<p class=\"hdopro\">Curly coat \u0161ampon ne\u017eno \u010disti krzno psa a da pri tom ne otkljanja njenu prirodnu za\u0161titu. Spre\u010dava mr\u0161enje dlake i omogu\u0107ava da kovrd\u017ee va\u0161eg psa budu mekane i lagane.<br \/>&#8211;    Posebno namenjen psima sa kovrd\u017eavom dlakom<br \/>&#8211;   \u010cini dlaku zdravom,mekom i sjajnom<br \/>&#8211;    Dodaje \u017eivost i volume dlaci<br \/>&#8211;    Poma\u017ee lak\u0161em ra\u0161\u010de\u0161ljavanju krzna<br \/>&#8211;    Pogodan za redovnu upotrebu<br \/>&#8211;    Ne sad\u017ei parabene<br \/>&#8211;    PH izbalansiran<br \/>&#8211;    Parfemske komponente ne izazivaju alergije<\/p>\n<p class=\"hdopro\"><strong>NA\u010cIN UPOTREBE:<\/strong><br \/>Nakvasite temeljno dlaku psa mlakom vodom. Rukama nanesite \u0161ampon na krzno. O\u0161trim pokretima utrljajte \u0161ampon u dlaku psa po\u010dev od grla, dok ne po\u010dne da se stvara dobra pena. Temeljno isperite dlaku mlakom vodom. Prosu\u0161ite dlaku pe\u0161kirom ili fenom. I\u0161\u010detkajte krzno dok je jo\u0161 vla\u017eno. Potpuno osu\u0161ite dlaku i ponovo je o\u010detkajte.<\/p>","protected":false},"excerpt":{"rendered":"<p>Curly coat \u0161ampon ne\u017eno \u010disti krzno psa a da pri tom ne otkljanja njenu prirodnu za\u0161titu. Spre\u010dava mr\u0161enje dlake i omogu\u0107ava da kovrd\u017ee va\u0161eg psa budu mekane i lagane.&#8211; Posebno namenjen psima sa kovrd\u017eavom dlakom&#8211; \u010cini dlaku zdravom,mekom i sjajnom&#8211; Dodaje \u017eivost i volume dlaci&#8211; Poma\u017ee lak\u0161em ra\u0161\u010de\u0161ljavanju krzna&#8211; Pogodan za redovnu upotrebu&#8211; Ne sad\u017ei [&hellip;]<\/p>\n","protected":false},"featured_media":2891,"comment_status":"open","ping_status":"closed","template":"","meta":{"_acf_changed":false},"product_brand":[],"product_cat":[123,130],"product_tag":[],"class_list":{"0":"post-2861","1":"product","2":"type-product","3":"status-publish","4":"has-post-thumbnail","6":"product_cat-higijena-pasa","7":"product_cat-samponi-za-pse","9":"first","10":"instock","11":"taxable","12":"shipping-taxable","13":"purchasable","14":"product-type-simple"},"acf":[],"seolaxy_ctr_woo_product_custom_meta_description_content":"","_links":{"self":[{"href":"https:\/\/www.happydog-club.com\/ru\/wp-json\/wp\/v2\/product\/2861","targetHints":{"allow":["GET"]}}],"collection":[{"href":"https:\/\/www.happydog-club.com\/ru\/wp-json\/wp\/v2\/product"}],"about":[{"href":"https:\/\/www.happydog-club.com\/ru\/wp-json\/wp\/v2\/types\/product"}],"replies":[{"embeddable":true,"href":"https:\/\/www.happydog-club.com\/ru\/wp-json\/wp\/v2\/comments?post=2861"}],"version-history":[{"count":1,"href":"https:\/\/www.happydog-club.com\/ru\/wp-json\/wp\/v2\/product\/2861\/revisions"}],"predecessor-version":[{"id":20727,"href":"https:\/\/www.happydog-club.com\/ru\/wp-json\/wp\/v2\/product\/2861\/revisions\/20727"}],"wp:featuredmedia":[{"embeddable":true,"href":"https:\/\/www.happydog-club.com\/ru\/wp-json\/wp\/v2\/media\/2891"}],"wp:attachment":[{"href":"https:\/\/www.happydog-club.com\/ru\/wp-json\/wp\/v2\/media?parent=2861"}],"wp:term":[{"taxonomy":"product_brand","embeddable":true,"href":"https:\/\/www.happydog-club.com\/ru\/wp-json\/wp\/v2\/product_brand?post=2861"},{"taxonomy":"product_cat","embeddable":true,"href":"https:\/\/www.happydog-club.com\/ru\/wp-json\/wp\/v2\/product_cat?post=2861"},{"taxonomy":"product_tag","embeddable":true,"href":"https:\/\/www.happydog-club.com\/ru\/wp-json\/wp\/v2\/product_tag?post=2861"}],"curies":[{"name":"wp","href":"https:\/\/api.w.org\/{rel}","templated":true}]}}