{"id":289,"date":"2024-11-06T02:45:40","date_gmt":"2024-11-06T01:45:40","guid":{"rendered":"https:\/\/www.happydog-club.com\/?post_type=product&#038;p=289"},"modified":"2026-05-17T12:00:20","modified_gmt":"2026-05-17T10:00:20","slug":"alleva-holistic-mini-adult-srnajagnjecannabiszensen-2kg","status":"publish","type":"product","link":"https:\/\/www.happydog-club.com\/ru\/p\/alleva-holistic-mini-adult-srnajagnjecannabiszensen-2kg\/","title":{"rendered":"ALLEVA HOLISTIC MINI ADULT SRNA+JAGNJE+CANNABIS+\u017dEN\u0160EN 2KG"},"content":{"rendered":"<p data-start=\"434\" data-end=\"702\">Savr\u0161ena kombinacija mesa i biljnih ekstrakata za zdravlje va\u0161eg psa! <strong data-start=\"504\" data-end=\"574\">Alleva Holistic Mini Adult \u2013 Srna &amp; Jagnjetina + Cannabis &amp; \u017den\u0161en<\/strong> je pa\u017eljivo formulisana hrana za odrasle pse malih rasa, napravljena od vrhunskih sastojaka za optimalnu ishranu i vitalnost.<\/p>\n<p data-start=\"704\" data-end=\"1002\">Sa <strong data-start=\"707\" data-end=\"764\">srnetinom i jagnjetinom kao glavnim izvorima proteina<\/strong>, ova receptura pru\u017ea lako svarljive i nutritivno bogate proteine za sna\u017ene mi\u0161i\u0107e i izdr\u017eljivost. <strong data-start=\"863\" data-end=\"891\">Ulje kanabisa (cannabis)<\/strong> doprinosi zdravlju ko\u017ee i sjaju dlake, dok <strong data-start=\"935\" data-end=\"945\">\u017een\u0161en<\/strong> ja\u010da imunitet i podr\u017eava prirodnu otpornost organizma.<\/p>\n<p data-start=\"1004\" data-end=\"1194\">Oboga\u0107ena antioksidantima, vitaminima i mineralima, bez \u017eitarica i ve\u0161ta\u010dkih dodataka, ova hrana je odli\u010dan izbor za pse sa osetljivom probavom i potrebom za holisti\u010dkim pristupom ishrani.<\/p>\n<p data-start=\"1196\" data-end=\"1417\"><strong data-start=\"1196\" data-end=\"1218\">Klju\u010dne prednosti:<\/strong><br data-start=\"1218\" data-end=\"1221\" \/>\ud83d\udc3eSrnetina i jagnjetina \u2013 visokokvalitetni proteini za snagu i vitalnost<br data-start=\"1293\" data-end=\"1296\" \/>\ud83d\udc3e Ulje kanabisa \u2013 podr\u017eava zdravlje ko\u017ee, dlake i mentalnu ravnote\u017eu<br data-start=\"1364\" data-end=\"1367\" \/>\ud83d\udc3e \u017den\u0161en \u2013 prirodna podr\u0161ka imunitetu i energiji<\/p>\n<p class=\"hdopro\"><strong>SASTAV:<\/strong><br \/>\nDehidrirana jagnjetina (35%), sve\u017ea jagnjetina (20%), dehidrirana divlja\u010d (10%), slatki krompir, pile\u0107a mast, skrob iz gra\u0161ka, vlakna iz gra\u0161ka, riblje ulje, ulje od pile\u0107e jetre, koren cikorije (izvor inulina i FOS) , indijska bokvica, su\u0161eni inaktivni pivski kvasac (izvor MOS), kalijum karbonat, glukozamin, hondroitin sulfat, Cannabis sativa (vr\u0161ni listovi 0,10%, cvasti 0,005%), koren \u017een\u0161en (Panax ginseng) (0,10%), ruzmarin, kurkuma, klin\u010di\u0107, limun (Rosmarinus officinalis, Curcuma longa, Eugenia caryophyllus, Citrus sp.) (0,05%), sok od juke.<\/p>\n<p class=\"hdopro\"><strong>ANALITI\u010cKI SASTAV:<\/strong><br \/>\nSirovi protein 35,00%; Sirova mast 18,00%; Sirova vlakna 3,00%; Vlaga 9,00%; Sirovi pepeo 8,60%; Skrob 20,00%; Kalcijum 1,70%; Fosfor 1,20%; Natrijum 0,50%; Omega-6 2,30%; Omega-3 1,30%; DHA 0,40%; EPA 0,60%; Glukozamin 1.300 mg\/kg; Hondroitin sulfat 1.100mg\/kg. Metabolizabilna energija (CEN): 3.851 kcal\/kg; 16,1 MJ\/kg, od \u010dega 33% iz proteina i 42% iz masti.<\/p>","protected":false},"excerpt":{"rendered":"<p><strong data-start=\"149\" data-end=\"179\">Alleva Holistic Mini Adult<\/strong> sa srnetinom, jagnjetinom, uljem kanabisa i \u017een\u0161enom je premium hrana za odrasle pse malih rasa. Pru\u017ea visokokvalitetne proteine za energiju i snagu, dok biljni dodaci podr\u017eavaju imunitet, zdravlje ko\u017ee i mentalnu ravnote\u017eu.<\/p>","protected":false},"featured_media":17899,"comment_status":"open","ping_status":"closed","template":"","meta":{"_acf_changed":false},"product_brand":[],"product_cat":[69,31,30],"product_tag":[],"class_list":{"0":"post-289","1":"product","2":"type-product","3":"status-publish","4":"has-post-thumbnail","6":"product_cat-alleva-hrana-za-pse","7":"product_cat-granule-za-pse","8":"product_cat-hrana-za-pse","10":"first","11":"instock","12":"purchasable","13":"product-type-simple"},"acf":[],"seolaxy_ctr_woo_product_custom_meta_description_content":"","_links":{"self":[{"href":"https:\/\/www.happydog-club.com\/ru\/wp-json\/wp\/v2\/product\/289","targetHints":{"allow":["GET"]}}],"collection":[{"href":"https:\/\/www.happydog-club.com\/ru\/wp-json\/wp\/v2\/product"}],"about":[{"href":"https:\/\/www.happydog-club.com\/ru\/wp-json\/wp\/v2\/types\/product"}],"replies":[{"embeddable":true,"href":"https:\/\/www.happydog-club.com\/ru\/wp-json\/wp\/v2\/comments?post=289"}],"version-history":[{"count":3,"href":"https:\/\/www.happydog-club.com\/ru\/wp-json\/wp\/v2\/product\/289\/revisions"}],"predecessor-version":[{"id":19574,"href":"https:\/\/www.happydog-club.com\/ru\/wp-json\/wp\/v2\/product\/289\/revisions\/19574"}],"wp:featuredmedia":[{"embeddable":true,"href":"https:\/\/www.happydog-club.com\/ru\/wp-json\/wp\/v2\/media\/17899"}],"wp:attachment":[{"href":"https:\/\/www.happydog-club.com\/ru\/wp-json\/wp\/v2\/media?parent=289"}],"wp:term":[{"taxonomy":"product_brand","embeddable":true,"href":"https:\/\/www.happydog-club.com\/ru\/wp-json\/wp\/v2\/product_brand?post=289"},{"taxonomy":"product_cat","embeddable":true,"href":"https:\/\/www.happydog-club.com\/ru\/wp-json\/wp\/v2\/product_cat?post=289"},{"taxonomy":"product_tag","embeddable":true,"href":"https:\/\/www.happydog-club.com\/ru\/wp-json\/wp\/v2\/product_tag?post=289"}],"curies":[{"name":"wp","href":"https:\/\/api.w.org\/{rel}","templated":true}]}}