{"id":2979,"date":"2024-11-06T02:49:52","date_gmt":"2024-11-06T01:49:52","guid":{"rendered":"https:\/\/www.happydog-club.com\/?post_type=product&#038;p=2979"},"modified":"2026-05-17T12:00:09","modified_gmt":"2026-05-17T10:00:09","slug":"23493-trixie-gace-za-zenke-m-crne","status":"publish","type":"product","link":"https:\/\/www.happydog-club.com\/ru\/p\/23493-trixie-gace-za-zenke-m-crne\/","title":{"rendered":"TRIXIE GA\u0106E ZA \u017dENKE M &#8211; CRNE"},"content":{"rendered":"<p class=\"hdopro\">Trixie protektivne ga\u0107e za \u017eenke u teranju, razli\u010ditih veli\u010dina, crne boje.<br \/>\n<strong>23490 VELI\u010cINA: XS<\/strong><br \/>\nOBIM STRUKA: 20-25 cm<br \/>\n<strong>23491 VELI\u010cINA: S<\/strong><br \/>\nOBIM STRUKA: 24-31 cm<br \/>\n<strong>23492 VELI\u010cINA: S-M<\/strong><br \/>\nOBIM STRUKA: 32-39 cm<br \/>\n<strong>23493 VELI\u010cINA: M<\/strong><br \/>\nOBIM STRUKA: 40-49 cm<br \/>\n<strong>23493 VELI\u010cINA: L<\/strong><br \/>\nOBIM STRUKA: 50-59 cm<br \/>\nElasti\u010dna, podesivna traka za stomak.<br \/>\nUnutra se nalaze 3 ulo\u0161ka.<br \/>\nPerive u ve\u0161 ma\u0161ini<\/p>","protected":false},"excerpt":{"rendered":"<p>Trixie protektivne ga\u0107e za \u017eenke u teranju, razli\u010ditih veli\u010dina, crne boje. 23490 VELI\u010cINA: XS OBIM STRUKA: 20-25 cm 23491 VELI\u010cINA: S OBIM STRUKA: 24-31 cm 23492 VELI\u010cINA: S-M OBIM STRUKA: 32-39 cm 23493 VELI\u010cINA: M OBIM STRUKA: 40-49 cm 23493 VELI\u010cINA: L OBIM STRUKA: 50-59 cm Elasti\u010dna, podesivna traka za stomak. Unutra se nalaze 3 [&hellip;]<\/p>\n","protected":false},"featured_media":16388,"comment_status":"open","ping_status":"closed","template":"","meta":{"_acf_changed":false},"product_brand":[],"product_cat":[123],"product_tag":[],"class_list":{"0":"post-2979","1":"product","2":"type-product","3":"status-publish","4":"has-post-thumbnail","6":"product_cat-higijena-pasa","8":"first","9":"instock","10":"taxable","11":"shipping-taxable","12":"purchasable","13":"product-type-simple"},"acf":[],"seolaxy_ctr_woo_product_custom_meta_description_content":"","_links":{"self":[{"href":"https:\/\/www.happydog-club.com\/ru\/wp-json\/wp\/v2\/product\/2979","targetHints":{"allow":["GET"]}}],"collection":[{"href":"https:\/\/www.happydog-club.com\/ru\/wp-json\/wp\/v2\/product"}],"about":[{"href":"https:\/\/www.happydog-club.com\/ru\/wp-json\/wp\/v2\/types\/product"}],"replies":[{"embeddable":true,"href":"https:\/\/www.happydog-club.com\/ru\/wp-json\/wp\/v2\/comments?post=2979"}],"version-history":[{"count":1,"href":"https:\/\/www.happydog-club.com\/ru\/wp-json\/wp\/v2\/product\/2979\/revisions"}],"predecessor-version":[{"id":20783,"href":"https:\/\/www.happydog-club.com\/ru\/wp-json\/wp\/v2\/product\/2979\/revisions\/20783"}],"wp:featuredmedia":[{"embeddable":true,"href":"https:\/\/www.happydog-club.com\/ru\/wp-json\/wp\/v2\/media\/16388"}],"wp:attachment":[{"href":"https:\/\/www.happydog-club.com\/ru\/wp-json\/wp\/v2\/media?parent=2979"}],"wp:term":[{"taxonomy":"product_brand","embeddable":true,"href":"https:\/\/www.happydog-club.com\/ru\/wp-json\/wp\/v2\/product_brand?post=2979"},{"taxonomy":"product_cat","embeddable":true,"href":"https:\/\/www.happydog-club.com\/ru\/wp-json\/wp\/v2\/product_cat?post=2979"},{"taxonomy":"product_tag","embeddable":true,"href":"https:\/\/www.happydog-club.com\/ru\/wp-json\/wp\/v2\/product_tag?post=2979"}],"curies":[{"name":"wp","href":"https:\/\/api.w.org\/{rel}","templated":true}]}}