{"id":310,"date":"2024-11-06T02:45:40","date_gmt":"2024-11-06T01:45:40","guid":{"rendered":"https:\/\/www.happydog-club.com\/?post_type=product&#038;p=310"},"modified":"2026-05-17T12:00:04","modified_gmt":"2026-05-17T10:00:04","slug":"royal-canin-maxi-adult-4kg","status":"publish","type":"product","link":"https:\/\/www.happydog-club.com\/ru\/p\/royal-canin-maxi-adult-4kg\/","title":{"rendered":"RC MAXI ADULT 4 KG"},"content":{"rendered":"<p>HDC<\/p>","protected":false},"excerpt":{"rendered":"<p class=\"\" data-start=\"253\" data-end=\"553\">\ud83d\udc3e Podr\u0161ka zdravim zglobovima i pokretljivosti<br data-start=\"299\" data-end=\"302\" \/>\ud83d\udc3e Poma\u017ee varenje zahvaljuju\u0107i visoko svarljivim proteinima i vlaknima<br data-start=\"372\" data-end=\"375\" \/>\ud83d\udc3e Prilago\u0111ena energetska vrednost za optimalnu telesnu te\u017einu<br data-start=\"437\" data-end=\"440\" \/>\ud83d\udc3e Doprinosi sjajnoj dlaci i zdravoj ko\u017ei<br data-start=\"481\" data-end=\"484\" \/>\ud83d\udc3e Pakovanje od 4kg \u2013 idealno za testiranje i uvo\u0111enje nove ishrane<\/p>\n<p class=\"\" data-start=\"555\" data-end=\"764\">ROYAL CANIN Maxi Adult je pa\u017eljivo formulisana hrana za odrasle pse velikih rasa (26\u201344 kg), starosti od 15 meseci do 5 godina. Savr\u0161ena je za o\u010duvanje zdravlja i vitalnosti u ovom aktivnom \u017eivotnom periodu.<\/p>\n<p class=\"\" data-start=\"766\" data-end=\"851\"><strong data-start=\"766\" data-end=\"851\">Poru\u010dite odmah i pru\u017eite svom velikom psu ishranu koja prati njegov ritam \u017eivota!<\/strong><\/p>","protected":false},"featured_media":17358,"comment_status":"open","ping_status":"closed","template":"","meta":{"_acf_changed":false},"product_brand":[],"product_cat":[30,484],"product_tag":[],"class_list":{"0":"post-310","1":"product","2":"type-product","3":"status-publish","4":"has-post-thumbnail","6":"product_cat-hrana-za-pse","7":"product_cat-royal-vet","9":"first","10":"instock","11":"purchasable","12":"product-type-simple"},"acf":[],"seolaxy_ctr_woo_product_custom_meta_description_content":"","_links":{"self":[{"href":"https:\/\/www.happydog-club.com\/ru\/wp-json\/wp\/v2\/product\/310","targetHints":{"allow":["GET"]}}],"collection":[{"href":"https:\/\/www.happydog-club.com\/ru\/wp-json\/wp\/v2\/product"}],"about":[{"href":"https:\/\/www.happydog-club.com\/ru\/wp-json\/wp\/v2\/types\/product"}],"replies":[{"embeddable":true,"href":"https:\/\/www.happydog-club.com\/ru\/wp-json\/wp\/v2\/comments?post=310"}],"version-history":[{"count":3,"href":"https:\/\/www.happydog-club.com\/ru\/wp-json\/wp\/v2\/product\/310\/revisions"}],"predecessor-version":[{"id":27144,"href":"https:\/\/www.happydog-club.com\/ru\/wp-json\/wp\/v2\/product\/310\/revisions\/27144"}],"wp:featuredmedia":[{"embeddable":true,"href":"https:\/\/www.happydog-club.com\/ru\/wp-json\/wp\/v2\/media\/17358"}],"wp:attachment":[{"href":"https:\/\/www.happydog-club.com\/ru\/wp-json\/wp\/v2\/media?parent=310"}],"wp:term":[{"taxonomy":"product_brand","embeddable":true,"href":"https:\/\/www.happydog-club.com\/ru\/wp-json\/wp\/v2\/product_brand?post=310"},{"taxonomy":"product_cat","embeddable":true,"href":"https:\/\/www.happydog-club.com\/ru\/wp-json\/wp\/v2\/product_cat?post=310"},{"taxonomy":"product_tag","embeddable":true,"href":"https:\/\/www.happydog-club.com\/ru\/wp-json\/wp\/v2\/product_tag?post=310"}],"curies":[{"name":"wp","href":"https:\/\/api.w.org\/{rel}","templated":true}]}}