{"id":3224,"date":"2024-11-06T02:50:17","date_gmt":"2024-11-06T01:50:17","guid":{"rendered":"https:\/\/www.happydog-club.com\/?post_type=product&#038;p=3224"},"modified":"2026-05-17T12:00:07","modified_gmt":"2026-05-17T10:00:07","slug":"taste-of-the-wild-puppy-high-prairie-12-2-kg","status":"publish","type":"product","link":"https:\/\/www.happydog-club.com\/ru\/p\/taste-of-the-wild-puppy-high-prairie-12-2-kg\/","title":{"rendered":"TW PUPPY PRERIJA BIZ+PAC+SRNA 12.2 KG"},"content":{"rendered":"<p>HDC<\/p>","protected":false},"excerpt":{"rendered":"<p>\ud83d\udc3e Pe\u010deno meso bizona i divlje srne \u2013 bogat izvor proteina za sna\u017ean razvoj mi\u0161i\u0107a<br \/>\n\ud83d\udc3e Vo\u0107e i povr\u0107e \u2013 prirodni antioksidansi za jak imunitet i za\u0161titu \u0107elija<br \/>\n\ud83d\udc3e Bez \u017eitarica \u2013 pogodna za \u0161tence sa osetljivim varenjem i intolerancijama<br \/>\n\ud83d\udc3e DHA iz ribljeg ulja \u2013 podr\u017eava razvoj mozga i vida u najva\u017enijim fazama rasta<br \/>\n\ud83d\udc3e Pakovanje od 12.2kg \u2013 idealno za dugoro\u010dnu i ekonomi\u010dnu ishranu \u0161tenaca srednjih i velikih rasa<\/p>\n<p>Taste of the Wild Puppy High Prairie je pa\u017eljivo formulisana hrana za \u0161tence, inspirisana ishranom njihovih predaka \u2013 bogata kvalitetnim mesom, bez \u017eitarica, sa dodatkom funkcionalnih sastojaka za zdrav po\u010detak \u017eivota.<\/p>\n<p>\ud83d\udc49 Poru\u010dite odmah i obezbedite svom \u0161tenetu prirodnu i nutritivno savr\u0161enu osnovu za rast i razvoj!<\/p>","protected":false},"featured_media":3254,"comment_status":"open","ping_status":"closed","template":"","meta":{"_acf_changed":false},"product_brand":[],"product_cat":[30,493],"product_tag":[],"class_list":{"0":"post-3224","1":"product","2":"type-product","3":"status-publish","4":"has-post-thumbnail","6":"product_cat-hrana-za-pse","7":"product_cat-mj-trade","9":"first","10":"instock","11":"taxable","12":"shipping-taxable","13":"purchasable","14":"product-type-simple"},"acf":[],"seolaxy_ctr_woo_product_custom_meta_description_content":"","_links":{"self":[{"href":"https:\/\/www.happydog-club.com\/ru\/wp-json\/wp\/v2\/product\/3224","targetHints":{"allow":["GET"]}}],"collection":[{"href":"https:\/\/www.happydog-club.com\/ru\/wp-json\/wp\/v2\/product"}],"about":[{"href":"https:\/\/www.happydog-club.com\/ru\/wp-json\/wp\/v2\/types\/product"}],"replies":[{"embeddable":true,"href":"https:\/\/www.happydog-club.com\/ru\/wp-json\/wp\/v2\/comments?post=3224"}],"version-history":[{"count":3,"href":"https:\/\/www.happydog-club.com\/ru\/wp-json\/wp\/v2\/product\/3224\/revisions"}],"predecessor-version":[{"id":29806,"href":"https:\/\/www.happydog-club.com\/ru\/wp-json\/wp\/v2\/product\/3224\/revisions\/29806"}],"wp:featuredmedia":[{"embeddable":true,"href":"https:\/\/www.happydog-club.com\/ru\/wp-json\/wp\/v2\/media\/3254"}],"wp:attachment":[{"href":"https:\/\/www.happydog-club.com\/ru\/wp-json\/wp\/v2\/media?parent=3224"}],"wp:term":[{"taxonomy":"product_brand","embeddable":true,"href":"https:\/\/www.happydog-club.com\/ru\/wp-json\/wp\/v2\/product_brand?post=3224"},{"taxonomy":"product_cat","embeddable":true,"href":"https:\/\/www.happydog-club.com\/ru\/wp-json\/wp\/v2\/product_cat?post=3224"},{"taxonomy":"product_tag","embeddable":true,"href":"https:\/\/www.happydog-club.com\/ru\/wp-json\/wp\/v2\/product_tag?post=3224"}],"curies":[{"name":"wp","href":"https:\/\/api.w.org\/{rel}","templated":true}]}}