{"id":3225,"date":"2024-11-06T02:50:17","date_gmt":"2024-11-06T01:50:17","guid":{"rendered":"https:\/\/www.happydog-club.com\/?post_type=product&#038;p=3225"},"modified":"2026-05-17T12:00:08","modified_gmt":"2026-05-17T10:00:08","slug":"taste-of-the-wild-adult-canon-divlja-svinja-12-2-kg","status":"publish","type":"product","link":"https:\/\/www.happydog-club.com\/ru\/p\/taste-of-the-wild-adult-canon-divlja-svinja-12-2-kg\/","title":{"rendered":"TW ADULT CANJON DIV.SVINJA 12.2 KG"},"content":{"rendered":"<p>HDC<\/p>","protected":false},"excerpt":{"rendered":"<p>\ud83d\udc3e Divlja svinja, govedina i jagnjetina \u2013 bogat i raznovrstan izvor \u017eivotinjskih proteina<br \/>\n\ud83d\udc3e Grain free receptura \u2013 bez \u017eitarica, glutena i ve\u0161ta\u010dkih aditiva<br \/>\n\ud83d\udc3e Vo\u0107e, povr\u0107e i lekovito bilje \u2013 prirodan izvor vitamina i antioksidanasa<br \/>\n\ud83d\udc3e Probiotici i vlakna \u2013 podr\u017eavaju zdravu crevnu floru i efikasnu probavu<br \/>\n\ud83d\udc3e Pakovanje od 12.2kg \u2013 idealno za srednje i velike pse u redovnoj ishrani<\/p>\n<p>Taste of the Wild Southwest Canyon \u2013 Divlja svinja je izuzetno ukusna i nutritivno bogata hrana za odrasle pse, inspirisana prirodnom ishranom predaka \u2013 sa visokim udelom mesa i bez \u017eitarica.<\/p>\n<p>\ud83d\udc49 Poru\u010dite odmah i pru\u017eite svom psu obrok pun energije, ukusa i zdravlja \u2013 svaki dan!<\/p>","protected":false},"featured_media":3255,"comment_status":"open","ping_status":"closed","template":"","meta":{"_acf_changed":false},"product_brand":[],"product_cat":[30,493],"product_tag":[],"class_list":{"0":"post-3225","1":"product","2":"type-product","3":"status-publish","4":"has-post-thumbnail","6":"product_cat-hrana-za-pse","7":"product_cat-mj-trade","9":"first","10":"instock","11":"taxable","12":"shipping-taxable","13":"purchasable","14":"product-type-simple"},"acf":[],"seolaxy_ctr_woo_product_custom_meta_description_content":"","_links":{"self":[{"href":"https:\/\/www.happydog-club.com\/ru\/wp-json\/wp\/v2\/product\/3225","targetHints":{"allow":["GET"]}}],"collection":[{"href":"https:\/\/www.happydog-club.com\/ru\/wp-json\/wp\/v2\/product"}],"about":[{"href":"https:\/\/www.happydog-club.com\/ru\/wp-json\/wp\/v2\/types\/product"}],"replies":[{"embeddable":true,"href":"https:\/\/www.happydog-club.com\/ru\/wp-json\/wp\/v2\/comments?post=3225"}],"version-history":[{"count":2,"href":"https:\/\/www.happydog-club.com\/ru\/wp-json\/wp\/v2\/product\/3225\/revisions"}],"predecessor-version":[{"id":30446,"href":"https:\/\/www.happydog-club.com\/ru\/wp-json\/wp\/v2\/product\/3225\/revisions\/30446"}],"wp:featuredmedia":[{"embeddable":true,"href":"https:\/\/www.happydog-club.com\/ru\/wp-json\/wp\/v2\/media\/3255"}],"wp:attachment":[{"href":"https:\/\/www.happydog-club.com\/ru\/wp-json\/wp\/v2\/media?parent=3225"}],"wp:term":[{"taxonomy":"product_brand","embeddable":true,"href":"https:\/\/www.happydog-club.com\/ru\/wp-json\/wp\/v2\/product_brand?post=3225"},{"taxonomy":"product_cat","embeddable":true,"href":"https:\/\/www.happydog-club.com\/ru\/wp-json\/wp\/v2\/product_cat?post=3225"},{"taxonomy":"product_tag","embeddable":true,"href":"https:\/\/www.happydog-club.com\/ru\/wp-json\/wp\/v2\/product_tag?post=3225"}],"curies":[{"name":"wp","href":"https:\/\/api.w.org\/{rel}","templated":true}]}}