{"id":3236,"date":"2024-11-06T02:50:17","date_gmt":"2024-11-06T01:50:17","guid":{"rendered":"https:\/\/www.happydog-club.com\/?post_type=product&#038;p=3236"},"modified":"2026-05-17T12:00:21","modified_gmt":"2026-05-17T10:00:21","slug":"hills-medium-adult-senior-vitality-sa-piletinom-14kg","status":"publish","type":"product","link":"https:\/\/www.happydog-club.com\/ru\/p\/hills-medium-adult-senior-vitality-sa-piletinom-14kg\/","title":{"rendered":"HILLS MEDIUM ADULT SENIOR VITALITY SA PILETINOM 14KG"},"content":{"rendered":"<p class=\"\" data-start=\"951\" data-end=\"1248\">Kako psi stare, njihov metabolizam se usporava, ali to ne zna\u010di da moraju da izgube svoju energiju i \u017eivahnost. Hill\u2019s Science Plan Mature Adult 7+ Medium Senior Vitality je pa\u017eljivo razvijena kako bi podr\u017eala mentalnu o\u0161trinu, vitalnost i op\u0161te zdravlje pasa srednje veli\u010dine u poznim godinama.<\/p>\n<p class=\"\" data-start=\"1250\" data-end=\"1439\">Receptura sadr\u017ei visokokvalitetne proteine za o\u010duvanje mi\u0161i\u0107ne mase, omega-3 i omega-6 masne kiseline za zdravlje ko\u017ee i dlake, kao i me\u0161avinu vitamina C i E koji podr\u017eavaju imuni sistem.<\/p>\n<p class=\"\" data-start=\"1441\" data-end=\"1560\">Hrana je lako svarljiva, pogodna za osetljive pse, i sadr\u017ei prirodne sastojke bez ve\u0161ta\u010dkih boja, aroma i konzervanasa.<\/p>\n<p><strong> Sastav<\/strong>: kukuruz, pivski pirina\u010d (24%), piletina (8%) i \u0107ure\u0107e meso (ukupni udeo \u017eivine 13%), zob, varivo, osu\u0161eno celo jaje, biljno ulje, \u017eivotinjska mast, laneno seme, minerali, su\u0161ena pulpa repe, osu\u0161ena \u0161argarepa, osu\u0161ena pulpa paradajza, osu\u0161ena pulpa citrusa, riblje ulje, osu\u0161eni spana\u0107.<\/p>\n<p><strong>Analiti\u010dki sastav<\/strong>: Protein 19,8%, Sadr\u017eaj masti 12,7%, Sirova vlakna 1,6%, Omega-3 masne kiseline 0,8%, Omega-6 masne kiseline 3,6%, Sirovi pepeo 4,9%, Kalcijum 0,82%, Fosfor 0,57%, Natrijum 0,18%, Kalijum 0,73%, Magnezijum 0,08%;<br \/>\n<em>Dodaci po kg<\/em>: Vitamin A 9193 IU, Vitamin D3 928 IU, Vitamin E 1300 mg, Vitamin C 350 mg, Beta-karoten 1,5 mg. Dodaci (po kg)-Prehrambeni dodaci: 3b103 (Gvo\u017e\u0111e) 84,1 mg, 3b202 (Jod) 1,3 mg, 3b405 (Bakar) 8,3 mg, 3b502 (Mangan) 87 mg, 3b603 (Cink) 174 mg, 3b801 (Selen) 0,2 mg.<\/p>\n<h4 class=\"\" data-start=\"1594\" data-end=\"1642\">Preporuka za hranjenje (dnevna koli\u010dina):<\/h4>\n<div class=\"overflow-x-auto contain-inline-size\">\n<table data-start=\"1643\" data-end=\"1857\">\n<thead data-start=\"1643\" data-end=\"1677\">\n<tr data-start=\"1643\" data-end=\"1677\">\n<th data-start=\"1643\" data-end=\"1656\">Te\u017eina psa<\/th>\n<th data-start=\"1656\" data-end=\"1677\">Dnevna koli\u010dina<\/th>\n<\/tr>\n<\/thead>\n<tbody data-start=\"1714\" data-end=\"1857\">\n<tr data-start=\"1714\" data-end=\"1749\">\n<td>11 kg<\/td>\n<td>165 \u2013 230 g<\/td>\n<\/tr>\n<tr data-start=\"1750\" data-end=\"1785\">\n<td>15 kg<\/td>\n<td>215 \u2013 295 g<\/td>\n<\/tr>\n<tr data-start=\"1786\" data-end=\"1821\">\n<td>20 kg<\/td>\n<td>265 \u2013 365 g<\/td>\n<\/tr>\n<tr data-start=\"1822\" data-end=\"1857\">\n<td>25 kg<\/td>\n<td>310 \u2013 430 g<\/td>\n<\/tr>\n<\/tbody>\n<\/table>\n<\/div>\n<p class=\"\" data-start=\"1859\" data-end=\"2052\"><em data-start=\"1859\" data-end=\"2052\">Preporu\u010dene koli\u010dine su okvirne i zavise od aktivnosti, starosti i op\u0161teg stanja psa. Uvek obezbedite sve\u017eu vodu. Preporu\u010duje se konsultacija sa veterinarom kod prelaska na seniorsku ishranu.<\/em><\/p>\n<h4 class=\"\" data-start=\"2054\" data-end=\"2086\">Karakteristike proizvoda:<\/h4>\n<ul data-start=\"2087\" data-end=\"2383\">\n<li class=\"\" data-start=\"2087\" data-end=\"2158\">\n<p class=\"\" data-start=\"2089\" data-end=\"2158\"><strong data-start=\"2089\" data-end=\"2103\">Kategorija<\/strong>: Suva hrana za starije pse srednjih rasa (7+ godina)<\/p>\n<\/li>\n<li class=\"\" data-start=\"2159\" data-end=\"2221\">\n<p class=\"\" data-start=\"2161\" data-end=\"2221\"><strong data-start=\"2161\" data-end=\"2169\">Ukus<\/strong>: Piletina \u2013 prirodna aroma, visoka prihvatljivost<\/p>\n<\/li>\n<li class=\"\" data-start=\"2222\" data-end=\"2307\">\n<p class=\"\" data-start=\"2224\" data-end=\"2307\"><strong data-start=\"2224\" data-end=\"2245\">Specijalna namena<\/strong>: Mentalna budnost, energija, zdravlje organa i mi\u0161i\u0107na masa<\/p>\n<\/li>\n<li class=\"\" data-start=\"2308\" data-end=\"2383\">\n<p class=\"\" data-start=\"2310\" data-end=\"2383\"><strong data-start=\"2310\" data-end=\"2332\">Veli\u010dina pakovanja<\/strong>: 14kg (ekonomi\u010dno pakovanje za redovnu upotrebu)<\/p>\n<\/li>\n<\/ul>\n<p class=\"\" data-start=\"2385\" data-end=\"2435\">\ud83d\udd17 Vi\u0161e informacija o brendu mo\u017eete prona\u0107i\u00a0 <a href=\"https:\/\/www.happydog-club.com\/ru\/c\/veterinarska-apoteka\/medicinska-hrana-za-pse\/\">ovde<\/a><\/p>","protected":false},"excerpt":{"rendered":"<p class=\"\" data-start=\"308\" data-end=\"625\">\ud83d\udc3e Podr\u017eava mentalnu budnost i energiju kod starijih pasa<br data-start=\"365\" data-end=\"368\" \/>\ud83d\udc3e Sa antioksidansima, vitaminima i omega-3 masnim kiselinama<br data-start=\"429\" data-end=\"432\" \/>\ud83d\udc3e Lako svarljiva formula sa piletinom \u2013 odli\u010dna prihvatljivost<br data-start=\"495\" data-end=\"498\" \/>\ud83d\udc3e Poma\u017ee u o\u010duvanju mi\u0161i\u0107ne mase i zdrave telesne te\u017eine<br data-start=\"555\" data-end=\"558\" \/>\ud83d\udc3e Pakovanje od 14kg \u2013 prakti\u010dno i ekonomi\u010dno za redovnu upotrebu<\/p>\n<p class=\"\" data-start=\"627\" data-end=\"849\">Hill&#8217;s Science Plan Senior Vitality namenjena je odraslim psima srednjih rasa (11\u201325 kg) starijim od 7 godina. Formulisana je da uspori znake starenja i omogu\u0107i psima da ostanu aktivni, radoznali i vitalni i u zrelom dobu.<\/p>\n<p class=\"\" data-start=\"851\" data-end=\"933\"><strong data-start=\"851\" data-end=\"933\">Poru\u010dite odmah i pru\u017eite svom psu zdravu i sre\u0107nu starost uz vrhunsku ishranu!<\/strong><\/p>","protected":false},"featured_media":3266,"comment_status":"open","ping_status":"closed","template":"","meta":{"_acf_changed":false},"product_brand":[457],"product_cat":[27,31,49,30],"product_tag":[],"class_list":{"0":"post-3236","1":"product","2":"type-product","3":"status-publish","4":"has-post-thumbnail","6":"product_brand-hills","7":"product_cat-akcija","8":"product_cat-granule-za-pse","9":"product_cat-hills-hrana-za-pse","10":"product_cat-hrana-za-pse","12":"first","13":"instock","14":"taxable","15":"shipping-taxable","16":"purchasable","17":"product-type-simple"},"acf":[],"seolaxy_ctr_woo_product_custom_meta_description_content":"","_links":{"self":[{"href":"https:\/\/www.happydog-club.com\/ru\/wp-json\/wp\/v2\/product\/3236","targetHints":{"allow":["GET"]}}],"collection":[{"href":"https:\/\/www.happydog-club.com\/ru\/wp-json\/wp\/v2\/product"}],"about":[{"href":"https:\/\/www.happydog-club.com\/ru\/wp-json\/wp\/v2\/types\/product"}],"replies":[{"embeddable":true,"href":"https:\/\/www.happydog-club.com\/ru\/wp-json\/wp\/v2\/comments?post=3236"}],"version-history":[{"count":3,"href":"https:\/\/www.happydog-club.com\/ru\/wp-json\/wp\/v2\/product\/3236\/revisions"}],"predecessor-version":[{"id":21080,"href":"https:\/\/www.happydog-club.com\/ru\/wp-json\/wp\/v2\/product\/3236\/revisions\/21080"}],"wp:featuredmedia":[{"embeddable":true,"href":"https:\/\/www.happydog-club.com\/ru\/wp-json\/wp\/v2\/media\/3266"}],"wp:attachment":[{"href":"https:\/\/www.happydog-club.com\/ru\/wp-json\/wp\/v2\/media?parent=3236"}],"wp:term":[{"taxonomy":"product_brand","embeddable":true,"href":"https:\/\/www.happydog-club.com\/ru\/wp-json\/wp\/v2\/product_brand?post=3236"},{"taxonomy":"product_cat","embeddable":true,"href":"https:\/\/www.happydog-club.com\/ru\/wp-json\/wp\/v2\/product_cat?post=3236"},{"taxonomy":"product_tag","embeddable":true,"href":"https:\/\/www.happydog-club.com\/ru\/wp-json\/wp\/v2\/product_tag?post=3236"}],"curies":[{"name":"wp","href":"https:\/\/api.w.org\/{rel}","templated":true}]}}