{"id":3239,"date":"2024-11-06T02:50:17","date_gmt":"2024-11-06T01:50:17","guid":{"rendered":"https:\/\/www.happydog-club.com\/?post_type=product&#038;p=3239"},"modified":"2026-05-17T12:00:23","modified_gmt":"2026-05-17T10:00:23","slug":"josera-adult-za-pse-pacetina-i-krompir-12-5kg","status":"publish","type":"product","link":"https:\/\/www.happydog-club.com\/ru\/p\/josera-adult-za-pse-pacetina-i-krompir-12-5kg\/","title":{"rendered":"JOSERA ADULT ZA PSE PA\u010cETINA I KROMPIR 12.5KG"},"content":{"rendered":"<p>Hrana za odrasle pse. Ne sadr\u017ei \u017eitarice i predstavlja hranu koja spre\u010dava pojave alergije na \u017eitarice. Kao izvor proteina koristi se samo pa\u010dije meso. Hrana je pogodna za ishranu osetljivih pasa. Poseduje smanjen sadr\u017eaj proteina i masti.<\/p>\n<p>Sastav: Krompir 43%, pa\u010detina 25%, \u017eivinska mast, pulpa \u0161e\u0107erne repe, protein iz krompira, bra\u0161no roga\u010da, \u017eivinski protein, kvasac, cikorija u prahu, natrijum hlorid.<\/p>\n<p>Analiti\u010dki sastav: Proteini 24%, masti 14%, sirova vlakna 3.3%, sirovi pepeo 8.1%, kalcijum 1.36%, fosfor 0.9%, natrijum 0.4%, magnezijum 0.1%, kalijum 0.7%.<\/p>\n<p>Vitamini i minerali: Vitamin A 15000 IE\/kg, vitamin D3 1500 IE\/kg, vitamin E 190 mg\/kg, vitamin B1 10 mg\/kg, vitamin B2 15 mg\/kg, vitamin B6 15 mg\/kg, vitamin B12 90 mg\/kg, pantotenska kiselina 40 mg\/kg, folna kiselina 4 mg\/kg, biotin 800 mg\/kg, gvo\u017e\u0111e 180 mg\/kg, cink 160 mg\/kg, mangan 16 mg\/kg, bakar 20 mg\/kg, jod 2 mg\/kg, selen 0.25 mg\/kg.<\/p>","protected":false},"excerpt":{"rendered":"<p>\ud83d\udc3e Pa\u010detina \u2013 lako svarljiv i hipoalergen izvor proteina, odli\u010dan za izbirljive pse<br \/>\n\ud83d\udc3e Krompir \u2013 blagi izvor ugljenih hidrata, idealan za varenje i stabilnu energiju<br \/>\n\ud83d\udc3e Bez \u017eitarica, p\u0161enice i soje \u2013 pogodno za pse sa intolerancijama i alergijama<br \/>\n\ud83d\udc3e Omega-3 i omega-6 masne kiseline \u2013 za zdravu ko\u017eu i sjajnu dlaku<br \/>\n\ud83d\udc3e Pakovanje od 12.5kg \u2013 odli\u010dan izbor za redovnu ishranu pasa srednjih i velikih rasa<\/p>\n<p>Josera Pa\u010detina i krompir je superpremium hrana za odrasle pse svih rasa, pa\u017eljivo formulisana za pse sa osetljivim digestivnim sistemom, kao i one koji u\u017eivaju u bogatom ukusu, ali zahtevaju laganu ishranu.<\/p>\n<p>\ud83d\udc49 Poru\u010dite odmah i obezbedite svom psu ukusan, izbalansiran i prirodan obrok svaki dan!<\/p>","protected":false},"featured_media":3269,"comment_status":"open","ping_status":"closed","template":"","meta":{"_acf_changed":false},"product_brand":[447],"product_cat":[27,31,30,34],"product_tag":[],"class_list":{"0":"post-3239","1":"product","2":"type-product","3":"status-publish","4":"has-post-thumbnail","6":"product_brand-josera","7":"product_cat-akcija","8":"product_cat-granule-za-pse","9":"product_cat-hrana-za-pse","10":"product_cat-josera-hrana-za-pse","12":"first","13":"instock","14":"taxable","15":"shipping-taxable","16":"purchasable","17":"product-type-simple"},"acf":[],"seolaxy_ctr_woo_product_custom_meta_description_content":"","_links":{"self":[{"href":"https:\/\/www.happydog-club.com\/ru\/wp-json\/wp\/v2\/product\/3239","targetHints":{"allow":["GET"]}}],"collection":[{"href":"https:\/\/www.happydog-club.com\/ru\/wp-json\/wp\/v2\/product"}],"about":[{"href":"https:\/\/www.happydog-club.com\/ru\/wp-json\/wp\/v2\/types\/product"}],"replies":[{"embeddable":true,"href":"https:\/\/www.happydog-club.com\/ru\/wp-json\/wp\/v2\/comments?post=3239"}],"version-history":[{"count":2,"href":"https:\/\/www.happydog-club.com\/ru\/wp-json\/wp\/v2\/product\/3239\/revisions"}],"predecessor-version":[{"id":23528,"href":"https:\/\/www.happydog-club.com\/ru\/wp-json\/wp\/v2\/product\/3239\/revisions\/23528"}],"wp:featuredmedia":[{"embeddable":true,"href":"https:\/\/www.happydog-club.com\/ru\/wp-json\/wp\/v2\/media\/3269"}],"wp:attachment":[{"href":"https:\/\/www.happydog-club.com\/ru\/wp-json\/wp\/v2\/media?parent=3239"}],"wp:term":[{"taxonomy":"product_brand","embeddable":true,"href":"https:\/\/www.happydog-club.com\/ru\/wp-json\/wp\/v2\/product_brand?post=3239"},{"taxonomy":"product_cat","embeddable":true,"href":"https:\/\/www.happydog-club.com\/ru\/wp-json\/wp\/v2\/product_cat?post=3239"},{"taxonomy":"product_tag","embeddable":true,"href":"https:\/\/www.happydog-club.com\/ru\/wp-json\/wp\/v2\/product_tag?post=3239"}],"curies":[{"name":"wp","href":"https:\/\/api.w.org\/{rel}","templated":true}]}}