{"id":345,"date":"2024-11-06T02:45:45","date_gmt":"2024-11-06T01:45:45","guid":{"rendered":"https:\/\/www.happydog-club.com\/?post_type=product&#038;p=345"},"modified":"2026-05-17T12:00:05","modified_gmt":"2026-05-17T10:00:05","slug":"nd-prime-feline-piletina-i-nar-bez-zitarica-1-5kg","status":"publish","type":"product","link":"https:\/\/www.happydog-club.com\/ru\/p\/nd-prime-feline-piletina-i-nar-bez-zitarica-1-5kg\/","title":{"rendered":"ND GF CAT 1,5 KG PILETINA+NAR"},"content":{"rendered":"<p>HDC<\/p>","protected":false},"excerpt":{"rendered":"<p>\ud83d\udc3e Sve\u017ea piletina \u2013 ukusan i lako svarljiv protein za o\u010duvanje mi\u0161i\u0107ne mase<br \/>\n\ud83d\udc3e Nar \u2013 prirodan antioksidans za ja\u010di imunitet i zdrav mokra\u0107ni trakt<br \/>\n\ud83d\udc3e Grain free formula \u2013 bez \u017eitarica, glutena i GMO sastojaka<br \/>\n\ud83d\udc3e Prilago\u0111en nivo masti i kalorija \u2013 podr\u017eava zdravu telesnu te\u017einu nakon sterilizacije<br \/>\n\ud83d\udc3e Pakovanje od 1.5kg \u2013 idealno za svakodnevnu ishranu i dugotrajan balans<\/p>\n<p>N&amp;D Prime Feline Neutered \u2013 Piletina i Nar je pa\u017eljivo formulisana hrana za sterilisane ma\u010dke, koje imaju sporiji metabolizam i ve\u0107u potrebu za kontrolom te\u017eine, bez kompromisa po pitanju kvaliteta i ukusa.<\/p>\n<p>\ud83d\udc49 Poru\u010dite odmah i obezbedite svojoj ma\u010dki prirodan, ukusan i funkcionalan obrok \u2013 svakog dana!<\/p>\n<p>&nbsp;<\/p>","protected":false},"featured_media":16552,"comment_status":"open","ping_status":"closed","template":"","meta":{"_acf_changed":false},"product_brand":[],"product_cat":[485,494],"product_tag":[],"class_list":{"0":"post-345","1":"product","2":"type-product","3":"status-publish","4":"has-post-thumbnail","6":"product_cat-hrana-za-mace","7":"product_cat-plus-plus","9":"first","10":"instock","11":"purchasable","12":"product-type-simple"},"acf":[],"seolaxy_ctr_woo_product_custom_meta_description_content":"","_links":{"self":[{"href":"https:\/\/www.happydog-club.com\/ru\/wp-json\/wp\/v2\/product\/345","targetHints":{"allow":["GET"]}}],"collection":[{"href":"https:\/\/www.happydog-club.com\/ru\/wp-json\/wp\/v2\/product"}],"about":[{"href":"https:\/\/www.happydog-club.com\/ru\/wp-json\/wp\/v2\/types\/product"}],"replies":[{"embeddable":true,"href":"https:\/\/www.happydog-club.com\/ru\/wp-json\/wp\/v2\/comments?post=345"}],"version-history":[{"count":4,"href":"https:\/\/www.happydog-club.com\/ru\/wp-json\/wp\/v2\/product\/345\/revisions"}],"predecessor-version":[{"id":27242,"href":"https:\/\/www.happydog-club.com\/ru\/wp-json\/wp\/v2\/product\/345\/revisions\/27242"}],"wp:featuredmedia":[{"embeddable":true,"href":"https:\/\/www.happydog-club.com\/ru\/wp-json\/wp\/v2\/media\/16552"}],"wp:attachment":[{"href":"https:\/\/www.happydog-club.com\/ru\/wp-json\/wp\/v2\/media?parent=345"}],"wp:term":[{"taxonomy":"product_brand","embeddable":true,"href":"https:\/\/www.happydog-club.com\/ru\/wp-json\/wp\/v2\/product_brand?post=345"},{"taxonomy":"product_cat","embeddable":true,"href":"https:\/\/www.happydog-club.com\/ru\/wp-json\/wp\/v2\/product_cat?post=345"},{"taxonomy":"product_tag","embeddable":true,"href":"https:\/\/www.happydog-club.com\/ru\/wp-json\/wp\/v2\/product_tag?post=345"}],"curies":[{"name":"wp","href":"https:\/\/api.w.org\/{rel}","templated":true}]}}