{"id":3466,"date":"2024-11-06T02:50:48","date_gmt":"2024-11-06T01:50:48","guid":{"rendered":"https:\/\/www.happydog-club.com\/?post_type=product&#038;p=3466"},"modified":"2026-05-17T00:00:20","modified_gmt":"2026-05-16T22:00:20","slug":"trainer-mini-adult-sunka-7kg","status":"publish","type":"product","link":"https:\/\/www.happydog-club.com\/ru\/p\/trainer-mini-adult-sunka-7kg\/","title":{"rendered":"TRAINER MINI ADULT \u0160UNKA 7KG"},"content":{"rendered":"<p>Trainer Natural Mini Adult \u0160unka je potpuna suva hrana za odrasle pse malih rasa (do 10 kg). Formulisana sa \u0161unkom kao glavnim izvorom proteina, ova hrana nudi izuzetan ukus i visoku podno\u0161ljivost, \u010dak i kod izbirljivih pasa.<\/p>\n<p>Granule su veli\u010dinom i strukturom prilago\u0111ene malim \u010deljustima, olak\u0161avaju\u0107i \u017evakanje i varenje. Dodatak suvih jabuka, pivskog kvasca i omega-3 masnih kiselina doprinosi zdravlju ko\u017ee i dlake, dok ekstrakt \u010daja i minerali poma\u017eu u o\u010duvanju oralne higijene.<\/p>\n<p>Hrana je bez dodatka p\u0161enice, ve\u0161ta\u010dkih boja i konzervansa \u2013 za prirodnu i bezbednu ishranu.<\/p>\n<p><strong>Sastav<\/strong>: Dehidrirani proteini piletine i c\u0301uretine, kukuruz, kukuruzno bra\u0161no \u201efioretto\u201c, sve\u017ee meso piletine i c\u0301uretine 10%, pirina\u010d 10%, \u017eivotinjske masti, hidrolizat \u017eivotinjskih proteina, dehidrirani 100% italijanski suvo su\u0161eni proteini \u0161unke 4%, pulpa repe, seme lana , kukuruzni gluten, autolizat kvasca, dehidrirani riblji proteini, minerali, MOS (manan-oligosaharidi), su\u0161eni ekstrakt cikorije, vlakna gra\u0161ka, FOS (frukto-oligosaharidi), su\u0161eni ekstrakt iucca schidigera 0,025%, spirulina (Arthrospira platensis) 0,02% , ekstrakt su\u0161enog agruma (bioflavonoidi) 0,006%, ekstrakt su\u0161ene jabuke 0,003%. Nutritivni dodaci: vitamin A 26.000 UI, vitamin D3 1.350 UI, vitamin E 355 mg, vitamin C 100 mg, holin hlorid 1.200 mg, bakar sulfat pentahidrat 50 mg (bakar 12,5 mg), gvo\u017e\u0111e karbonat 395 mg (gvo\u017e\u0111e 150 mg) , kalcijum jodat, bezvodni 25 mg (jod 2,5 mg), natrijum selenit 20 mg (selen 0,2 mg), cinkov oksid 265 mg (cink 195 mg), manganov oksid 55 mg (mangan 35 mg)., Tehnolo\u0161ki aditivi : klinoptilolit sedimentnog porekla 5.200 mg. Vlaga 8%, sirovi proteini 27%, sirova ulja i masti 15,5%, sirova vlakna 1,9%, sirovi pepeo 6,7%, kalcijum 1,1%, fosfor 0,9%, Omega 3 masne kiseline 0, 8%, Omega 6 masne kiseline 2,5%.<\/p>\n<p class=\"\" data-start=\"1556\" data-end=\"1601\"><strong data-start=\"1556\" data-end=\"1601\">Preporuka za hranjenje (dnevna koli\u010dina):<\/strong><\/p>\n<div class=\"overflow-x-auto contain-inline-size\">\n<table data-start=\"1603\" data-end=\"1781\">\n<thead data-start=\"1603\" data-end=\"1631\">\n<tr data-start=\"1603\" data-end=\"1631\">\n<th data-start=\"1603\" data-end=\"1616\">Te\u017eina psa<\/th>\n<th data-start=\"1616\" data-end=\"1631\">Dnevna doza<\/th>\n<\/tr>\n<\/thead>\n<tbody data-start=\"1662\" data-end=\"1781\">\n<tr data-start=\"1662\" data-end=\"1691\">\n<td>2\u20133 kg<\/td>\n<td>45\u201365 g<\/td>\n<\/tr>\n<tr data-start=\"1692\" data-end=\"1721\">\n<td>4\u20135 kg<\/td>\n<td>75\u201395 g<\/td>\n<\/tr>\n<tr data-start=\"1722\" data-end=\"1751\">\n<td>6\u20137 kg<\/td>\n<td>105\u2013120 g<\/td>\n<\/tr>\n<tr data-start=\"1752\" data-end=\"1781\">\n<td>8\u201310 kg<\/td>\n<td>135\u2013160 g<\/td>\n<\/tr>\n<\/tbody>\n<\/table>\n<\/div>\n<p class=\"\" data-start=\"1783\" data-end=\"1912\"><em data-start=\"1783\" data-end=\"1912\">Koli\u010dine su okvirne. Prilagodite ih u skladu sa staro\u0161\u0107u, aktivno\u0161\u0107u i individualnim potrebama psa. Uvek obezbedite sve\u017eu vodu.<\/em><\/p>\n<p><strong>Karakteristike proizvoda:<\/strong><br \/>\nKategorija: Suva hrana za odrasle pse malih rasa<br \/>\nUkus: \u0160unka<br \/>\nSpecijalna namena: Dnevna ishrana, podr\u0161ka varenju, ko\u017ei i zubima<br \/>\nVeli\u010dina pakovanja: 7kg (prakti\u010dno pakovanje za svakodnevnu upotrebu)<\/p>\n<p>\ud83d\udd17 Vi\u0161e informacija o brendu mo\u017eete prona\u0107i <a href=\"https:\/\/www.happydog-club.com\/ru\/c\/brendovi\/trainer-hrana-za-pse\/\">ovde<\/a><\/p>\n<p>&nbsp;<\/p>\n<p data-start=\"1783\" data-end=\"1912\">\n<p>&nbsp;<\/p>","protected":false},"excerpt":{"rendered":"<p>\ud83d\udc3e <strong>\u0160unka kao glavni izvor proteina \u2013 odli\u010dna prihvatljivost i bogat ukus<\/strong><br \/>\n<strong>\ud83d\udc3e Prilago\u0111ene granule \u2013 idealne za male pse i lake za \u017evakanje<\/strong><br \/>\n<strong>\ud83d\udc3e Podr\u0161ka varenju, ko\u017ei i imunitetu zahvaljuju\u0107i biljnim ekstraktima i omega-3<\/strong><br \/>\n<strong>\ud83d\udc3e Bez dodatka ve\u0161ta\u010dkih boja i konzervansa<\/strong><br \/>\n\ud83d\udce6 Pakovanje od 7kg \u2013 prakti\u010dno re\u0161enje za svakodnevnu, stabilnu ishranu<\/p>\n<p>Psi malih rasa su \u010desto zahtevni kada je u pitanju ukus hrane. Trainer Mini Adult sa \u0161unkom donosi savr\u0161eni balans ukusa i nutritivne vrednosti, uz dodatke koji \u010duvaju zdravlje va\u0161eg psa iznutra i spolja.<\/p>\n<p><strong>Poru\u010dite odmah i obezbedite svom psu obrok koji \u0107e rado jesti svaki dan!<\/strong><\/p>","protected":false},"featured_media":17396,"comment_status":"open","ping_status":"closed","template":"","meta":{"_acf_changed":false},"product_brand":[],"product_cat":[27,31,30,71],"product_tag":[],"class_list":{"0":"post-3466","1":"product","2":"type-product","3":"status-publish","4":"has-post-thumbnail","6":"product_cat-akcija","7":"product_cat-granule-za-pse","8":"product_cat-hrana-za-pse","9":"product_cat-trainer-hrana-za-pse","11":"first","12":"instock","13":"taxable","14":"shipping-taxable","15":"purchasable","16":"product-type-simple"},"acf":[],"seolaxy_ctr_woo_product_custom_meta_description_content":"","_links":{"self":[{"href":"https:\/\/www.happydog-club.com\/ru\/wp-json\/wp\/v2\/product\/3466","targetHints":{"allow":["GET"]}}],"collection":[{"href":"https:\/\/www.happydog-club.com\/ru\/wp-json\/wp\/v2\/product"}],"about":[{"href":"https:\/\/www.happydog-club.com\/ru\/wp-json\/wp\/v2\/types\/product"}],"replies":[{"embeddable":true,"href":"https:\/\/www.happydog-club.com\/ru\/wp-json\/wp\/v2\/comments?post=3466"}],"version-history":[{"count":2,"href":"https:\/\/www.happydog-club.com\/ru\/wp-json\/wp\/v2\/product\/3466\/revisions"}],"predecessor-version":[{"id":20996,"href":"https:\/\/www.happydog-club.com\/ru\/wp-json\/wp\/v2\/product\/3466\/revisions\/20996"}],"wp:featuredmedia":[{"embeddable":true,"href":"https:\/\/www.happydog-club.com\/ru\/wp-json\/wp\/v2\/media\/17396"}],"wp:attachment":[{"href":"https:\/\/www.happydog-club.com\/ru\/wp-json\/wp\/v2\/media?parent=3466"}],"wp:term":[{"taxonomy":"product_brand","embeddable":true,"href":"https:\/\/www.happydog-club.com\/ru\/wp-json\/wp\/v2\/product_brand?post=3466"},{"taxonomy":"product_cat","embeddable":true,"href":"https:\/\/www.happydog-club.com\/ru\/wp-json\/wp\/v2\/product_cat?post=3466"},{"taxonomy":"product_tag","embeddable":true,"href":"https:\/\/www.happydog-club.com\/ru\/wp-json\/wp\/v2\/product_tag?post=3466"}],"curies":[{"name":"wp","href":"https:\/\/api.w.org\/{rel}","templated":true}]}}