{"id":3476,"date":"2024-11-06T02:50:48","date_gmt":"2024-11-06T01:50:48","guid":{"rendered":"https:\/\/www.happydog-club.com\/?post_type=product&#038;p=3476"},"modified":"2026-05-17T12:00:23","modified_gmt":"2026-05-17T10:00:23","slug":"superior-care-za-bele-pse-all-breed-puppy-bela-riba-10kg","status":"publish","type":"product","link":"https:\/\/www.happydog-club.com\/ru\/p\/superior-care-za-bele-pse-all-breed-puppy-bela-riba-10kg\/","title":{"rendered":"SUPERIOR CARE ZA BELE PSE ALL BREED PUPPY BELA RIBA 10KG"},"content":{"rendered":"<p class=\"\" data-start=\"908\" data-end=\"1276\"><strong>Superior Care All Breed Puppy Bela Riba<\/strong> je kompletna suva hrana za \u0161tence svih rasa sa belom dlakom, od 1. meseca starosti. Pravilna ishrana u periodu rasta direktno uti\u010de na razvoj kostiju, zglobova, mozga i imunog sistema. Ova formula koristi <strong data-start=\"1153\" data-end=\"1166\">belu ribu<\/strong> kao visokokvalitetan i lako svarljiv izvor proteina koji ne izaziva crvenilo, svrab niti alergijske reakcije.<\/p>\n<p class=\"\" data-start=\"1278\" data-end=\"1551\">Bez dodatih boja, bez \u017eitarica i bez glutena, hrana je idealna za \u0161tence osetljivog stomaka. Dodaci poput DHA, omega-3 masnih kiselina, kalcijuma i vitamina D poma\u017eu u razvoju mozga, vida i \u010dvrstine kostiju, dok biotin i cink doprinose zdravoj ko\u017ei i beloj dlaci bez mrlja.<\/p>\n<p class=\"\" data-start=\"1553\" data-end=\"1703\">Ova hrana se mo\u017ee koristiti i tokom ranih faza tranzicije na \u010dvrstu hranu \u2013 mo\u017ee se nakvasiti toplom vodom radi lak\u0161eg prihvatanja kod mla\u0111ih \u0161tenaca.<\/p>\n<p><strong>Sastav<\/strong>: bela riba 42% (su\u0161ena i fino mlevena), pulpa su\u0161enog krompira, batat, gra\u0161ak, \u017eivinska mast, bra\u0161no od krila (min. 4%), pulpa \u0161ec\u0301erne repe, lososovo ulje, dinami\u010dki mikronizovani klinoptilolit (1%), laneno seme, fruktooligosaharidi (FOS), mojave juka, zeleni \u010daj, su\u0161eni neven (izvor luteina).<\/p>\n<p>Dodaci po 1kg proizvoda: vitamin A (3a672a) \u2013 18000 IU, vitamin D3 (3a671)* \u2013 1500 IU, vitamin E (3a700) \u2013 530 mg, folna kiselina (3a316) \u2013 1 mg, biotin (3a880) \u2013 0,1 mg, gvo\u017e\u0111e(II) sulfat monohidrat (3b103) \u2013 50 mg, kalcijum jodat bezvodni (3b202) \u2013 1,5 mg, bakar(II) sulfat pentahidrat (3b405) \u2013 5 mg, mangan sulfat monohidrat (3b503) 20 mg, cink sulfat monohidrat (3b605) \u2013 115 mg, natrijum selenit (3b801) \u2013 0,1 mg. Tehnolo\u0161ki dodaci: ekstrakt ruzmarina, ekstrakti tokoferola iz biljnih ulja (1b306(i)).<\/p>\n<p>Nije dozvoljena istovremena upotreba sa vitaminom D2.<\/p>\n<p>Analiti\u010dki sastav: sirovi proteini \u2013 26%, sirova vlakna \u2013 3,5%, sirove masti \u2013 15%, sirovi pepeo \u2013 9%, kalcijum \u2013 1,2%, fosfor \u2013 0,9%, kalijum \u2013 0,6%, natrijum \u2013 0,4%, Omega-3 masne kiseline \u2013 0,68%, Omega-6 masne kiseline \u2013 2,81%.<\/p>\n<p class=\"\" data-start=\"1737\" data-end=\"1784\"><strong data-start=\"1737\" data-end=\"1782\">Preporuka za hranjenje (dnevna koli\u010dina):<\/strong><\/p>\n<div class=\"overflow-x-auto contain-inline-size\">\n<table data-start=\"1785\" data-end=\"2168\">\n<thead data-start=\"1785\" data-end=\"1848\">\n<tr data-start=\"1785\" data-end=\"1848\">\n<th data-start=\"1785\" data-end=\"1802\">Te\u017eina \u0161teneta<\/th>\n<th data-start=\"1802\" data-end=\"1813\">2 meseca<\/th>\n<th data-start=\"1813\" data-end=\"1824\">4 meseca<\/th>\n<th data-start=\"1824\" data-end=\"1835\">6 meseci<\/th>\n<th data-start=\"1835\" data-end=\"1848\">12 meseci<\/th>\n<\/tr>\n<\/thead>\n<tbody data-start=\"1913\" data-end=\"2168\">\n<tr data-start=\"1913\" data-end=\"1976\">\n<td>2 kg<\/td>\n<td>50 g<\/td>\n<td>55 g<\/td>\n<td>60 g<\/td>\n<td>60 g<\/td>\n<\/tr>\n<tr data-start=\"1977\" data-end=\"2040\">\n<td>5 kg<\/td>\n<td>100 g<\/td>\n<td>110 g<\/td>\n<td>120 g<\/td>\n<td>115 g<\/td>\n<\/tr>\n<tr data-start=\"2041\" data-end=\"2104\">\n<td>10 kg<\/td>\n<td>170 g<\/td>\n<td>190 g<\/td>\n<td>210 g<\/td>\n<td>200 g<\/td>\n<\/tr>\n<tr data-start=\"2105\" data-end=\"2168\">\n<td>20 kg<\/td>\n<td>280 g<\/td>\n<td>310 g<\/td>\n<td>340 g<\/td>\n<td>320 g<\/td>\n<\/tr>\n<\/tbody>\n<\/table>\n<\/div>\n<p class=\"\" data-start=\"2170\" data-end=\"2321\"><em data-start=\"2170\" data-end=\"2321\">Koli\u010dine su okvirne. Pratite preporuku veterinara i prilagodite obrocima u skladu sa staro\u0161\u0107u, aktivno\u0161\u0107u i razvojem psa. Uvek obezbedite sve\u017eu vodu.<\/em><\/p>\n<p class=\"\" data-start=\"2328\" data-end=\"2358\"><strong data-start=\"2328\" data-end=\"2356\">Karakteristike proizvoda<\/strong><\/p>\n<ul data-start=\"2359\" data-end=\"2677\">\n<li class=\"\" data-start=\"2359\" data-end=\"2410\">\n<p class=\"\" data-start=\"2361\" data-end=\"2410\"><strong data-start=\"2361\" data-end=\"2376\">Kategorija:<\/strong> Suva hrana za \u0161tence bele dlake<\/p>\n<\/li>\n<li class=\"\" data-start=\"2411\" data-end=\"2458\">\n<p class=\"\" data-start=\"2413\" data-end=\"2458\"><strong data-start=\"2413\" data-end=\"2422\">Ukus:<\/strong> Bela riba (visoka prihvatljivost)<\/p>\n<\/li>\n<li class=\"\" data-start=\"2459\" data-end=\"2550\">\n<p class=\"\" data-start=\"2461\" data-end=\"2550\"><strong data-start=\"2461\" data-end=\"2483\">Specijalna namena:<\/strong> Podr\u0161ka rastu i razvoju, \u010dista bela dlaka, bez mrlja ispod o\u010diju<\/p>\n<\/li>\n<li class=\"\" data-start=\"2593\" data-end=\"2677\">\n<p class=\"\" data-start=\"2595\" data-end=\"2677\"><strong data-start=\"2595\" data-end=\"2609\">Pakovanje:<\/strong> 10kg \u2013 idealno za svakodnevnu ishranu tokom \u010ditavog perioda rasta<\/p>\n<\/li>\n<\/ul>\n<p class=\"\" data-start=\"2679\" data-end=\"2732\">\ud83d\udd17 Vi\u0161e informacija o brendu mo\u017eete prona\u0107i <a class=\"\" href=\"https:\/\/www.happydog-club.com\/ru\/c\/brendovi\/natures-protection\/superior-care-hrana-za-pse\/\" rel=\"noopener\" data-start=\"2723\" data-end=\"2732\">ovde<\/a><\/p>\n<p>&nbsp;<\/p>","protected":false},"excerpt":{"rendered":"<p class=\"\" data-start=\"71\" data-end=\"520\">\ud83d\udc3eFormulisano za \u0161tence bele dlake \u2013 bez mrlja oko o\u010diju<br data-start=\"236\" data-end=\"239\" \/>\ud83d\udc3eBela riba kao glavni izvor proteina \u2013 visoka svarljivost i minimalan rizik od alergija<br data-start=\"325\" data-end=\"328\" \/>\ud83d\udc3ePodr\u017eava pravilan razvoj kostiju, imuniteta i ko\u017ee<br data-start=\"378\" data-end=\"381\" \/>\ud83d\udc3eBez \u017eitarica i ve\u0161ta\u010dkih boja \u2013 \u010dista ishrana od prvog dana<br data-start=\"440\" data-end=\"443\" \/>Veliko pakovanje od 10kg \u2013 prakti\u010dno i isplativo re\u0161enje za period rasta \ud83d\udc3e<\/p>\n<p class=\"\" data-start=\"522\" data-end=\"790\">Ako imate \u0161tene bele rase, znate koliko je va\u017ena pravilna ishrana u prvim mesecima. <strong data-start=\"606\" data-end=\"639\">Superior Care Puppy Bela Riba<\/strong> je posebno kreirana za \u0161tence bele dlake, sa pa\u017eljivo biranim sastojcima koji podr\u017eavaju rast, razvoj i o\u010duvanje \u010distog izgleda bez mrlja ispod o\u010diju.<\/p>\n<p class=\"\" data-start=\"792\" data-end=\"890\"><strong data-start=\"792\" data-end=\"890\">Poru\u010dite odmah i obezbedite svom \u0161tenetu savr\u0161en start uz sigurnu i nutritivno bogatu ishranu!<\/strong><\/p>","protected":false},"featured_media":17729,"comment_status":"open","ping_status":"closed","template":"","meta":{"_acf_changed":false},"product_brand":[],"product_cat":[27,31,30,83],"product_tag":[],"class_list":{"0":"post-3476","1":"product","2":"type-product","3":"status-publish","4":"has-post-thumbnail","6":"product_cat-akcija","7":"product_cat-granule-za-pse","8":"product_cat-hrana-za-pse","9":"product_cat-superior-care-hrana-za-pse","11":"first","12":"instock","13":"taxable","14":"shipping-taxable","15":"purchasable","16":"product-type-simple"},"acf":[],"seolaxy_ctr_woo_product_custom_meta_description_content":"","_links":{"self":[{"href":"https:\/\/www.happydog-club.com\/ru\/wp-json\/wp\/v2\/product\/3476","targetHints":{"allow":["GET"]}}],"collection":[{"href":"https:\/\/www.happydog-club.com\/ru\/wp-json\/wp\/v2\/product"}],"about":[{"href":"https:\/\/www.happydog-club.com\/ru\/wp-json\/wp\/v2\/types\/product"}],"replies":[{"embeddable":true,"href":"https:\/\/www.happydog-club.com\/ru\/wp-json\/wp\/v2\/comments?post=3476"}],"version-history":[{"count":2,"href":"https:\/\/www.happydog-club.com\/ru\/wp-json\/wp\/v2\/product\/3476\/revisions"}],"predecessor-version":[{"id":21006,"href":"https:\/\/www.happydog-club.com\/ru\/wp-json\/wp\/v2\/product\/3476\/revisions\/21006"}],"wp:featuredmedia":[{"embeddable":true,"href":"https:\/\/www.happydog-club.com\/ru\/wp-json\/wp\/v2\/media\/17729"}],"wp:attachment":[{"href":"https:\/\/www.happydog-club.com\/ru\/wp-json\/wp\/v2\/media?parent=3476"}],"wp:term":[{"taxonomy":"product_brand","embeddable":true,"href":"https:\/\/www.happydog-club.com\/ru\/wp-json\/wp\/v2\/product_brand?post=3476"},{"taxonomy":"product_cat","embeddable":true,"href":"https:\/\/www.happydog-club.com\/ru\/wp-json\/wp\/v2\/product_cat?post=3476"},{"taxonomy":"product_tag","embeddable":true,"href":"https:\/\/www.happydog-club.com\/ru\/wp-json\/wp\/v2\/product_tag?post=3476"}],"curies":[{"name":"wp","href":"https:\/\/api.w.org\/{rel}","templated":true}]}}